{"id":21532,"date":"2022-06-16T13:46:10","date_gmt":"2022-06-16T11:46:10","guid":{"rendered":"https:\/\/www.raschvin.com\/vare\/kopke-classic-2\/"},"modified":"2022-11-22T13:01:33","modified_gmt":"2022-11-22T12:01:33","slug":"kopke-classic-2","status":"publish","type":"product","link":"https:\/\/www.raschvin.com\/sv\/produkt\/kopke-classic-2\/","title":{"rendered":"Kopke Port &#8211; Fine Tawny 75 cl. 19,5%"},"content":{"rendered":"<p>Kopkes tawnies \u00e4r legendariska, s\u00e4rskilt de blandade tawniesna med en \u00e5ldersindikation och inte minst tillh\u00f6r Kopkes colheitas till superliga.<\/p>\n<p>Kopke Fine Tawny \u00e4r basportvinet, tillverkat av utvalda blandningar fr\u00e5n flera olika partier i Douro Superior och Cima Corgo och efter vinning som har lagrats i 4-7 \u00e5r p\u00e5 k\u00e4rl av varierande storlek, d\u00e4r mognaden k\u00e4nnetecknar vinet och l\u00e4gger till dess distinkta och aromatisk karakt\u00e4r.<\/p>\n<p>Kopkes gulbruna \u00e4r t\u00e4tt mahogny f\u00e4rgad med r\u00f6da reflektorer. Arom och smak har nyanser av rostade n\u00f6tter, inlagd apelsin, katrinplommon och russin med en aning julkryddor. Smaken har en v\u00e4lbalanserad s\u00f6tma som balanserar syra och alkohol, s\u00e5 att det hela verkar som extremt harmoniskt och utan \u00f6verdriven s\u00f6tma. Eftersmaken har en bra l\u00e4ngd och \u00e4r utan sammandragande garvsyra.<\/p>\n<p>\u00c5tnj\u00f6t med n\u00f6tinspirerade desserter, h\u00e5rda ostar, glaset f\u00f6r tidigt eller som slutet p\u00e5 en fantastisk m\u00e5ltid.<\/p>\n<p>Rekommenderad serveringstemperatur \u00e4r ca. 14-16 \u00b0.<\/p>\n<p>Kom ih\u00e5g att anv\u00e4nda ett bra vitt vinglas till portvin. De traditionella portvinsglasen i skottglasstorlek passar inte, men \u00e4r anakronismer som m\u00e5ste pensioneras. Det m\u00e5ste finnas utrymme f\u00f6r vinet och att sl\u00e4nga det i glaset s\u00e5 att dess aromer kan utvecklas.<\/p>\n","protected":false},"excerpt":{"rendered":"<p>Douro Valley Port<\/p>\n","protected":false},"featured_media":17669,"template":"","meta":{"_acf_changed":false,"rs_blank_template":"","rs_page_bg_color":"","slide_template_v7":""},"product_brand":[],"product_cat":[2765,4731,2772],"product_tag":[],"class_list":{"0":"post-21532","1":"product","2":"type-product","3":"status-publish","4":"has-post-thumbnail","6":"product_cat-hedvin-sv","7":"product_cat-fine-tawny-sv","8":"product_cat-hamn","9":"pa_drue-donzelinho-branco-sv-2","10":"pa_drue-gouveio-sv","11":"pa_drue-rabigato-sv","12":"pa_land-portugal-sv","13":"pa_procent-19-5-sv","14":"pa_producent-kopke-sv","15":"pa_region-duriense-porto-sv","16":"pa_serveringstemperatur-14-16-sv","17":"pa_volume-75-sv","19":"first","20":"instock","21":"taxable","22":"shipping-taxable","23":"purchasable","24":"product-type-simple"},"bundled_by":[],"bundle_stock_status":"instock","bundle_stock_quantity":null,"bundle_virtual":false,"bundle_layout":"","bundle_add_to_cart_form_location":"","bundle_editable_in_cart":false,"bundle_sold_individually_context":"","bundle_item_grouping":"","bundle_min_size":"","bundle_max_size":"","bundle_price":[],"bundled_items":[],"bundle_sell_ids":[],"acf":[],"_links":{"self":[{"href":"https:\/\/www.raschvin.com\/sv\/wp-json\/wp\/v2\/product\/21532","targetHints":{"allow":["GET"]}}],"collection":[{"href":"https:\/\/www.raschvin.com\/sv\/wp-json\/wp\/v2\/product"}],"about":[{"href":"https:\/\/www.raschvin.com\/sv\/wp-json\/wp\/v2\/types\/product"}],"wp:featuredmedia":[{"embeddable":true,"href":"https:\/\/www.raschvin.com\/sv\/wp-json\/wp\/v2\/media\/17669"}],"wp:attachment":[{"href":"https:\/\/www.raschvin.com\/sv\/wp-json\/wp\/v2\/media?parent=21532"}],"wp:term":[{"taxonomy":"product_brand","embeddable":true,"href":"https:\/\/www.raschvin.com\/sv\/wp-json\/wp\/v2\/product_brand?post=21532"},{"taxonomy":"product_cat","embeddable":true,"href":"https:\/\/www.raschvin.com\/sv\/wp-json\/wp\/v2\/product_cat?post=21532"},{"taxonomy":"product_tag","embeddable":true,"href":"https:\/\/www.raschvin.com\/sv\/wp-json\/wp\/v2\/product_tag?post=21532"}],"curies":[{"name":"wp","href":"https:\/\/api.w.org\/{rel}","templated":true}]}}