{"id":21531,"date":"2022-06-16T13:46:10","date_gmt":"2022-06-16T11:46:10","guid":{"rendered":"https:\/\/www.raschvin.com\/vare\/kopke-classic\/"},"modified":"2022-11-22T12:59:04","modified_gmt":"2022-11-22T11:59:04","slug":"kopke-classic","status":"publish","type":"product","link":"https:\/\/www.raschvin.com\/sv\/produkt\/kopke-classic\/","title":{"rendered":"Kopke Port &#8211; Fine Ruby 75 cl. 19,5%"},"content":{"rendered":"<p>Kopkes Ruby \u00e4r ett ungdomligt och b\u00e4rp\u00e5verkat portvin, som fungerar oklanderligt som ett komplement till bl\u00e5ost, choklad, som huvudingrediens i en god portvins\u00e5s eller som aperitif.<\/p>\n<p>Vinifieringen \u00e4ger rum i Douro-dalen p\u00e5 Kopkes Quinta de S\u00e3o Luiz p\u00e5 den s\u00f6dra stranden av Douro-floden, n\u00e5gra km fr\u00e5n Pinh\u00e3o. H\u00e4r g\u00e5r traditioner, forskning och ett av Portugals modernaste vinifieringscenter hand i hand f\u00f6r att skapa de perfekta f\u00f6ruts\u00e4ttningarna f\u00f6r produktion av portvin av h\u00f6g kvalitet.<br \/>\nKopke Fine Ruby Port \u00e4r det grundl\u00e4ggande portvinet, tillverkat av utvalda blandningar fr\u00e5n flera olika partier i Douro Superior och Cima Corgo.<\/p>\n<p>Kopke Ruby har en t\u00e4t, ungdomlig f\u00e4rg och arom och smak, dominerad av fruktiga nyanser av bl\u00e5b\u00e4r, fl\u00e4derb\u00e4r och kakao. S\u00f6tman balanseras av syra och alkohol, s\u00e5 vinet verkar balanserat trots de goda 100 gram restsocker \/ liter.<\/p>\n<p>Vi rekommenderar att du njuter av vinet n\u00e5got under rumstemperatur. 14-17 \u00b0 verkar l\u00e4mpligt. Kom ih\u00e5g att anv\u00e4nda ett bra vitt vinglas f\u00f6r \u00e4ndam\u00e5let; skottglas och andra vinbrott r\u00e4cker inte!<\/p>\n","protected":false},"excerpt":{"rendered":"<p>Douro Valley Port<\/p>\n","protected":false},"featured_media":17666,"template":"","meta":{"_acf_changed":false,"rs_blank_template":"","rs_page_bg_color":"","slide_template_v7":""},"product_brand":[],"product_cat":[2765,2772,4720],"product_tag":[],"class_list":{"0":"post-21531","1":"product","2":"type-product","3":"status-publish","4":"has-post-thumbnail","6":"product_cat-hedvin-sv","7":"product_cat-hamn","8":"product_cat-ruby-port-sv","9":"pa_drue-donzelinho-branco-sv-2","10":"pa_drue-gouveio-sv","11":"pa_drue-rabigato-sv","12":"pa_land-portugal-sv","13":"pa_procent-19-5-sv","14":"pa_producent-kopke-sv","15":"pa_region-duriense-porto-sv","16":"pa_serveringstemperatur-14-17-sv","17":"pa_volume-75-sv","19":"first","20":"instock","21":"taxable","22":"shipping-taxable","23":"purchasable","24":"product-type-simple"},"bundled_by":[],"bundle_stock_status":"instock","bundle_stock_quantity":null,"bundle_virtual":false,"bundle_layout":"","bundle_add_to_cart_form_location":"","bundle_editable_in_cart":false,"bundle_sold_individually_context":"","bundle_item_grouping":"","bundle_min_size":"","bundle_max_size":"","bundle_price":[],"bundled_items":[],"bundle_sell_ids":[],"acf":[],"_links":{"self":[{"href":"https:\/\/www.raschvin.com\/sv\/wp-json\/wp\/v2\/product\/21531","targetHints":{"allow":["GET"]}}],"collection":[{"href":"https:\/\/www.raschvin.com\/sv\/wp-json\/wp\/v2\/product"}],"about":[{"href":"https:\/\/www.raschvin.com\/sv\/wp-json\/wp\/v2\/types\/product"}],"wp:featuredmedia":[{"embeddable":true,"href":"https:\/\/www.raschvin.com\/sv\/wp-json\/wp\/v2\/media\/17666"}],"wp:attachment":[{"href":"https:\/\/www.raschvin.com\/sv\/wp-json\/wp\/v2\/media?parent=21531"}],"wp:term":[{"taxonomy":"product_brand","embeddable":true,"href":"https:\/\/www.raschvin.com\/sv\/wp-json\/wp\/v2\/product_brand?post=21531"},{"taxonomy":"product_cat","embeddable":true,"href":"https:\/\/www.raschvin.com\/sv\/wp-json\/wp\/v2\/product_cat?post=21531"},{"taxonomy":"product_tag","embeddable":true,"href":"https:\/\/www.raschvin.com\/sv\/wp-json\/wp\/v2\/product_tag?post=21531"}],"curies":[{"name":"wp","href":"https:\/\/api.w.org\/{rel}","templated":true}]}}