{"id":21530,"date":"2022-06-16T13:46:10","date_gmt":"2022-06-16T11:46:10","guid":{"rendered":"https:\/\/www.raschvin.com\/vare\/ricossa-barbera-appassimento\/"},"modified":"2022-12-02T19:44:58","modified_gmt":"2022-12-02T18:44:58","slug":"ricossa-barbera-appassimento","status":"publish","type":"product","link":"https:\/\/www.raschvin.com\/sv\/produkt\/ricossa-barbera-appassimento\/","title":{"rendered":"Ricossa &#8211; Piemonte Barbera Appassimento 75 cl."},"content":{"rendered":"<p>Detta \u00e4r v\u00e4rldspremi\u00e4ren av Piemonts vin med namnet &#8217;Appassimento&#8217;, som traditionellt har reserverats f\u00f6r vinerna fr\u00e5n regionen Veneto l\u00e4ngre \u00f6sterut. Ricossa har lyckats med en dryckev\u00e4nlig, fyllig och rundad Barbera, som tr\u00e4ffar m\u00e5lgruppen som f\u00f6redrar fullhet utan mycket struktur och syra i vinet.<\/p>\n<p>De handsk\u00f6rdade druvorna har redan placerats i ving\u00e5rden i sm\u00e5 skyddsl\u00e5dor och vid ankomsten till ving\u00e5rden f\u00e5r de st\u00e5 i torkrummet innan de pressas, varigenom mustet &#8211; och i slut\u00e4ndan ocks\u00e5 vinet &#8211; koncentreras. Efter j\u00e4sning lagras drygt h\u00e4lften av vinet i 8 m\u00e5nader i barriker, medan resten lagras i en st\u00e5ende tank.<\/p>\n<p>Ricossa Barbera Appassimento har en djup, dramatisk m\u00f6rkr\u00f6d f\u00e4rg med lila tendenser. I doften m\u00f6ter du toner av m\u00f6rka k\u00f6rsb\u00e4r, bj\u00f6rnb\u00e4rslik\u00f6r, violett och marsipan. Smaken f\u00f6ljer efter med stor munk\u00e4nsla med t\u00e4ta, rundade b\u00e4raromer med en touch av frukts\u00f6tma.<\/p>\n<p>Vi rekommenderar att du hittar en k\u00f6ttr\u00e4tt med en viss vikt n\u00e4r du m\u00e5ste matcha mat med Ricossa Barbera Appassimento. Det kan till exempel vara en kokt matr\u00e4tt med n\u00f6tk\u00f6tt eller lamm eller en stekt matr\u00e4tt med en stark s\u00e5s.<\/p>\n<p>Serveras vid 16-18 \u00b0 av rymliga vinglas.<\/p>\n","protected":false},"excerpt":{"rendered":"<p>Prodotto In Italia<\/p>\n","protected":false},"featured_media":17657,"template":"","meta":{"_acf_changed":false,"rs_blank_template":"","rs_page_bg_color":"","slide_template_v7":""},"product_brand":[],"product_cat":[2788,2798],"product_tag":[],"class_list":{"0":"post-21530","1":"product","2":"type-product","3":"status-publish","4":"has-post-thumbnail","6":"product_cat-vin-sv","7":"product_cat-roedvin-sv","8":"pa_drue-barbera-sv","9":"pa_land-italien-sv","10":"pa_procent-13-5-sv","11":"pa_producent-ricossa-sv","12":"pa_region-piemonte-sv","13":"pa_serveringstemperatur-16-18-sv","14":"pa_volume-75-sv","16":"first","17":"instock","18":"taxable","19":"shipping-taxable","20":"purchasable","21":"product-type-simple"},"bundled_by":["117624"],"bundle_stock_status":"instock","bundle_stock_quantity":null,"bundle_virtual":false,"bundle_layout":"","bundle_add_to_cart_form_location":"","bundle_editable_in_cart":false,"bundle_sold_individually_context":"","bundle_item_grouping":"","bundle_min_size":"","bundle_max_size":"","bundle_price":[],"bundled_items":[],"bundle_sell_ids":[],"acf":[],"_links":{"self":[{"href":"https:\/\/www.raschvin.com\/sv\/wp-json\/wp\/v2\/product\/21530","targetHints":{"allow":["GET"]}}],"collection":[{"href":"https:\/\/www.raschvin.com\/sv\/wp-json\/wp\/v2\/product"}],"about":[{"href":"https:\/\/www.raschvin.com\/sv\/wp-json\/wp\/v2\/types\/product"}],"wp:featuredmedia":[{"embeddable":true,"href":"https:\/\/www.raschvin.com\/sv\/wp-json\/wp\/v2\/media\/17657"}],"wp:attachment":[{"href":"https:\/\/www.raschvin.com\/sv\/wp-json\/wp\/v2\/media?parent=21530"}],"wp:term":[{"taxonomy":"product_brand","embeddable":true,"href":"https:\/\/www.raschvin.com\/sv\/wp-json\/wp\/v2\/product_brand?post=21530"},{"taxonomy":"product_cat","embeddable":true,"href":"https:\/\/www.raschvin.com\/sv\/wp-json\/wp\/v2\/product_cat?post=21530"},{"taxonomy":"product_tag","embeddable":true,"href":"https:\/\/www.raschvin.com\/sv\/wp-json\/wp\/v2\/product_tag?post=21530"}],"curies":[{"name":"wp","href":"https:\/\/api.w.org\/{rel}","templated":true}]}}