{"id":21529,"date":"2022-06-16T13:46:10","date_gmt":"2022-06-16T11:46:10","guid":{"rendered":"https:\/\/www.raschvin.com\/vare\/donelli-sparkling-rose\/"},"modified":"2022-11-15T10:32:36","modified_gmt":"2022-11-15T09:32:36","slug":"donelli-sparkling-rose","status":"publish","type":"product","link":"https:\/\/www.raschvin.com\/sv\/produkt\/donelli-sparkling-rose\/","title":{"rendered":"Donelli Sparkling Ros\u00e9 &#8211; Non Alcoholic Grape Juice 75 cl. 0%"},"content":{"rendered":"<p>\u00d6l f\u00f6r alkoholfritt vin ska j\u00e4mf\u00f6ras med konventionellt vin och har med tiden skapat &#8211; ofta humoristiska &#8211; j\u00e4mf\u00f6relser med andra motsatser i livet.<\/p>\n<p>Donellis mousserande ros\u00e9 kompenserar f\u00f6r den enkla dikotomin mycket effektivt och erbjuder ett exklusivt mousserande druvmust som tilltalar mycket brett. H\u00e4r kan du med gott samvete och bilnycklarna i handen njuta av ett glas som ger lika mycket n\u00f6je som ett alkoholiskt vin, och barnen kan ocks\u00e5 dricka med. Det \u00e4r en festlig, intensiv och fr\u00e4sch gnistrande, som med sin naturliga s\u00f6tma t\u00e4nker p\u00e5 till exempel Asti Spumante.<\/p>\n<p>Druvorna bakom det mousserande mustet \u00e4r Malvasia och Lambrusco, som \u00e4r taktfullt parfymerade med extrakt av rosenblad. Koldioxiden i mustet \u00e4r helt naturlig och kommer fr\u00e5n produktionen av husets andra mousserande viner p\u00e5 Charmat-metoden, d\u00e4r den del av koldioxiden som inte \u00e4r bunden till vinet extraheras.<\/p>\n<p>Aromen och smaken \u00e4r b\u00e5de s\u00f6t och fr\u00e4sch med lika delar druvmust och nyponros. Renheten i denna mousserande ros\u00e9 \u00e4r utm\u00e4rkt, och serveras iskall detta \u00e4r en utm\u00e4rkt aperitif, men prova ocks\u00e5 f\u00f6r f\u00e4rsk frukt eller ditto i en sirap.<\/p>\n<p>Njut av kylsk\u00e5p med champagneglas.<\/p>\n","protected":false},"excerpt":{"rendered":"<p>Italian Non Alcoholic Sparkling Juice<\/p>\n","protected":false},"featured_media":17654,"template":"","meta":{"_acf_changed":false,"rs_blank_template":"","rs_page_bg_color":"","slide_template_v7":""},"product_brand":[],"product_cat":[7139,2779,2776],"product_tag":[],"class_list":{"0":"post-21529","1":"product","2":"type-product","3":"status-publish","4":"has-post-thumbnail","6":"product_cat-alkoholfri-mousserende-0-sv","7":"product_cat-andra","8":"product_cat-mousserende-sv","9":"pa_drue-chardonnay-sv","10":"pa_drue-lambrusco-sv","11":"pa_drue-pinot-noir-sv","12":"pa_land-italien-sv","13":"pa_non-alcoholic-alkoholfri-sv","14":"pa_procent-0-sv","15":"pa_producent-donelli-sv","16":"pa_region-veneto-sv","17":"pa_serveringstemperatur-8-10-sv","18":"pa_volume-75-sv","20":"first","21":"instock","22":"taxable","23":"shipping-taxable","24":"purchasable","25":"product-type-simple"},"bundled_by":[],"bundle_stock_status":"instock","bundle_stock_quantity":null,"bundle_virtual":false,"bundle_layout":"","bundle_add_to_cart_form_location":"","bundle_editable_in_cart":false,"bundle_sold_individually_context":"","bundle_item_grouping":"","bundle_min_size":"","bundle_max_size":"","bundle_price":[],"bundled_items":[],"bundle_sell_ids":[],"acf":[],"_links":{"self":[{"href":"https:\/\/www.raschvin.com\/sv\/wp-json\/wp\/v2\/product\/21529","targetHints":{"allow":["GET"]}}],"collection":[{"href":"https:\/\/www.raschvin.com\/sv\/wp-json\/wp\/v2\/product"}],"about":[{"href":"https:\/\/www.raschvin.com\/sv\/wp-json\/wp\/v2\/types\/product"}],"wp:featuredmedia":[{"embeddable":true,"href":"https:\/\/www.raschvin.com\/sv\/wp-json\/wp\/v2\/media\/17654"}],"wp:attachment":[{"href":"https:\/\/www.raschvin.com\/sv\/wp-json\/wp\/v2\/media?parent=21529"}],"wp:term":[{"taxonomy":"product_brand","embeddable":true,"href":"https:\/\/www.raschvin.com\/sv\/wp-json\/wp\/v2\/product_brand?post=21529"},{"taxonomy":"product_cat","embeddable":true,"href":"https:\/\/www.raschvin.com\/sv\/wp-json\/wp\/v2\/product_cat?post=21529"},{"taxonomy":"product_tag","embeddable":true,"href":"https:\/\/www.raschvin.com\/sv\/wp-json\/wp\/v2\/product_tag?post=21529"}],"curies":[{"name":"wp","href":"https:\/\/api.w.org\/{rel}","templated":true}]}}