{"id":21528,"date":"2022-06-16T13:46:10","date_gmt":"2022-06-16T11:46:10","guid":{"rendered":"https:\/\/www.raschvin.com\/vare\/roger-didier-raimbault-3\/"},"modified":"2022-12-03T07:05:55","modified_gmt":"2022-12-03T06:05:55","slug":"roger-didier-raimbault-3","status":"publish","type":"product","link":"https:\/\/www.raschvin.com\/sv\/produkt\/roger-didier-raimbault-3\/","title":{"rendered":"Roger &#038; Didier Raimbault &#8211; Sancerre Ros\u00e9 75 cl."},"content":{"rendered":"<p>Ros\u00e9vin i Sancerre \u00e4r synonymt med pinot noir, som \u00e4r mycket b\u00e4ttre k\u00e4nt fr\u00e5n Bourgogne r\u00f6da viner, men som har sin egen, l\u00e4ttare identitet i Loire. Gemensam n\u00e4mnare \u00e4r stor charm och elegans i f\u00f6rars\u00e4tet.<\/p>\n<p>Sancerre \u00e4r namnet bakom Loires mest k\u00e4nda vin, men \u00e4r ocks\u00e5 en mysig stad som ligger n\u00e4ra floden Loire. Medan alla verkar k\u00e4nna den vita Sancerrevine verkar ros\u00e9versionen n\u00e4stan vara en exotisk s\u00e4llsynthet.<\/p>\n<p>P\u00e5 Domaine Roger &#038; Didier Raimbault i avrinningsomr\u00e5det i Sancerre stad har vinodling varit en del av familjen i inte mindre \u00e4n tio generationer och str\u00e4cker sig \u00f6ver 400 \u00e5r. Dom\u00e4nen \u00e4ger och underh\u00e5ller drygt 17 hektar i kommunerna Verdigny, Sury och Vaux. H\u00e4r odlas lotte raisonn\u00e9e-konceptet, d\u00e4r ett minimum av bek\u00e4mpningsmedel anv\u00e4nds i produktionen. N\u00e4stan hela f\u00e4ltomr\u00e5det ligger i sluttningar som lutar mellan 10-40%, vilket p\u00e5 grund av exponeringen \u00e4r kvalitetsfr\u00e4mjande.<\/p>\n<p>En kort maceration av pinot noir-druvorna ger en delikat f\u00e4rg och sval j\u00e4sning ger detta ros\u00e9vin precis r\u00e4tt fruktighet, d\u00e4r \u00f6nskan om n\u00e4sta glas bevaras.<\/p>\n<p>Denna Sancerre ros\u00e9 erbjuder i doft och smak r\u00f6da b\u00e4r, fr\u00e4mst hallon och jordgubbar, som genom sin friska syra bibeh\u00e5ller en fin fruktfokus, hj\u00e4lpt p\u00e5 v\u00e4gen av de kalkmineraler som finns i \u00f6verfl\u00f6d i<\/p>\n<p>Detta \u00e4r ett trevligt aperitifvin, men det finns ocks\u00e5 i n\u00e4rheten att servera det till sommarmat; sallader, r\u00e4kor med pil, r\u00f6kt lax och l\u00e4tta r\u00e4tter med l\u00e4tt k\u00f6tt.<\/p>\n<p>B\u00f6r avnjutas i stora glas vid 8-10 \u00b0 nu och de n\u00e4rmaste \u00e5ren.<\/p>\n","protected":false},"excerpt":{"rendered":"<p>Vin de France &#8211; Pinot Noir Ros\u00e9<\/p>\n","protected":false},"featured_media":17651,"template":"","meta":{"_acf_changed":false,"rs_blank_template":"","rs_page_bg_color":"","slide_template_v7":""},"product_brand":[],"product_cat":[2788,2796],"product_tag":[],"class_list":{"0":"post-21528","1":"product","2":"type-product","3":"status-publish","4":"has-post-thumbnail","6":"product_cat-vin-sv","7":"product_cat-rosevin-sv","8":"pa_drue-pinot-noir-sv","9":"pa_land-frankrike","10":"pa_procent-13-sv","11":"pa_producent-roger-et-didier-raimbault-sv","12":"pa_region-upper-loire-sancerre-sv","13":"pa_serveringstemperatur-8-10-sv","14":"pa_volume-75-sv","16":"first","17":"instock","18":"taxable","19":"shipping-taxable","20":"purchasable","21":"product-type-simple"},"bundled_by":[],"bundle_stock_status":"instock","bundle_stock_quantity":null,"bundle_virtual":false,"bundle_layout":"","bundle_add_to_cart_form_location":"","bundle_editable_in_cart":false,"bundle_sold_individually_context":"","bundle_item_grouping":"","bundle_min_size":"","bundle_max_size":"","bundle_price":[],"bundled_items":[],"bundle_sell_ids":[],"acf":[],"_links":{"self":[{"href":"https:\/\/www.raschvin.com\/sv\/wp-json\/wp\/v2\/product\/21528","targetHints":{"allow":["GET"]}}],"collection":[{"href":"https:\/\/www.raschvin.com\/sv\/wp-json\/wp\/v2\/product"}],"about":[{"href":"https:\/\/www.raschvin.com\/sv\/wp-json\/wp\/v2\/types\/product"}],"wp:featuredmedia":[{"embeddable":true,"href":"https:\/\/www.raschvin.com\/sv\/wp-json\/wp\/v2\/media\/17651"}],"wp:attachment":[{"href":"https:\/\/www.raschvin.com\/sv\/wp-json\/wp\/v2\/media?parent=21528"}],"wp:term":[{"taxonomy":"product_brand","embeddable":true,"href":"https:\/\/www.raschvin.com\/sv\/wp-json\/wp\/v2\/product_brand?post=21528"},{"taxonomy":"product_cat","embeddable":true,"href":"https:\/\/www.raschvin.com\/sv\/wp-json\/wp\/v2\/product_cat?post=21528"},{"taxonomy":"product_tag","embeddable":true,"href":"https:\/\/www.raschvin.com\/sv\/wp-json\/wp\/v2\/product_tag?post=21528"}],"curies":[{"name":"wp","href":"https:\/\/api.w.org\/{rel}","templated":true}]}}