{"id":21526,"date":"2022-06-16T13:45:18","date_gmt":"2022-06-16T11:45:18","guid":{"rendered":"https:\/\/www.raschvin.com\/vare\/roger-didier-raimbault\/"},"modified":"2025-08-28T14:02:00","modified_gmt":"2025-08-28T12:02:00","slug":"roger-didier-raimbault","status":"publish","type":"product","link":"https:\/\/www.raschvin.com\/sv\/produkt\/roger-didier-raimbault\/","title":{"rendered":"Roger &#038; Didier Raimbault &#8211; Sancerre Blanc 2024 75 cl."},"content":{"rendered":"<p>Detta \u00e4r handgjord Sancerre fr\u00e5n en familjeproducent som f\u00f6r ett blygsamt till\u00e4ggspris stiger betydligt \u00f6ver volymproducenternas kvaliteter.<\/p>\n<p>Sancerre \u00e4r en mysig stad som ligger vid floden Loire, och staden har ocks\u00e5 gett sitt namn till Loires mest k\u00e4nda vita vin. H\u00e4r g\u00f6rs n\u00e5gra av de mest saftiga och skarpa vita vinerna p\u00e5 sauvignon blanc.<\/p>\n<p>P\u00e5 Domaine Roger et Didier Raimbault i Sancerre har vinodling varit en del av familjen i 400 \u00e5r. Som ett resultat av en fusion mellan far och son 1996 uppg\u00e5r dom\u00e4nen nu till 17,5 hektar i kommunerna Verdigny, Sury och Vaux.<\/p>\n<p>Denna cuv\u00e9e best\u00e5r av f\u00e4lt fr\u00e5n tre olika terrasser best\u00e5ende av resp. lera \/ kalk, sm\u00e5sten och flinta. Lera \/ lime bidrar med fetthet och styrka, sm\u00e5sten och flinta med mineralitet.<\/p>\n<p>Vinet har en intensiv bukett med citrus, gr\u00f6na krusb\u00e4r, fl\u00e4der och nyklippt gr\u00e4s. Detta \u00e4r sauvignon blanc-precision med utm\u00e4rkt renhet, skarp syra och aromatiskt \u00f6verskott utan \u00f6verdriven fyllighet eller fetthet.<\/p>\n<p>B\u00f6r avnjutas i stora vita vinglas vid 8-10 \u00b0, helst tillsammans med l\u00e4tt k\u00f6tt, mager fisk, inte f\u00f6r \u00e5ldrad getost, f\u00f6r sushi eller skaldjur.<\/p>\n","protected":false},"excerpt":{"rendered":"<p>Vin de France &#8211; Sauvignon Blanc<\/p>\n","protected":false},"featured_media":17645,"template":"","meta":{"_acf_changed":false,"rs_blank_template":"","rs_page_bg_color":"","slide_template_v7":""},"product_brand":[],"product_cat":[2788,2792],"product_tag":[],"class_list":{"0":"post-21526","1":"product","2":"type-product","3":"status-publish","4":"has-post-thumbnail","6":"product_cat-vin-sv","7":"product_cat-vitt-vin","8":"pa_aargang-2024-sv","9":"pa_drue-sauvignon-blanc-sv","10":"pa_land-frankrike","11":"pa_procent-12-5-sv","12":"pa_producent-roger-et-didier-raimbault-sv","13":"pa_region-upper-loire-sancerre-sv","14":"pa_serveringstemperatur-8-10-sv","15":"pa_volume-75-sv","17":"first","18":"instock","19":"taxable","20":"shipping-taxable","21":"purchasable","22":"product-type-simple"},"bundled_by":["119636","120731"],"bundle_stock_status":"instock","bundle_stock_quantity":null,"bundle_virtual":false,"bundle_layout":"","bundle_add_to_cart_form_location":"","bundle_editable_in_cart":false,"bundle_sold_individually_context":"","bundle_item_grouping":"","bundle_min_size":"","bundle_max_size":"","bundle_price":[],"bundled_items":[],"bundle_sell_ids":[],"acf":[],"_links":{"self":[{"href":"https:\/\/www.raschvin.com\/sv\/wp-json\/wp\/v2\/product\/21526","targetHints":{"allow":["GET"]}}],"collection":[{"href":"https:\/\/www.raschvin.com\/sv\/wp-json\/wp\/v2\/product"}],"about":[{"href":"https:\/\/www.raschvin.com\/sv\/wp-json\/wp\/v2\/types\/product"}],"wp:featuredmedia":[{"embeddable":true,"href":"https:\/\/www.raschvin.com\/sv\/wp-json\/wp\/v2\/media\/17645"}],"wp:attachment":[{"href":"https:\/\/www.raschvin.com\/sv\/wp-json\/wp\/v2\/media?parent=21526"}],"wp:term":[{"taxonomy":"product_brand","embeddable":true,"href":"https:\/\/www.raschvin.com\/sv\/wp-json\/wp\/v2\/product_brand?post=21526"},{"taxonomy":"product_cat","embeddable":true,"href":"https:\/\/www.raschvin.com\/sv\/wp-json\/wp\/v2\/product_cat?post=21526"},{"taxonomy":"product_tag","embeddable":true,"href":"https:\/\/www.raschvin.com\/sv\/wp-json\/wp\/v2\/product_tag?post=21526"}],"curies":[{"name":"wp","href":"https:\/\/api.w.org\/{rel}","templated":true}]}}