{"id":21523,"date":"2022-06-16T13:45:18","date_gmt":"2022-06-16T11:45:18","guid":{"rendered":"https:\/\/www.raschvin.com\/vare\/kopke-40-years-old\/"},"modified":"2022-11-22T12:05:00","modified_gmt":"2022-11-22T11:05:00","slug":"kopke-40-years-old","status":"publish","type":"product","link":"https:\/\/www.raschvin.com\/sv\/produkt\/kopke-40-years-old\/","title":{"rendered":"Kopke Port &#8211; 40 Years Old Tawny 75 cl. 20%"},"content":{"rendered":"<p>En blandad Tawny gjord av extremt gamla och speciellt utvalda viner fr\u00e5n Kopkes lodge med en helt ovanlig komplexitet. Det koncentrerade uttrycket har uppst\u00e5tt genom avdunstningen som \u00e4r en sj\u00e4lvbeskriven del av \u00e5r av lagring av fat.<\/p>\n<p>F\u00e4rgen \u00e4r mahogny med gr\u00f6naktiga nyanser och med stor intensitet. I doften k\u00e4nns syran omedelbart med mogen frukt, rancio och oxidationsaromer, som ger minnen fr\u00e5n apotek, kamfer och \u00f6rter! Den flyktiga syran ger en genial komplexitet i en ultral\u00e5ng final, som verkar torrare \u00e4n yngre portviner, eftersom de med \u00e5ldern tappar lite av s\u00f6tman och f\u00e5r ocks\u00e5 mer motspel fr\u00e5n syran.<\/p>\n<p>Ett vin som med sin h\u00f6ga \u00e5lderskarakt\u00e4r \u00e4r helt sitt eget och sveper bort alla f\u00f6rv\u00e4ntningar p\u00e5 l\u00e4ttf\u00f6rst\u00e5eligt portvin!<\/p>\n<p>Om du letar efter saftig prim\u00e4rfrukt b\u00f6r du h\u00e5lla dig l\u00e5ngt borta, f\u00f6r det h\u00e4r \u00e4r inte billigt portvin, men om du gillar lagrade terti\u00e4ra dofter \u00e4r det h\u00e4r himmelsk elixir, som ska avnjutas utan mat, i noggrant utvalt f\u00f6retag och helst med en Chesterfield-soffa som enda tillbeh\u00f6r.<\/p>\n<p>93 po\u00e4ng Roy Hersh<br \/>\n96 po\u00e4ng Vinbladet<br \/>\n95 po\u00e4ng Wine Spectator<\/p>\n","protected":false},"excerpt":{"rendered":"<p>Douro Valley Port<\/p>\n","protected":false},"featured_media":30156,"template":"","meta":{"_acf_changed":false,"rs_blank_template":"","rs_page_bg_color":"","slide_template_v7":""},"product_brand":[],"product_cat":[2765,2772,4734],"product_tag":[],"class_list":{"0":"post-21523","1":"product","2":"type-product","3":"status-publish","4":"has-post-thumbnail","6":"product_cat-hedvin-sv","7":"product_cat-hamn","8":"product_cat-aged-tawny-sv","9":"pa_drue-donzelinho-branco-sv-2","10":"pa_drue-gouveio-sv","11":"pa_drue-rabigato-sv","12":"pa_land-portugal-sv","13":"pa_procent-20-sv","14":"pa_producent-kopke-sv","15":"pa_region-duriense-porto-sv","16":"pa_serveringstemperatur-12-14-sv","17":"pa_volume-75-sv","19":"first","20":"instock","21":"taxable","22":"shipping-taxable","23":"purchasable","24":"product-type-simple"},"bundled_by":[],"bundle_stock_status":"instock","bundle_stock_quantity":null,"bundle_virtual":false,"bundle_layout":"","bundle_add_to_cart_form_location":"","bundle_editable_in_cart":false,"bundle_sold_individually_context":"","bundle_item_grouping":"","bundle_min_size":"","bundle_max_size":"","bundle_price":[],"bundled_items":[],"bundle_sell_ids":[],"acf":[],"_links":{"self":[{"href":"https:\/\/www.raschvin.com\/sv\/wp-json\/wp\/v2\/product\/21523","targetHints":{"allow":["GET"]}}],"collection":[{"href":"https:\/\/www.raschvin.com\/sv\/wp-json\/wp\/v2\/product"}],"about":[{"href":"https:\/\/www.raschvin.com\/sv\/wp-json\/wp\/v2\/types\/product"}],"wp:featuredmedia":[{"embeddable":true,"href":"https:\/\/www.raschvin.com\/sv\/wp-json\/wp\/v2\/media\/30156"}],"wp:attachment":[{"href":"https:\/\/www.raschvin.com\/sv\/wp-json\/wp\/v2\/media?parent=21523"}],"wp:term":[{"taxonomy":"product_brand","embeddable":true,"href":"https:\/\/www.raschvin.com\/sv\/wp-json\/wp\/v2\/product_brand?post=21523"},{"taxonomy":"product_cat","embeddable":true,"href":"https:\/\/www.raschvin.com\/sv\/wp-json\/wp\/v2\/product_cat?post=21523"},{"taxonomy":"product_tag","embeddable":true,"href":"https:\/\/www.raschvin.com\/sv\/wp-json\/wp\/v2\/product_tag?post=21523"}],"curies":[{"name":"wp","href":"https:\/\/api.w.org\/{rel}","templated":true}]}}