{"id":21517,"date":"2022-06-16T13:44:26","date_gmt":"2022-06-16T11:44:26","guid":{"rendered":"https:\/\/www.raschvin.com\/vare\/la-cerisa-rosa-pinot-grigio-rose\/"},"modified":"2022-11-22T16:29:09","modified_gmt":"2022-11-22T15:29:09","slug":"la-cerisa-rosa-pinot-grigio-rose","status":"publish","type":"product","link":"https:\/\/www.raschvin.com\/sv\/produkt\/la-cerisa-rosa-pinot-grigio-rose\/","title":{"rendered":"La Cerisa Rosa Pinot Grigio Ros\u00e9 75 cl."},"content":{"rendered":"<p>La Cerisa \u00e4r ett charmigt ros\u00e9vin fr\u00e5n de b\u00f6ljande kullarna i provinsen Pavia s\u00f6der om Milano.<\/p>\n<p>Det \u00e4r fr\u00e4mst vitvinsdruvan pinot grigio som anv\u00e4nds i vinet, men den vackra f\u00e4rgen uppn\u00e5s genom att l\u00e4gga till 15% av de bl\u00e5 sorterna, pinot noir och barbera, som ocks\u00e5 trivs i den nordv\u00e4stra delen av Italien.<\/p>\n<p>Druvorna genomg\u00e5r en kort maceration f\u00f6r att f\u00e5 r\u00e4tt, delikat ros\u00e9.<\/p>\n<p>Arom och smak har f\u00f6rf\u00f6riska inslag av f\u00e4rska jordgubbar och k\u00f6rsb\u00e4r med blommiga undertoner. Den vackra intensiteten \u00e4r v\u00e4l f\u00f6rpackad i f\u00e4rsk frukt och en delikat finish.<\/p>\n<p>Ett vin som kommer att charma mest, med sin omedelbara f\u00e4rskhet och dess otroliga dricksgl\u00e4dje. Idealisk som den soliga m\u00e5nadens t\u00f6rstsl\u00e4ckare, och \u00e4ven till ett demokratiskt pris.<\/p>\n<p>Vinet kan serveras som en cool aperitif, f\u00f6r en m\u00e4ngd olika fiskr\u00e4tter, i salladsk\u00f6ket eller till l\u00e4tta k\u00f6ttr\u00e4tter.<\/p>\n","protected":false},"excerpt":{"rendered":"<p>Provincia di Pavia IGT &#8211; Italy<\/p>\n","protected":false},"featured_media":17591,"template":"","meta":{"_acf_changed":false,"rs_blank_template":"","rs_page_bg_color":"","slide_template_v7":""},"product_brand":[],"product_cat":[2796,7779,2788],"product_tag":[],"class_list":{"0":"post-21517","1":"product","2":"type-product","3":"status-publish","4":"has-post-thumbnail","6":"product_cat-rosevin-sv","7":"product_cat-sommar-rose","8":"product_cat-vin-sv","9":"pa_drue-pinot-grigio-sv","10":"pa_land-italien-sv","11":"pa_procent-12-sv","12":"pa_producent-la-cerisa-rosa-sv","13":"pa_region-lombardia-provincia-di-pavia-sv","14":"pa_serveringstemperatur-10-12-sv-2","15":"pa_volume-75-sv","17":"first","18":"instock","19":"taxable","20":"shipping-taxable","21":"purchasable","22":"product-type-simple"},"bundled_by":["120289","120370"],"bundle_stock_status":"instock","bundle_stock_quantity":null,"bundle_virtual":false,"bundle_layout":"","bundle_add_to_cart_form_location":"","bundle_editable_in_cart":false,"bundle_sold_individually_context":"","bundle_item_grouping":"","bundle_min_size":"","bundle_max_size":"","bundle_price":[],"bundled_items":[],"bundle_sell_ids":[],"acf":[],"_links":{"self":[{"href":"https:\/\/www.raschvin.com\/sv\/wp-json\/wp\/v2\/product\/21517","targetHints":{"allow":["GET"]}}],"collection":[{"href":"https:\/\/www.raschvin.com\/sv\/wp-json\/wp\/v2\/product"}],"about":[{"href":"https:\/\/www.raschvin.com\/sv\/wp-json\/wp\/v2\/types\/product"}],"wp:featuredmedia":[{"embeddable":true,"href":"https:\/\/www.raschvin.com\/sv\/wp-json\/wp\/v2\/media\/17591"}],"wp:attachment":[{"href":"https:\/\/www.raschvin.com\/sv\/wp-json\/wp\/v2\/media?parent=21517"}],"wp:term":[{"taxonomy":"product_brand","embeddable":true,"href":"https:\/\/www.raschvin.com\/sv\/wp-json\/wp\/v2\/product_brand?post=21517"},{"taxonomy":"product_cat","embeddable":true,"href":"https:\/\/www.raschvin.com\/sv\/wp-json\/wp\/v2\/product_cat?post=21517"},{"taxonomy":"product_tag","embeddable":true,"href":"https:\/\/www.raschvin.com\/sv\/wp-json\/wp\/v2\/product_tag?post=21517"}],"curies":[{"name":"wp","href":"https:\/\/api.w.org\/{rel}","templated":true}]}}