{"id":21516,"date":"2022-06-16T13:44:26","date_gmt":"2022-06-16T11:44:26","guid":{"rendered":"https:\/\/www.raschvin.com\/vare\/girlan-sauvignon-blanc-indra\/"},"modified":"2022-11-17T21:08:38","modified_gmt":"2022-11-17T20:08:38","slug":"girlan-sauvignon-blanc-indra-2","status":"publish","type":"product","link":"https:\/\/www.raschvin.com\/sv\/produkt\/girlan-sauvignon-blanc-indra-2\/","title":{"rendered":"Girlan &#8211; Sauvignon Blanc &#8221;Indra&#8221; 75 cl."},"content":{"rendered":"<p>Alto Adige \u00e4r k\u00e4nt f\u00f6r Italiens b\u00e4sta vita viner med en &#8221;sval&#8221; profil och syra, vilket beror p\u00e5 att de varma, platta dalbottnen typiskt huserar \u00e4ppeltr\u00e4dg\u00e5rdar, medan vinrankorna tar \u00f6ver n\u00e4r du r\u00f6r dig uppf\u00f6r sluttningarna. Denna spektakul\u00e4ra kuliss ger mineralviner och inte minst svala n\u00e4tter som garanterar syra fr\u00e4sch\u00f6r i vinerna. Kooperativen \u00e4r en dominerande faktor i Alto Adige; inte bara vad g\u00e4ller volym, utan s\u00e4kert ocks\u00e5 n\u00e4r m\u00e5ttstocken kallas kvalitet. Kellerei Girlan \u00e4r ett av regionens modellkooperativ, en regelbunden prenumerant p\u00e5 3 glas vin i Italiens viktigaste vinguide, Gambero Rosso.<\/p>\n<p>&#8217;Indra&#8217; Sauvignon framh\u00e4vs i Gambero Rosso inte bara som ett bra vin, utan ocks\u00e5 som valuta f\u00f6r pengarna.<br \/>\nDruvorna sk\u00f6rdas f\u00f6r hand fr\u00e5n f\u00e4lt i n\u00e4rheten av ving\u00e5rden och j\u00e4ser i rostfritt st\u00e5l, d\u00e4r vinet \u00e4ven tillbringar ett halvt \u00e5r med fenj\u00e4sten innan det buteljeras. Lagring i st\u00e5l bevarar druvans fr\u00e4scha, pigga stil, medan l\u00e5ng tid med fingerj\u00e4sten ger aromatiskt djup.<\/p>\n<p>Girlan Sauvignon &#8217;Indra&#8217; doftar ungef\u00e4r som mogen druva, svarta vinb\u00e4rsblad, fl\u00e4derblom och ljusgr\u00f6na undertoner med saftigt gr\u00e4s och n\u00e4sslor samt grusiga mineraler som ger en fin komplexitet. Smaken \u00e4r aromatisk utan att vara fet och rik; ist\u00e4llet h\u00e5lls linjen smal med en utm\u00e4rkt syrafriskhet. Eftersmaken har b\u00e5de l\u00e4ngd och balans.<br \/>\nStilen \u00e4r n\u00e4rmare sancerre \u00e4n Nya Zeeland.<\/p>\n<p>Detta \u00e4r ett v\u00e4ldigt smidigt matvin som passar bra till en m\u00e4ngd olika mattyper, men vi kan n\u00e4mna exempel som r\u00f6kt lax, sashimi, thaimat, eleganta plattfiskr\u00e4tter, ceviche, unggetost, pastar\u00e4tter med fisk etc., etc.!<\/p>\n<p>Njut av kyld men inte kyl kall: 10-14\u00b0.<\/p>\n<p>2 glas Gambero Rosso<\/p>\n<p>92 po\u00e4ng James Suckling<\/p>\n<p>91 po\u00e4ng Vinentusiast<\/p>\n","protected":false},"excerpt":{"rendered":"<p>Cantina Girlan &#8211; Alto Adige\/S\u00fcdtirol<\/p>\n","protected":false},"featured_media":17588,"template":"","meta":{"_acf_changed":false,"rs_blank_template":"","rs_page_bg_color":"","slide_template_v7":""},"product_brand":[],"product_cat":[2788,2792],"product_tag":[],"class_list":{"0":"post-21516","1":"product","2":"type-product","3":"status-publish","4":"has-post-thumbnail","6":"product_cat-vin-sv","7":"product_cat-vitt-vin","8":"pa_drue-sauvignon-blanc-sv","9":"pa_land-italien-sv","10":"pa_procent-14-sv","11":"pa_producent-girlan-sv","12":"pa_region-suedtirol-alto-adige-sv","13":"pa_serveringstemperatur-10-12-sv-2","14":"pa_volume-75-sv","16":"first","17":"instock","18":"taxable","19":"shipping-taxable","20":"purchasable","21":"product-type-simple"},"bundled_by":["119636","120939"],"bundle_stock_status":"instock","bundle_stock_quantity":null,"bundle_virtual":false,"bundle_layout":"","bundle_add_to_cart_form_location":"","bundle_editable_in_cart":false,"bundle_sold_individually_context":"","bundle_item_grouping":"","bundle_min_size":"","bundle_max_size":"","bundle_price":[],"bundled_items":[],"bundle_sell_ids":[],"acf":[],"_links":{"self":[{"href":"https:\/\/www.raschvin.com\/sv\/wp-json\/wp\/v2\/product\/21516","targetHints":{"allow":["GET"]}}],"collection":[{"href":"https:\/\/www.raschvin.com\/sv\/wp-json\/wp\/v2\/product"}],"about":[{"href":"https:\/\/www.raschvin.com\/sv\/wp-json\/wp\/v2\/types\/product"}],"wp:featuredmedia":[{"embeddable":true,"href":"https:\/\/www.raschvin.com\/sv\/wp-json\/wp\/v2\/media\/17588"}],"wp:attachment":[{"href":"https:\/\/www.raschvin.com\/sv\/wp-json\/wp\/v2\/media?parent=21516"}],"wp:term":[{"taxonomy":"product_brand","embeddable":true,"href":"https:\/\/www.raschvin.com\/sv\/wp-json\/wp\/v2\/product_brand?post=21516"},{"taxonomy":"product_cat","embeddable":true,"href":"https:\/\/www.raschvin.com\/sv\/wp-json\/wp\/v2\/product_cat?post=21516"},{"taxonomy":"product_tag","embeddable":true,"href":"https:\/\/www.raschvin.com\/sv\/wp-json\/wp\/v2\/product_tag?post=21516"}],"curies":[{"name":"wp","href":"https:\/\/api.w.org\/{rel}","templated":true}]}}