{"id":21513,"date":"2022-10-02T13:44:26","date_gmt":"2022-10-02T11:44:26","guid":{"rendered":"https:\/\/www.raschvin.com\/vare\/prosecco-brut-luna-argenta\/"},"modified":"2023-03-28T18:16:42","modified_gmt":"2023-03-28T16:16:42","slug":"prosecco-brut-luna-argenta","status":"publish","type":"product","link":"https:\/\/www.raschvin.com\/sv\/produkt\/prosecco-brut-luna-argenta\/","title":{"rendered":"Luna Argenta &#8211; Prosecco Brut 75 cl."},"content":{"rendered":"<p>En underbart opretenti\u00f6s och v\u00e4lsmakande prosecco som med sin fruktiga \u00e4pple- och p\u00e4rondominerade stil \u00e4r mindre str\u00e4ng \u00e4n champagne &#8211; och f\u00f6rmodligen ocks\u00e5 ett vin som efter sin stil kommer att vinna m\u00e5nga fans bland danskarna, eftersom de \u00e4r mest i f\u00f6rh\u00e5llande till den franska ikonen.<\/p>\n<p>Norr om Venedig, i de b\u00f6ljande kullarna i Treviso, odlas glerdruvan, som genom charmatmetoden f\u00f6rvandlas till ett aromatiskt, mousserande vin utan sammandragande \u00e5tstramning.<\/p>\n<p>Om du dr\u00f6jer vid ordet \u201dfruktig\u201d b\u00f6r det inte f\u00f6rv\u00e4xlas med \u201ds\u00f6tt\u201d eftersom vinet faktiskt \u00e4r relativt torrt! Det \u00e4r en organoleptisk anordning som inte kvantifieras s\u00e5 l\u00e4tt, vilket samtidigt \u00e4r den komplicerade och charmiga vinv\u00e4rlden. Men kombinationen av mjuka, fina bubblor och en saftighet i frukten ger en behaglig munk\u00e4nsla som n\u00e4stan bjuder in stora sippor.<\/p>\n<p>Luna Argenta prosecco brut har stor renhet och med en skarp, fj\u00e4drande frukt som kompletteras med blommiga undertoner kommer det att vara uppenbart att erbjuda detta vin som den perfekta aperitifen.<\/p>\n<p>Men man b\u00f6r komma ih\u00e5g att det ocks\u00e5 \u00e4r ett mycket m\u00e5ngsidigt vin som klarar n\u00e4stan vilken aptitretare som helst, \u00f6ver sallader och ostar till l\u00e4tta k\u00f6ttr\u00e4tter.<\/p>\n<p>Vi rekommenderar en serveringstemperatur p\u00e5 6-9 \u00b0.<\/p>\n","protected":false},"excerpt":{"rendered":"<p>Treviso DOC Prosecco <\/p>\n","protected":false},"featured_media":93406,"template":"","meta":{"_acf_changed":false,"rs_blank_template":"","rs_page_bg_color":"","slide_template_v7":""},"product_brand":[],"product_cat":[2776,2784],"product_tag":[],"class_list":{"0":"post-21513","1":"product","2":"type-product","3":"status-publish","4":"has-post-thumbnail","6":"product_cat-mousserende-sv","7":"product_cat-prosecco-sv","8":"pa_champagne-type-brut-sv","9":"pa_drue-glera-sv","10":"pa_land-italien-sv","11":"pa_procent-11-sv","12":"pa_producent-luna-argenta-sv","13":"pa_region-treviso-sv","14":"pa_serveringstemperatur-6-9-sv","15":"pa_volume-75-sv","17":"first","18":"instock","19":"taxable","20":"shipping-taxable","21":"purchasable","22":"product-type-simple"},"bundled_by":["119989"],"bundle_stock_status":"instock","bundle_stock_quantity":null,"bundle_virtual":false,"bundle_layout":"","bundle_add_to_cart_form_location":"","bundle_editable_in_cart":false,"bundle_sold_individually_context":"","bundle_item_grouping":"","bundle_min_size":"","bundle_max_size":"","bundle_price":[],"bundled_items":[],"bundle_sell_ids":[],"acf":[],"_links":{"self":[{"href":"https:\/\/www.raschvin.com\/sv\/wp-json\/wp\/v2\/product\/21513","targetHints":{"allow":["GET"]}}],"collection":[{"href":"https:\/\/www.raschvin.com\/sv\/wp-json\/wp\/v2\/product"}],"about":[{"href":"https:\/\/www.raschvin.com\/sv\/wp-json\/wp\/v2\/types\/product"}],"wp:featuredmedia":[{"embeddable":true,"href":"https:\/\/www.raschvin.com\/sv\/wp-json\/wp\/v2\/media\/93406"}],"wp:attachment":[{"href":"https:\/\/www.raschvin.com\/sv\/wp-json\/wp\/v2\/media?parent=21513"}],"wp:term":[{"taxonomy":"product_brand","embeddable":true,"href":"https:\/\/www.raschvin.com\/sv\/wp-json\/wp\/v2\/product_brand?post=21513"},{"taxonomy":"product_cat","embeddable":true,"href":"https:\/\/www.raschvin.com\/sv\/wp-json\/wp\/v2\/product_cat?post=21513"},{"taxonomy":"product_tag","embeddable":true,"href":"https:\/\/www.raschvin.com\/sv\/wp-json\/wp\/v2\/product_tag?post=21513"}],"curies":[{"name":"wp","href":"https:\/\/api.w.org\/{rel}","templated":true}]}}