{"id":21511,"date":"2022-06-16T13:44:26","date_gmt":"2022-06-16T11:44:26","guid":{"rendered":"https:\/\/www.raschvin.com\/vare\/brachetto-dacqui-docg\/"},"modified":"2025-03-20T12:08:38","modified_gmt":"2025-03-20T11:08:38","slug":"brachetto-dacqui-docg","status":"publish","type":"product","link":"https:\/\/www.raschvin.com\/sv\/produkt\/brachetto-dacqui-docg\/","title":{"rendered":"Scanavino &#8211; Brachetto d\u00b4Acqui DOCG 75 cl. 6%"},"content":{"rendered":"<p>Den distinkta Brachetto-druvan \u00e4r k\u00e4nd i b\u00e5de Piemonte och s\u00f6dra Frankrike, men h\u00e4r fr\u00e5n Piemonte runt staden Acqui i nordv\u00e4stra Italien levererar druvan gott om fruktens s\u00f6tma i ett r\u00f6tt, mjukt bubblande dessertvin som v\u00e4cker somrar med minnen av jordgubbar, hallon och massor av sommarfrukt med en touch av pepparkrydda som ger komplexitet.<\/p>\n<p>Lite popul\u00e4rt, man kan kalla det en r\u00f6d variant av Muscat \/ Moscato &#8211; kanske inte 100% exakt, men det underl\u00e4ttar f\u00f6rst\u00e5elsen!<\/p>\n<p>Tillverkad med mycket l\u00e5ng, sval j\u00e4sning med charmatmetoden, du f\u00e5r ett vin med fina, inte \u00f6verdrivna bubblor och en bra komplexitet.<\/p>\n<p>Brachetto \u00e4r det perfekta vinet f\u00f6r f\u00e4rska jordgubbar, hallon eller melonbitar om vinet \u00e4r kylt och ungt. \u00c4ven som v\u00e4lkomstdrink \u00e4r vinet v\u00e4l valt, eftersom den rika frukten och s\u00f6theten sk\u00e4rper aptiten och sinnena med ett vin som har en m\u00e5ttlig alkoholhalt p\u00e5 6%.<\/p>\n<p>\u00c5tnj\u00f6t direkt fr\u00e5n kylsk\u00e5pets botten.<\/p>\n","protected":false},"excerpt":{"rendered":"<p>Red Sweet Italian Sparkling Wine<\/p>\n","protected":false},"featured_media":95174,"template":"","meta":{"_acf_changed":false,"rs_blank_template":"","rs_page_bg_color":"","slide_template_v7":""},"product_brand":[],"product_cat":[2776,2779],"product_tag":[],"class_list":{"0":"post-21511","1":"product","2":"type-product","3":"status-publish","4":"has-post-thumbnail","6":"product_cat-mousserende-sv","7":"product_cat-andra-mousserende","8":"pa_drue-brachetto-sv","9":"pa_land-italien-sv","10":"pa_procent-6-sv","11":"pa_producent-scanavino-sv","12":"pa_region-piemonte-sv","13":"pa_serveringstemperatur-7-9-sv","14":"pa_volume-75-sv","16":"first","17":"instock","18":"taxable","19":"shipping-taxable","20":"purchasable","21":"product-type-simple"},"bundled_by":[],"bundle_stock_status":"instock","bundle_stock_quantity":null,"bundle_virtual":false,"bundle_layout":"","bundle_add_to_cart_form_location":"","bundle_editable_in_cart":false,"bundle_sold_individually_context":"","bundle_item_grouping":"","bundle_min_size":"","bundle_max_size":"","bundle_price":[],"bundled_items":[],"bundle_sell_ids":[],"acf":[],"_links":{"self":[{"href":"https:\/\/www.raschvin.com\/sv\/wp-json\/wp\/v2\/product\/21511","targetHints":{"allow":["GET"]}}],"collection":[{"href":"https:\/\/www.raschvin.com\/sv\/wp-json\/wp\/v2\/product"}],"about":[{"href":"https:\/\/www.raschvin.com\/sv\/wp-json\/wp\/v2\/types\/product"}],"wp:featuredmedia":[{"embeddable":true,"href":"https:\/\/www.raschvin.com\/sv\/wp-json\/wp\/v2\/media\/95174"}],"wp:attachment":[{"href":"https:\/\/www.raschvin.com\/sv\/wp-json\/wp\/v2\/media?parent=21511"}],"wp:term":[{"taxonomy":"product_brand","embeddable":true,"href":"https:\/\/www.raschvin.com\/sv\/wp-json\/wp\/v2\/product_brand?post=21511"},{"taxonomy":"product_cat","embeddable":true,"href":"https:\/\/www.raschvin.com\/sv\/wp-json\/wp\/v2\/product_cat?post=21511"},{"taxonomy":"product_tag","embeddable":true,"href":"https:\/\/www.raschvin.com\/sv\/wp-json\/wp\/v2\/product_tag?post=21511"}],"curies":[{"name":"wp","href":"https:\/\/api.w.org\/{rel}","templated":true}]}}