{"id":21510,"date":"2022-06-16T13:44:26","date_gmt":"2022-06-16T11:44:26","guid":{"rendered":"https:\/\/www.raschvin.com\/vare\/chateau-barbebelle-rose\/"},"modified":"2022-11-10T09:15:48","modified_gmt":"2022-11-10T08:15:48","slug":"chateau-barbebelle-rose","status":"publish","type":"product","link":"https:\/\/www.raschvin.com\/sv\/produkt\/chateau-barbebelle-rose\/","title":{"rendered":"Ch\u00e2teau Barbebelle Ros\u00e9 Cuv\u00e9e Madeleine 75 cl."},"content":{"rendered":"<p>Torr och elegant vuxenros med lika delar aromintensitet och sofistikering.<\/p>\n<p>Ch\u00e2teau Barbebelle \u00e4r ros\u00e9-specialister fr\u00e5n Provence, som \u00e4gnar s\u00e5 mycket som 75% av sin produktion till ros\u00e9vin. Familjefastigheten \u00e4r nu under Brice Herbeaus ledning 4: e generationen och ligger i Rognes, ca. 15 mil nordv\u00e4st om Aix-en-Provence. H\u00e4r st\u00e5r de mer \u00e4n 40 hektar vinstockar i en terroir med lerig sandsten.<\/p>\n<p>Denna eleganta &#8221;Cuv\u00e9e Madeleine&#8221; har skapats p\u00e5 basis av 60% grenache och 40% syrah, som under temperaturkontroll genomg\u00e5r en kort maceration f\u00f6r att uppn\u00e5 r\u00e4tt, delikat laxf\u00e4rgat vin. Arom och smak har f\u00f6rf\u00f6riska element av granat\u00e4pple, f\u00e4rska jordgubbar, mogna k\u00f6rsb\u00e4r med blommiga undertoner. Vacker intensitet \u00e4r insvept i mogen frukt och en torr finish. Fullheten balanseras av en uppfriskande syra, s\u00e5 den totala upplevelsen uttalas s\u00f6ml\u00f6s.<\/p>\n<p>Det \u00e4r uppenbart att njuta av Ch\u00e2teau Barbebelle som aperitif eller glaset i tid, medan det \u00e4r mindre k\u00e4nt att bra ros\u00e9vin som detta \u00e4r utm\u00e4rkt matvin. Prova det f\u00f6r en fisksoppa a&#8217;la bouillabaisse, f\u00f6r kokta krabbor, paella, stekt kyckling med gr\u00f6n sallad, f\u00f6r grillad fisk eller f\u00f6r det starkare fj\u00e4rran \u00f6stern k\u00f6ket.<\/p>\n<p>Vi rekommenderar ett rymligt vitt vinglas av &#8217;burgundy-typ&#8217; tillsammans med en serveringstemperatur p\u00e5 8-11 \u00b0.<\/p>\n<p>89+ Robert Parker&#8217;s Wine Advocate<\/p>\n<p>&#8221;While scents of bay leaf, redcurrant and citrus mark the nose, the palate is medium-bodied, plump and appealing, backed by a core of wiry acidity. Long and stony on the finish, this is one Provence ros\u00e9 that may actually taste better next year.&#8221;<\/p>\n","protected":false},"excerpt":{"rendered":"<p>Coteaux d&#8217;Aix en Provence &#8211; France<\/p>\n","protected":false},"featured_media":17558,"template":"","meta":{"_acf_changed":false,"rs_blank_template":"","rs_page_bg_color":"","slide_template_v7":""},"product_brand":[],"product_cat":[2796,7779,2788],"product_tag":[],"class_list":{"0":"post-21510","1":"product","2":"type-product","3":"status-publish","4":"has-post-thumbnail","6":"product_cat-rosevin-sv","7":"product_cat-sommar-rose","8":"product_cat-vin-sv","9":"pa_drue-cabernet-sauvignon-sv","10":"pa_drue-cinsault-sv","11":"pa_drue-grenache-sv","12":"pa_drue-rolle-sv","13":"pa_land-frankrike","14":"pa_procent-13-sv","15":"pa_producent-chateau-barbebelle-sv","16":"pa_region-provence-coteaux-daix-en-provence-sv","17":"pa_serveringstemperatur-8-11-sv","18":"pa_volume-75-sv","20":"first","21":"instock","22":"taxable","23":"shipping-taxable","24":"purchasable","25":"product-type-simple"},"bundled_by":["120289","120370"],"bundle_stock_status":"instock","bundle_stock_quantity":null,"bundle_virtual":false,"bundle_layout":"","bundle_add_to_cart_form_location":"","bundle_editable_in_cart":false,"bundle_sold_individually_context":"","bundle_item_grouping":"","bundle_min_size":"","bundle_max_size":"","bundle_price":[],"bundled_items":[],"bundle_sell_ids":[],"acf":[],"_links":{"self":[{"href":"https:\/\/www.raschvin.com\/sv\/wp-json\/wp\/v2\/product\/21510","targetHints":{"allow":["GET"]}}],"collection":[{"href":"https:\/\/www.raschvin.com\/sv\/wp-json\/wp\/v2\/product"}],"about":[{"href":"https:\/\/www.raschvin.com\/sv\/wp-json\/wp\/v2\/types\/product"}],"wp:featuredmedia":[{"embeddable":true,"href":"https:\/\/www.raschvin.com\/sv\/wp-json\/wp\/v2\/media\/17558"}],"wp:attachment":[{"href":"https:\/\/www.raschvin.com\/sv\/wp-json\/wp\/v2\/media?parent=21510"}],"wp:term":[{"taxonomy":"product_brand","embeddable":true,"href":"https:\/\/www.raschvin.com\/sv\/wp-json\/wp\/v2\/product_brand?post=21510"},{"taxonomy":"product_cat","embeddable":true,"href":"https:\/\/www.raschvin.com\/sv\/wp-json\/wp\/v2\/product_cat?post=21510"},{"taxonomy":"product_tag","embeddable":true,"href":"https:\/\/www.raschvin.com\/sv\/wp-json\/wp\/v2\/product_tag?post=21510"}],"curies":[{"name":"wp","href":"https:\/\/api.w.org\/{rel}","templated":true}]}}