{"id":21507,"date":"2022-06-16T13:43:35","date_gmt":"2022-06-16T11:43:35","guid":{"rendered":"https:\/\/www.raschvin.com\/vare\/les-mougeottes-chardonnay\/"},"modified":"2022-11-23T12:20:47","modified_gmt":"2022-11-23T11:20:47","slug":"les-mougeottes-chardonnay","status":"publish","type":"product","link":"https:\/\/www.raschvin.com\/sv\/produkt\/les-mougeottes-chardonnay\/","title":{"rendered":"Les Mougeottes Chardonnay 75 cl."},"content":{"rendered":"<p>Torr och fyllig men disciplinerad chardonnay fr\u00e5n sydv\u00e4stra Frankrike, som inneh\u00e5ller landets absolut b\u00e4sta viner till priset. Detta vin inneh\u00e5ller m\u00e5nga av kvaliteterna av vita burgunderviner, men till ett pris d\u00e4r Burgund inte \u00e4r n\u00e4ra att kunna delta.<\/p>\n<p>Druvorna kommer fr\u00e5n olika h\u00f6gt liggande omr\u00e5den, vilket resulterar i f\u00e4rskhet i druvmaterialet och s\u00e4kerst\u00e4ller en l\u00e5ng v\u00e4xts\u00e4song, vilket ger god komplexitet i det f\u00e4rdiga vinet. F\u00f6rvaring p\u00e5 kvalitetsek ger en perfekt mognad av vinet och ger mjuka, kr\u00e4miga nyanser.<\/p>\n<p>Les Mougeottes \u00e4r en intensiv och extremt v\u00e4lgjord chardonnay med uttrycksfulla citrus, persika och l\u00e4tt rostade toner fr\u00e5n f\u00f6rvaringen, som h\u00e5lls i schack av en livgivande syrafr\u00e4schhet.<br \/>\nDenna chardonnay ger en fantastisk kombination av koncentration och finess som vanligtvis \u00e4r reserverad f\u00f6r mycket dyrare viner.<\/p>\n<p>Njut av vinet vid en serveringstemperatur p\u00e5 ca. 9-12 \u00b0, f\u00f6r starka fiskr\u00e4tter, f\u00f6r stekt fj\u00e4derf\u00e4, f\u00f6r att fylla sallader eller som ett rej\u00e4lt aperitifvin.<\/p>\n<p>Vinet smakar utm\u00e4rkt nu, s\u00e5 det \u00e4r inte det vin du vanligtvis l\u00e4gger i k\u00e4llaren, \u00e4ven om det antagligen borde ta n\u00e5gra \u00e5r.<\/p>\n","protected":false},"excerpt":{"rendered":"<p>Vieilles Vignes Pays d&#8217;Oc IGP &#8211; France                                                 <\/p>\n","protected":false},"featured_media":87028,"template":"","meta":{"_acf_changed":false,"rs_blank_template":"","rs_page_bg_color":"","slide_template_v7":""},"product_brand":[],"product_cat":[2788,2792],"product_tag":[],"class_list":{"0":"post-21507","1":"product","2":"type-product","3":"status-publish","4":"has-post-thumbnail","6":"product_cat-vin-sv","7":"product_cat-vitt-vin","8":"pa_drue-chardonnay-sv","9":"pa_land-frankrike","10":"pa_procent-13-sv","11":"pa_producent-les-mougeottes-sv","12":"pa_region-languedoc-roussillon-sv","13":"pa_serveringstemperatur-9-12-sv","14":"pa_volume-75-sv","16":"first","17":"instock","18":"taxable","19":"shipping-taxable","20":"purchasable","21":"product-type-simple"},"bundled_by":["119623","119707"],"bundle_stock_status":"instock","bundle_stock_quantity":null,"bundle_virtual":false,"bundle_layout":"","bundle_add_to_cart_form_location":"","bundle_editable_in_cart":false,"bundle_sold_individually_context":"","bundle_item_grouping":"","bundle_min_size":"","bundle_max_size":"","bundle_price":[],"bundled_items":[],"bundle_sell_ids":[],"acf":[],"_links":{"self":[{"href":"https:\/\/www.raschvin.com\/sv\/wp-json\/wp\/v2\/product\/21507","targetHints":{"allow":["GET"]}}],"collection":[{"href":"https:\/\/www.raschvin.com\/sv\/wp-json\/wp\/v2\/product"}],"about":[{"href":"https:\/\/www.raschvin.com\/sv\/wp-json\/wp\/v2\/types\/product"}],"wp:featuredmedia":[{"embeddable":true,"href":"https:\/\/www.raschvin.com\/sv\/wp-json\/wp\/v2\/media\/87028"}],"wp:attachment":[{"href":"https:\/\/www.raschvin.com\/sv\/wp-json\/wp\/v2\/media?parent=21507"}],"wp:term":[{"taxonomy":"product_brand","embeddable":true,"href":"https:\/\/www.raschvin.com\/sv\/wp-json\/wp\/v2\/product_brand?post=21507"},{"taxonomy":"product_cat","embeddable":true,"href":"https:\/\/www.raschvin.com\/sv\/wp-json\/wp\/v2\/product_cat?post=21507"},{"taxonomy":"product_tag","embeddable":true,"href":"https:\/\/www.raschvin.com\/sv\/wp-json\/wp\/v2\/product_tag?post=21507"}],"curies":[{"name":"wp","href":"https:\/\/api.w.org\/{rel}","templated":true}]}}