{"id":21503,"date":"2022-06-16T13:43:35","date_gmt":"2022-06-16T11:43:35","guid":{"rendered":"https:\/\/www.raschvin.com\/vare\/cave-du-roi-dagobert\/"},"modified":"2022-11-11T07:53:50","modified_gmt":"2022-11-11T06:53:50","slug":"cave-du-roi-dagobert","status":"publish","type":"product","link":"https:\/\/www.raschvin.com\/sv\/produkt\/cave-du-roi-dagobert\/","title":{"rendered":"Cr\u00e9mant d&#8217;Alsace &#8211; &#8217;St. Eloi&#8217; Brut 75 cl."},"content":{"rendered":"<p>Det kvalitetsorienterade kooperativet Cave du Roi Dagobert \u00e4r en p\u00e5litlig tillverkare av cr\u00e9man. De senare \u00e5ren har man hos Cave Roi du Dagobert gjort sig store anstrengelser f\u00f6r att implementere h\u00e5llbara dyrkningsmetoder, hvor anv\u00e4ndningen af \u200b\u200bpesticider och konstg\u00f8dning \u00e4r afl\u00f6st af mekanisk bearbetning och anv\u00e4ndning af organiska dyrkningsmetoder f\u00f6r att sk\u00e5ne milj\u00f6et mest m\u00f6jligt.<\/p>\n<p>Denna cr\u00e9mant \u00e4r \u2013 som loven f\u00f6rskriver och i lighed med champagne \u2013 gjort med andeng\u00e6ringen p\u00e5 flasken, vilket ger finere og mere vedvarende bobler.<\/p>\n<p>Cuv\u00e9e Saint-Eloi \u00e4r gjort p\u00e5 basis af druer fra pinot-familien, hvilket f\u00f6r Alsace\u2019s vedkommende betyder pinot blanc, pinot auxerrois og pinot noir.<\/p>\n<p>De har med denna vin beg\u00e5et en torr, elegant mousserende sag med fin, behaglig bobler och herligt blomstrede aromaer och en spr\u00f6d gr\u00f6n \u00e6blefrugt. Uttrycket \u00e4r rent och luftigt i en vin, det \u00e4r torrt utan att vara surt. Her \u00e4r massor av drinkgl\u00e6de til en pris, var de flesta kan vara med.<\/p>\n<p>Nyd vinen som aperitif eller som en mycket alsidig madledsager til inte for fede retter.<\/p>\n<p>Vi rekommenderar en serveringstemperatur p\u00e5 7-10\u00b0.<\/p>\n","protected":false},"excerpt":{"rendered":"<p>Cave du Roi Dagobert &#8211; French Sparkling Wine<\/p>\n","protected":false},"featured_media":17531,"template":"","meta":{"_acf_changed":false,"rs_blank_template":"","rs_page_bg_color":"","slide_template_v7":""},"product_brand":[],"product_cat":[2776,2783],"product_tag":[],"class_list":{"0":"post-21503","1":"product","2":"type-product","3":"status-publish","4":"has-post-thumbnail","6":"product_cat-mousserende-sv","7":"product_cat-cremant-sv","8":"pa_champagne-type-brut-sv","9":"pa_drue-pinot-auxerrois-sv","10":"pa_drue-pinot-blanc-sv","11":"pa_drue-pinot-noir-sv","12":"pa_land-frankrike","13":"pa_procent-12-sv","14":"pa_producent-cave-du-roi-dagobert-sv","15":"pa_region-cremant-dalsace-sv","16":"pa_serveringstemperatur-7-10-sv","17":"pa_volume-75-sv","19":"first","20":"instock","21":"taxable","22":"shipping-taxable","23":"purchasable","24":"product-type-simple"},"bundled_by":[],"bundle_stock_status":"instock","bundle_stock_quantity":null,"bundle_virtual":false,"bundle_layout":"","bundle_add_to_cart_form_location":"","bundle_editable_in_cart":false,"bundle_sold_individually_context":"","bundle_item_grouping":"","bundle_min_size":"","bundle_max_size":"","bundle_price":[],"bundled_items":[],"bundle_sell_ids":[],"acf":[],"_links":{"self":[{"href":"https:\/\/www.raschvin.com\/sv\/wp-json\/wp\/v2\/product\/21503","targetHints":{"allow":["GET"]}}],"collection":[{"href":"https:\/\/www.raschvin.com\/sv\/wp-json\/wp\/v2\/product"}],"about":[{"href":"https:\/\/www.raschvin.com\/sv\/wp-json\/wp\/v2\/types\/product"}],"wp:featuredmedia":[{"embeddable":true,"href":"https:\/\/www.raschvin.com\/sv\/wp-json\/wp\/v2\/media\/17531"}],"wp:attachment":[{"href":"https:\/\/www.raschvin.com\/sv\/wp-json\/wp\/v2\/media?parent=21503"}],"wp:term":[{"taxonomy":"product_brand","embeddable":true,"href":"https:\/\/www.raschvin.com\/sv\/wp-json\/wp\/v2\/product_brand?post=21503"},{"taxonomy":"product_cat","embeddable":true,"href":"https:\/\/www.raschvin.com\/sv\/wp-json\/wp\/v2\/product_cat?post=21503"},{"taxonomy":"product_tag","embeddable":true,"href":"https:\/\/www.raschvin.com\/sv\/wp-json\/wp\/v2\/product_tag?post=21503"}],"curies":[{"name":"wp","href":"https:\/\/api.w.org\/{rel}","templated":true}]}}