{"id":21502,"date":"2022-06-16T13:43:35","date_gmt":"2022-06-16T11:43:35","guid":{"rendered":"https:\/\/www.raschvin.com\/vare\/mas-de-boislauzon-2\/"},"modified":"2022-11-26T07:24:14","modified_gmt":"2022-11-26T06:24:14","slug":"mas-de-boislauzon-2","status":"publish","type":"product","link":"https:\/\/www.raschvin.com\/sv\/produkt\/mas-de-boislauzon-2\/","title":{"rendered":"Mas de Boislauzon &#8211; Chateauneuf-du-Pape (ECO) 75 cl."},"content":{"rendered":"<p>Mas de Boislauzon ligger nordligst i ch\u00e2teauneuf-zonen, ganska n\u00e4ra Beaucastel. S\u00f8skendeparret Daniel och Christine Chaussy r\u00e5der over parceller i Pignan (sand), Bois Lauzon (store rullesten\/galets roul\u00e9s) s\u00e5v\u00e4l som som la Gardiole, les Brusquieres og Palestor (lerholdig jord). Sedan 2016 har sl\u00e4ktparrets respektive barn ocks\u00e5 varit en del av teamet.<br \/>\nFamiljen Chaussy har l\u00e4nge odlat ekologiskt, och \u00e4r sedan 2012-\u00e5rg\u00e5ngen fullt certifierad.<\/p>\n<p>Vinen \u00e4r gjort med basis i ca. 70 \u00e5r gamla, lavtydende vinstokke.<br \/>\nDe afstilkede druer bliver til vin uden brug af kulturg\u00e6r: de f\u00e5r starthj\u00e4lp en &#8217;pied de cuv\u00e9e&#8217; af naturg\u00e6r.<br \/>\nEfter en m\u00e5nads maceration lagras 16 m\u00e5nader, mestendels i betongtank men ocks\u00e5 i gamla egefade inom efterapning, som p\u00e5g\u00e5r utan filtrering.<\/p>\n<p>Grenache dominerer procentuellt just blendet, men stilen \u00e4r via 40% mourv\u00e8dre maskulin och kraftfull; en vin med buskede \u00f8jenbryn men samtidig ocks\u00e5 en elegantier med blommeagtig frugtfylde, \u00e0 la grecque oliven, r\u00e5lakrids, bakkelit, laurb\u00e6rblad, lavendel samt en sjat hindb\u00e6r. Smagen \u00e4r intensiv och fyllig med ungdommelig, dyster frugt.<\/p>\n<p>Over tid aftager b\u00e5de vildskab och m\u00f8rk b\u00e6rfrugt, der i st\u00e4llet afl\u00f8ses af modne nuancer af l\u00e6der och tobak i takt med att tanninerne slipper deras greb &#8211; en process der p\u00e5g\u00e5r \u00f6ver ca. 10-30 \u00e5r.<\/p>\n<p>95 po\u00e4ng Jeb Dunnuck<\/p>\n<p>&#8221;Denna kraftfulla, mogna, otroligt sexiga sk\u00f6nhet b\u00f6r ryckas upp av l\u00e4sarna. Svarta vinb\u00e4r, svarta k\u00f6rsb\u00e4r, malda \u00f6rter, grafit och lakritsnoter flyter alla till en djup, fyllig, gungigt strukturerad bascuv\u00e9e som mer \u00e4n levererar varorna. Expansiv, skiktad och koncentrerad, den konkurrerar med de flesta speciella cuv\u00e9er d\u00e4r ute. Den \u00e4r inte f\u00f6r t\u00f6ntar. Drick detta fantastiska vin under det kommande decenniet.&#8221;<\/p>\n<p>94 po\u00e4ng Wine Entusiast Magazine<\/p>\n<p>92 po\u00e4ng The Wine Cellar Insider<\/p>\n<p>&#8221;Detta \u00e4r fortfarande ett av de b\u00e4sta fynden i Chateauneuf du Pape f\u00f6r karakt\u00e4r och kvalitet idag.&#8221;<\/p>\n","protected":false},"excerpt":{"rendered":"<p>Vin de Tradition &#8211; Rh\u00f4ne &#8211; France<\/p>\n","protected":false},"featured_media":30346,"template":"","meta":{"_acf_changed":false,"rs_blank_template":"","rs_page_bg_color":"","slide_template_v7":""},"product_brand":[],"product_cat":[2788,2798],"product_tag":[],"class_list":{"0":"post-21502","1":"product","2":"type-product","3":"status-publish","4":"has-post-thumbnail","6":"product_cat-vin-sv","7":"product_cat-roedvin-sv","8":"pa_drue-grenache-70-sv","9":"pa_drue-mourvedre-30-sv","10":"pa_land-frankrike","11":"pa_oekologisk-organisk","12":"pa_procent-15-sv","13":"pa_producent-mas-de-boislauzon-sv","14":"pa_region-rhone-valley-sv","15":"pa_serveringstemperatur-16-17-sv","16":"pa_volume-75-sv","18":"first","19":"instock","20":"taxable","21":"shipping-taxable","22":"purchasable","23":"product-type-simple"},"bundled_by":[],"bundle_stock_status":"instock","bundle_stock_quantity":null,"bundle_virtual":false,"bundle_layout":"","bundle_add_to_cart_form_location":"","bundle_editable_in_cart":false,"bundle_sold_individually_context":"","bundle_item_grouping":"","bundle_min_size":"","bundle_max_size":"","bundle_price":[],"bundled_items":[],"bundle_sell_ids":[],"acf":[],"_links":{"self":[{"href":"https:\/\/www.raschvin.com\/sv\/wp-json\/wp\/v2\/product\/21502","targetHints":{"allow":["GET"]}}],"collection":[{"href":"https:\/\/www.raschvin.com\/sv\/wp-json\/wp\/v2\/product"}],"about":[{"href":"https:\/\/www.raschvin.com\/sv\/wp-json\/wp\/v2\/types\/product"}],"wp:featuredmedia":[{"embeddable":true,"href":"https:\/\/www.raschvin.com\/sv\/wp-json\/wp\/v2\/media\/30346"}],"wp:attachment":[{"href":"https:\/\/www.raschvin.com\/sv\/wp-json\/wp\/v2\/media?parent=21502"}],"wp:term":[{"taxonomy":"product_brand","embeddable":true,"href":"https:\/\/www.raschvin.com\/sv\/wp-json\/wp\/v2\/product_brand?post=21502"},{"taxonomy":"product_cat","embeddable":true,"href":"https:\/\/www.raschvin.com\/sv\/wp-json\/wp\/v2\/product_cat?post=21502"},{"taxonomy":"product_tag","embeddable":true,"href":"https:\/\/www.raschvin.com\/sv\/wp-json\/wp\/v2\/product_tag?post=21502"}],"curies":[{"name":"wp","href":"https:\/\/api.w.org\/{rel}","templated":true}]}}