{"id":21498,"date":"2022-06-16T13:43:35","date_gmt":"2022-06-16T11:43:35","guid":{"rendered":"https:\/\/www.raschvin.com\/vare\/les-peyrautins-pinot-noir\/"},"modified":"2022-11-23T12:27:48","modified_gmt":"2022-11-23T11:27:48","slug":"les-peyrautins-pinot-noir","status":"publish","type":"product","link":"https:\/\/www.raschvin.com\/sv\/produkt\/les-peyrautins-pinot-noir\/","title":{"rendered":"Les Peyrautins Pinot Noir 75 cl."},"content":{"rendered":"<p>Slutligen en prisv\u00e4rd pinot noir som varken \u00e4r ambiti\u00f6s eller h\u00f6gtidlig; Les Peyrautins Pinot Noir \u00e4r en trevlig, drickbar hum\u00f6rspridare. Pinot noir \u00e4r mer \u00e4n bara den r\u00f6da vinr\u00f6da druvan; det har pr\u00f6vats \u00f6ver hela v\u00e4rlden med fluktuerande framg\u00e5ng &#8211; oftast utan! I sydv\u00e4stra Frankrike har dock druvan byggt upp sin egen identitet, en mer demokratisk stil som visserligen uppvisar mindre elegans \u00e4n i Bourgogne, men i geng\u00e4ld samtidigt med en mindre \u00f6mt\u00e5lig frukt \u00e4n h\u00e4rdens.<\/p>\n<p>Les Peyrautins \u00e4r fortfarande silkeslen mjukt vin till ett helt annat \u00e4tbart pris \u00e4n Burgundys pris-sky-stormare. Den utm\u00e4rkta \u00e5rg\u00e5ngen fr\u00e5n 2019 ger h\u00e4r en pinot noir-tolkning med en h\u00e4lsosam k\u00e4rna av s\u00f6ta jordgubbar, hallon och lite molnb\u00e4r. Vinets struktur \u00e4r helt s\u00f6ml\u00f6s, d\u00e4r garvsyror utm\u00e4rker sig i deras fr\u00e5nvaro. M\u00e5ttlig 13% alkohol lugnar st\u00e4mningen och tillsammans med den milda frukten ger det ett uttalat l\u00e4ttdrickande vin.<\/p>\n<p>Njut av vinet n\u00e5got under rumstemperatur vid 13-17 \u00b0 f\u00f6r l\u00e4tta k\u00f6ttr\u00e4tter, men ocks\u00e5 f\u00f6r stekt lax eller som en fin \u201cslubrevin\u201d.<\/p>\n","protected":false},"excerpt":{"rendered":"<p>Pays D&#8217;OC &#8211; France<\/p>\n","protected":false},"featured_media":17507,"template":"","meta":{"_acf_changed":false,"rs_blank_template":"","rs_page_bg_color":"","slide_template_v7":""},"product_brand":[],"product_cat":[2788,2798],"product_tag":[],"class_list":{"0":"post-21498","1":"product","2":"type-product","3":"status-publish","4":"has-post-thumbnail","6":"product_cat-vin-sv","7":"product_cat-roedvin-sv","8":"pa_drue-pinot-noir-sv","9":"pa_land-frankrike","10":"pa_procent-13-sv","11":"pa_producent-lgi-wines-sv","12":"pa_region-languedoc-roussillon-sv","13":"pa_serveringstemperatur-13-17-sv","14":"pa_volume-75-sv","16":"first","17":"instock","18":"taxable","19":"shipping-taxable","20":"purchasable","21":"product-type-simple"},"bundled_by":[],"bundle_stock_status":"instock","bundle_stock_quantity":null,"bundle_virtual":false,"bundle_layout":"","bundle_add_to_cart_form_location":"","bundle_editable_in_cart":false,"bundle_sold_individually_context":"","bundle_item_grouping":"","bundle_min_size":"","bundle_max_size":"","bundle_price":[],"bundled_items":[],"bundle_sell_ids":[],"acf":[],"_links":{"self":[{"href":"https:\/\/www.raschvin.com\/sv\/wp-json\/wp\/v2\/product\/21498","targetHints":{"allow":["GET"]}}],"collection":[{"href":"https:\/\/www.raschvin.com\/sv\/wp-json\/wp\/v2\/product"}],"about":[{"href":"https:\/\/www.raschvin.com\/sv\/wp-json\/wp\/v2\/types\/product"}],"wp:featuredmedia":[{"embeddable":true,"href":"https:\/\/www.raschvin.com\/sv\/wp-json\/wp\/v2\/media\/17507"}],"wp:attachment":[{"href":"https:\/\/www.raschvin.com\/sv\/wp-json\/wp\/v2\/media?parent=21498"}],"wp:term":[{"taxonomy":"product_brand","embeddable":true,"href":"https:\/\/www.raschvin.com\/sv\/wp-json\/wp\/v2\/product_brand?post=21498"},{"taxonomy":"product_cat","embeddable":true,"href":"https:\/\/www.raschvin.com\/sv\/wp-json\/wp\/v2\/product_cat?post=21498"},{"taxonomy":"product_tag","embeddable":true,"href":"https:\/\/www.raschvin.com\/sv\/wp-json\/wp\/v2\/product_tag?post=21498"}],"curies":[{"name":"wp","href":"https:\/\/api.w.org\/{rel}","templated":true}]}}