{"id":17441,"date":"2022-05-30T15:12:43","date_gmt":"2022-05-30T13:12:43","guid":{"rendered":"https:\/\/www.raschvin.com\/vare\/strega-amaretto-28-70-cl\/"},"modified":"2022-12-07T15:18:26","modified_gmt":"2022-12-07T14:18:26","slug":"strega-amaretto-28-70-cl","status":"publish","type":"product","link":"https:\/\/www.raschvin.com\/sv\/produkt\/strega-amaretto-28-70-cl\/","title":{"rendered":"Strega Amaretto Liqueur 70 cl. 28%"},"content":{"rendered":"<p>Distilleria Strega, Liquore Amaretto Den lilla syditalienska staden Benevento, som tillh\u00f6rde Vatikanen i Rom, var enligt en gammal legend en m\u00f6tesplats f\u00f6r h\u00e4xor runt om i v\u00e4rlden. 1860 blev staden ocks\u00e5 en &#8221;m\u00f6tesplats&#8221; f\u00f6r Giuseppe Alberti, d\u00e5 han grundade sitt f\u00f6retag h\u00e4r. Giuseppe Alberti tog \u00f6ver ett hemligt recept fr\u00e5n det lokala klostret, som han vidareutvecklade i samarbete med sin far. Genom att k\u00e4nna till legenden valde de att kalla sin produkt Liquore Strega, som p\u00e5 italienska betyder h\u00e4xlik\u00f6r. F\u00f6rutom att producera Liquore Strega tillverkar Distilleria Stega \u00e4ven andra lik\u00f6rer, t.ex. Amaretto och Sambuca, samt Grappa. Distilleria Strega, Liquore Amaretto Liquore Amaretto avsl\u00f6jar nya aromer med varje klunk. S\u00f6ta kryddor, bourbonvaniljst\u00e5ng fr\u00e5n Madagaskar och Kakaolik\u00f6r hj\u00e4lper till att ge en s\u00f6t och behaglig smak med en typisk touch av mandel. Det \u00e4r en balanserad och h\u00e4rlig Amaretto.<\/p>\n","protected":false},"excerpt":{"rendered":"<p>Italian Almond Liqueur<\/p>\n","protected":false},"featured_media":14421,"template":"","meta":{"_acf_changed":false,"rs_blank_template":"","rs_page_bg_color":"","slide_template_v7":""},"product_brand":[],"product_cat":[2387,2390,4716],"product_tag":[],"class_list":{"0":"post-17441","1":"product","2":"type-product","3":"status-publish","4":"has-post-thumbnail","6":"product_cat-avec-sv","7":"product_cat-sprit","8":"product_cat-andra-likorer","9":"pa_land-italien-benevento-sv","10":"pa_procent-28-sv","11":"pa_producent-strega-sv","12":"pa_volume-70-sv-2","14":"first","15":"instock","16":"taxable","17":"shipping-taxable","18":"purchasable","19":"product-type-simple"},"bundled_by":[],"bundle_stock_status":"instock","bundle_stock_quantity":null,"bundle_virtual":false,"bundle_layout":"","bundle_add_to_cart_form_location":"","bundle_editable_in_cart":false,"bundle_sold_individually_context":"","bundle_item_grouping":"","bundle_min_size":"","bundle_max_size":"","bundle_price":[],"bundled_items":[],"bundle_sell_ids":[],"acf":[],"_links":{"self":[{"href":"https:\/\/www.raschvin.com\/sv\/wp-json\/wp\/v2\/product\/17441","targetHints":{"allow":["GET"]}}],"collection":[{"href":"https:\/\/www.raschvin.com\/sv\/wp-json\/wp\/v2\/product"}],"about":[{"href":"https:\/\/www.raschvin.com\/sv\/wp-json\/wp\/v2\/types\/product"}],"wp:featuredmedia":[{"embeddable":true,"href":"https:\/\/www.raschvin.com\/sv\/wp-json\/wp\/v2\/media\/14421"}],"wp:attachment":[{"href":"https:\/\/www.raschvin.com\/sv\/wp-json\/wp\/v2\/media?parent=17441"}],"wp:term":[{"taxonomy":"product_brand","embeddable":true,"href":"https:\/\/www.raschvin.com\/sv\/wp-json\/wp\/v2\/product_brand?post=17441"},{"taxonomy":"product_cat","embeddable":true,"href":"https:\/\/www.raschvin.com\/sv\/wp-json\/wp\/v2\/product_cat?post=17441"},{"taxonomy":"product_tag","embeddable":true,"href":"https:\/\/www.raschvin.com\/sv\/wp-json\/wp\/v2\/product_tag?post=17441"}],"curies":[{"name":"wp","href":"https:\/\/api.w.org\/{rel}","templated":true}]}}