{"id":17440,"date":"2022-05-30T15:12:43","date_gmt":"2022-05-30T13:12:43","guid":{"rendered":"https:\/\/www.raschvin.com\/vare\/strega-sambuca-38-70-cl\/"},"modified":"2022-12-07T15:27:44","modified_gmt":"2022-12-07T14:27:44","slug":"strega-sambuca-38-70-cl","status":"publish","type":"product","link":"https:\/\/www.raschvin.com\/sv\/produkt\/strega-sambuca-38-70-cl\/","title":{"rendered":"Strega Sambuca Liqueur 70 cl. 38%"},"content":{"rendered":"<p>Distilleria Strega, Liquore Sambuca Den lilla syditalienska staden Benevento, som tillh\u00f6rde Vatikanen i Rom, var enligt en gammal legend en m\u00f6tesplats f\u00f6r h\u00e4xor runt om i v\u00e4rlden. 1860 blev staden ocks\u00e5 en &#8221;m\u00f6tesplats&#8221; f\u00f6r Giuseppe Alberti, d\u00e5 han grundade sitt f\u00f6retag h\u00e4r. Giuseppe Alberti tog \u00f6ver ett hemligt recept fr\u00e5n det lokala klostret, som han vidareutvecklade i samarbete med sin far. Genom att k\u00e4nna till legenden valde de att kalla sin produkt Liquore Strega, som p\u00e5 italienska betyder h\u00e4xlik\u00f6r. F\u00f6rutom att producera Liquore Strega tillverkar Distilleria Strega \u00e4ven andra lik\u00f6rer, t.ex. Amaretto och Sambuca, samt Grappa. Distilleria Strega, Liquore Sambuca En sambuca av mycket h\u00f6g kvalitet, som tillverkas uteslutande av de finaste ingredienserna. Den har en unik s\u00f6tma, v\u00e4rme, samt en harmonisk smak av stj\u00e4rnanis.<\/p>\n","protected":false},"excerpt":{"rendered":"<p>Italian Anis Liqueur<\/p>\n","protected":false},"featured_media":14417,"template":"","meta":{"_acf_changed":false,"rs_blank_template":"","rs_page_bg_color":"","slide_template_v7":""},"product_brand":[],"product_cat":[2387,2390,4666],"product_tag":[],"class_list":{"0":"post-17440","1":"product","2":"type-product","3":"status-publish","4":"has-post-thumbnail","6":"product_cat-avec-sv","7":"product_cat-sprit","8":"product_cat-lakrits-sprit","9":"pa_land-italien-benevento-sv","10":"pa_procent-38-sv","11":"pa_producent-strega-sv","12":"pa_volume-70-sv-2","14":"first","15":"instock","16":"taxable","17":"shipping-taxable","18":"purchasable","19":"product-type-simple"},"bundled_by":[],"bundle_stock_status":"instock","bundle_stock_quantity":null,"bundle_virtual":false,"bundle_layout":"","bundle_add_to_cart_form_location":"","bundle_editable_in_cart":false,"bundle_sold_individually_context":"","bundle_item_grouping":"","bundle_min_size":"","bundle_max_size":"","bundle_price":[],"bundled_items":[],"bundle_sell_ids":[],"acf":[],"_links":{"self":[{"href":"https:\/\/www.raschvin.com\/sv\/wp-json\/wp\/v2\/product\/17440","targetHints":{"allow":["GET"]}}],"collection":[{"href":"https:\/\/www.raschvin.com\/sv\/wp-json\/wp\/v2\/product"}],"about":[{"href":"https:\/\/www.raschvin.com\/sv\/wp-json\/wp\/v2\/types\/product"}],"wp:featuredmedia":[{"embeddable":true,"href":"https:\/\/www.raschvin.com\/sv\/wp-json\/wp\/v2\/media\/14417"}],"wp:attachment":[{"href":"https:\/\/www.raschvin.com\/sv\/wp-json\/wp\/v2\/media?parent=17440"}],"wp:term":[{"taxonomy":"product_brand","embeddable":true,"href":"https:\/\/www.raschvin.com\/sv\/wp-json\/wp\/v2\/product_brand?post=17440"},{"taxonomy":"product_cat","embeddable":true,"href":"https:\/\/www.raschvin.com\/sv\/wp-json\/wp\/v2\/product_cat?post=17440"},{"taxonomy":"product_tag","embeddable":true,"href":"https:\/\/www.raschvin.com\/sv\/wp-json\/wp\/v2\/product_tag?post=17440"}],"curies":[{"name":"wp","href":"https:\/\/api.w.org\/{rel}","templated":true}]}}