{"id":17438,"date":"2022-05-30T15:12:43","date_gmt":"2022-05-30T13:12:43","guid":{"rendered":"https:\/\/www.raschvin.com\/vare\/aurum-40-70-cl\/"},"modified":"2023-03-13T10:07:57","modified_gmt":"2023-03-13T09:07:57","slug":"aurum-40-70-cl","status":"publish","type":"product","link":"https:\/\/www.raschvin.com\/sv\/produkt\/aurum-40-70-cl\/","title":{"rendered":"Aurum &#8211; Golden Orange Liqueur 70 cl. 40%"},"content":{"rendered":"<p>Golden Orange Liqueur: Abruzzo-specialitet som kommer fr\u00e5n kombinationen av ett destillat av fina viner och en citrusfrukt. Den b\u00e4rnstensf\u00e4rgade f\u00e4rgen \u00e4r en produkt av en perfekt sammansm\u00e4ltning av aromer och smaker som kondenseras i destilleriet och sedan balanseras i ekfat. I gommen \u00e4r den varm och omslutande med inslag av ekfat. TIPS: perfekt f\u00f6r att \u00e5tf\u00f6lja desserter.; Producent: ILLVA SARONNO; Land: ITALIEN; Region: Abruzzo;<\/p>\n","protected":false},"excerpt":{"rendered":"<p>Italian Orange-Brandy Liqueur<\/p>\n","protected":false},"featured_media":14406,"template":"","meta":{"_acf_changed":false,"rs_blank_template":"","rs_page_bg_color":"","slide_template_v7":""},"product_brand":[],"product_cat":[4716,2387,4670,2390],"product_tag":[],"class_list":{"0":"post-17438","1":"product","2":"type-product","3":"status-publish","4":"has-post-thumbnail","6":"product_cat-andra-likorer","7":"product_cat-avec-sv","8":"product_cat-frukt","9":"product_cat-sprit","10":"pa_land-italien-sv","11":"pa_procent-40-sv-2","12":"pa_region-abruzzo-sv","13":"pa_volume-70-sv-2","15":"first","16":"instock","17":"taxable","18":"shipping-taxable","19":"purchasable","20":"product-type-simple"},"bundled_by":[],"bundle_stock_status":"instock","bundle_stock_quantity":null,"bundle_virtual":false,"bundle_layout":"","bundle_add_to_cart_form_location":"","bundle_editable_in_cart":false,"bundle_sold_individually_context":"","bundle_item_grouping":"","bundle_min_size":"","bundle_max_size":"","bundle_price":[],"bundled_items":[],"bundle_sell_ids":[],"acf":[],"_links":{"self":[{"href":"https:\/\/www.raschvin.com\/sv\/wp-json\/wp\/v2\/product\/17438","targetHints":{"allow":["GET"]}}],"collection":[{"href":"https:\/\/www.raschvin.com\/sv\/wp-json\/wp\/v2\/product"}],"about":[{"href":"https:\/\/www.raschvin.com\/sv\/wp-json\/wp\/v2\/types\/product"}],"wp:featuredmedia":[{"embeddable":true,"href":"https:\/\/www.raschvin.com\/sv\/wp-json\/wp\/v2\/media\/14406"}],"wp:attachment":[{"href":"https:\/\/www.raschvin.com\/sv\/wp-json\/wp\/v2\/media?parent=17438"}],"wp:term":[{"taxonomy":"product_brand","embeddable":true,"href":"https:\/\/www.raschvin.com\/sv\/wp-json\/wp\/v2\/product_brand?post=17438"},{"taxonomy":"product_cat","embeddable":true,"href":"https:\/\/www.raschvin.com\/sv\/wp-json\/wp\/v2\/product_cat?post=17438"},{"taxonomy":"product_tag","embeddable":true,"href":"https:\/\/www.raschvin.com\/sv\/wp-json\/wp\/v2\/product_tag?post=17438"}],"curies":[{"name":"wp","href":"https:\/\/api.w.org\/{rel}","templated":true}]}}