{"id":17414,"date":"2022-05-30T15:09:16","date_gmt":"2022-05-30T13:09:16","guid":{"rendered":"https:\/\/www.raschvin.com\/vare\/cragganmore-12-years-100-cl\/"},"modified":"2022-11-10T18:23:41","modified_gmt":"2022-11-10T17:23:41","slug":"cragganmore-12-years-100-cl","status":"publish","type":"product","link":"https:\/\/www.raschvin.com\/sv\/produkt\/cragganmore-12-years-100-cl\/","title":{"rendered":"Cragganmore 12 Years 100 cl. 40%"},"content":{"rendered":"<p>International Spirits Challenge SILVER San Francisco World Spirits Comp. GOLD Speyside \u00e4r v\u00e4rldsber\u00f6mt f\u00f6r sina sublima maltwhisky och fina laxfiske. Det \u00e4r h\u00e4r i denna b\u00f6rdiga triangel av land mellan berg och hav k\u00e4nd som Garden of Scotland som Cragganmore single malt whisky destilleras. Cragganmore ligger p\u00e5 stranden av den legendariska laxfloden och \u00e4r f\u00f6r m\u00e5nga hem till den definitiva Speyside maltwhiskyn. Cragganmore 12 Years Old \u00e4r en enormt komplex och rik single malt whisky med m\u00e5nga smaker och en ton av r\u00f6k i eftersmaken. Den har berikats med m\u00e5nga fina recensioner genom tiden. Servera den \u00f6ver isbitar i en tumbler eller tulpanglas f\u00f6r att koncentrera smaken och tills\u00e4tt en skv\u00e4tt vatten f\u00f6r att frig\u00f6ra mer av whiskyns komplexitet. F\u00e4rg: Guld. Kropp: Solid, rundad, l\u00e4tt till medium. Doft: En kombination av s\u00f6ta blommiga toner, flodgr\u00e4s och blommor med lite honung och vanilj. Smak: En stark maltsmak med inslag av s\u00f6t tr\u00e4r\u00f6k och sandeltr\u00e4. Eftersmak: En l\u00e5ng, maltdriven eftersmak med l\u00e4tt r\u00f6k och inslag av s\u00f6tma. UTM\u00c4RKELSER \u2022 Guld | San Francisco World Spirits Competition 2016 \u2022 Guld | The Scotch Whisky Masters 2011 \u2022 Silver | International Spirits Challenge 2011 \u2022 Guld | The Scotch Whisky Masters 2010 \u2022 Brons | International Spirits Challenge 2010 \u2022 Silver | San Francisco World Spirits Competition 2009 \u2022 Silver | Internationell vin- och spritt\u00e4vling 2009 \u2022 Silver | International Spirits Challenge 2009 \u2022 Guld | San Francisco World Spirits Competition 2008 \u2022 Silver | Internationell vin- och spritt\u00e4vling 2008 \u2022 Brons | International Spirits Challenge 2008 \u2022 Guld + B\u00e4st i klassen | Internationell vin- och spritt\u00e4vling 2007 \u2022 Silver | San Francisco World Spirits Competition 2007 \u2022 Dubbelt guld | San Francisco World Spirits Competition 2006 \u2022 Dubbelt guld | San Francisco World Spirits Competition 2005 \u2022 Guld | San Francisco World Spirits Competition 2003 \u2022 Dubbelt guld | San Francisco World Spirits Competition 2001<\/p>\n","protected":false},"excerpt":{"rendered":"<p>Speyside Single Malt Scotch Whisky<\/p>\n","protected":false},"featured_media":14250,"template":"","meta":{"_acf_changed":false,"rs_blank_template":"","rs_page_bg_color":"","slide_template_v7":""},"product_brand":[],"product_cat":[2387,4651,2392],"product_tag":[],"class_list":{"0":"post-17414","1":"product","2":"type-product","3":"status-publish","4":"has-post-thumbnail","6":"product_cat-avec-sv","7":"product_cat-single-malt-sv","8":"product_cat-whisky-sv","9":"pa_land-skottland","10":"pa_procent-40-sv-2","11":"pa_producent-cragganmore-sv","12":"pa_region-speyside-sv","13":"pa_volume-100-sv","15":"first","16":"outofstock","17":"sale","18":"taxable","19":"shipping-taxable","20":"purchasable","21":"product-type-simple"},"bundled_by":[],"bundle_stock_status":"outofstock","bundle_stock_quantity":null,"bundle_virtual":false,"bundle_layout":"","bundle_add_to_cart_form_location":"","bundle_editable_in_cart":false,"bundle_sold_individually_context":"","bundle_item_grouping":"","bundle_min_size":"","bundle_max_size":"","bundle_price":[],"bundled_items":[],"bundle_sell_ids":[],"acf":[],"_links":{"self":[{"href":"https:\/\/www.raschvin.com\/sv\/wp-json\/wp\/v2\/product\/17414","targetHints":{"allow":["GET"]}}],"collection":[{"href":"https:\/\/www.raschvin.com\/sv\/wp-json\/wp\/v2\/product"}],"about":[{"href":"https:\/\/www.raschvin.com\/sv\/wp-json\/wp\/v2\/types\/product"}],"wp:featuredmedia":[{"embeddable":true,"href":"https:\/\/www.raschvin.com\/sv\/wp-json\/wp\/v2\/media\/14250"}],"wp:attachment":[{"href":"https:\/\/www.raschvin.com\/sv\/wp-json\/wp\/v2\/media?parent=17414"}],"wp:term":[{"taxonomy":"product_brand","embeddable":true,"href":"https:\/\/www.raschvin.com\/sv\/wp-json\/wp\/v2\/product_brand?post=17414"},{"taxonomy":"product_cat","embeddable":true,"href":"https:\/\/www.raschvin.com\/sv\/wp-json\/wp\/v2\/product_cat?post=17414"},{"taxonomy":"product_tag","embeddable":true,"href":"https:\/\/www.raschvin.com\/sv\/wp-json\/wp\/v2\/product_tag?post=17414"}],"curies":[{"name":"wp","href":"https:\/\/api.w.org\/{rel}","templated":true}]}}