{"id":17413,"date":"2022-05-30T15:09:16","date_gmt":"2022-05-30T13:09:16","guid":{"rendered":"https:\/\/www.raschvin.com\/vare\/dalwhinnie-15-years-100-cl\/"},"modified":"2022-11-14T12:01:13","modified_gmt":"2022-11-14T11:01:13","slug":"dalwhinnie-15-years-100-cl","status":"publish","type":"product","link":"https:\/\/www.raschvin.com\/sv\/produkt\/dalwhinnie-15-years-100-cl\/","title":{"rendered":"Dalwhinnie 15 Years 100 cl. 43%"},"content":{"rendered":"<p>International Spirits Challenge SILVER San Francisco World Spirits Comp. GOLD Dalwhinnie 15 Years Old \u00e4r en ren och krispig whisky som ger en perfekt introduktion till single malt whisky. Den k\u00e4nnetecknas av len, aromatisk ljung och honungss\u00f6tma. Dalwhinnie grundades i slutet av 1800-talet och \u00e4r det h\u00f6gsta och kallaste destilleriet i Skottland. Dalwhinnie whisky \u00e4r den enda Highland whisky som erbjuder en kombination av en ren, l\u00e4ttdrucken, malts\u00f6t smak och en len och r\u00f6kig hetta. Dalwhinnie 15 Years Old sl\u00e4pper sin fulla honungss\u00f6tma n\u00e4r den serveras kyld eller \u00f6ver isbitar. Det \u00e4r den perfekta presenten f\u00f6r whisky\u00e4lskare som letar efter en smidig och l\u00e4cker singelmalt. F\u00e4rg: Guld. Kropp: Sl\u00e4t, l\u00e4tt till medium. Doft: En stor, krispig, torr och mycket aromatisk doft med inslag av ljung och torv. Smak: Sl\u00e4ta, mjuka och varaktiga smaker av ljunghonungss\u00f6tma och vanilj f\u00f6ljt av djupare citrustoner och inslag av m\u00e4ltat br\u00f6d. Eftersmak: L\u00e5ng, kvardr\u00f6jande och f\u00f6rv\u00e5nansv\u00e4rt intensiv eftersmak som b\u00f6rjar s\u00f6tt och sedan ger plats f\u00f6r r\u00f6k, torv och malt. UTM\u00c4RKELSER \u2022 Guld | San Francisco World Spirits Competition 2016 \u2022 91 po\u00e4ng l Ultimate Spirits Challenge 2016 \u2022 Guld l The Scotch Whisky Masters 2009 \u2022 Guld l The Scotch Whisky Masters 2011 \u2022 Silver | International Spirits Challenge 2011 \u2022 Brons | International Spirits Challenge 2010 \u2022 Guld | Internationell vin- och spritt\u00e4vling 2009 \u2022 Silver | San Francisco World Spirits Competition 2009 \u2022 Brons | International Spirits Challenge 2009 \u2022 Silver | San Francisco World Spirits Competition 2008 \u2022 Silver | Internationell vin- och spritt\u00e4vling 2008 \u2022 Guld | San Francisco World Spirits Competition 2007 \u2022 Silver | Internationell vin- och spritt\u00e4vling 2007 \u2022 Silver | San Francisco World Spirits Competition 2006 \u2022 Silver | San Francisco World Spirits Competition 2005<\/p>\n","protected":false},"excerpt":{"rendered":"<p>Scotch Single Malt Whisky<\/p>\n","protected":false},"featured_media":14246,"template":"","meta":{"_acf_changed":false,"rs_blank_template":"","rs_page_bg_color":"","slide_template_v7":""},"product_brand":[],"product_cat":[2387,4651,2392],"product_tag":[],"class_list":{"0":"post-17413","1":"product","2":"type-product","3":"status-publish","4":"has-post-thumbnail","6":"product_cat-avec-sv","7":"product_cat-single-malt-sv","8":"product_cat-whisky-sv","9":"pa_land-skottland","10":"pa_procent-43-sv","11":"pa_producent-dalwhinnie-sv","12":"pa_region-highland-sv","13":"pa_volume-100-sv","15":"first","16":"outofstock","17":"sale","18":"taxable","19":"shipping-taxable","20":"purchasable","21":"product-type-simple"},"bundled_by":[],"bundle_stock_status":"outofstock","bundle_stock_quantity":null,"bundle_virtual":false,"bundle_layout":"","bundle_add_to_cart_form_location":"","bundle_editable_in_cart":false,"bundle_sold_individually_context":"","bundle_item_grouping":"","bundle_min_size":"","bundle_max_size":"","bundle_price":[],"bundled_items":[],"bundle_sell_ids":[],"acf":[],"_links":{"self":[{"href":"https:\/\/www.raschvin.com\/sv\/wp-json\/wp\/v2\/product\/17413","targetHints":{"allow":["GET"]}}],"collection":[{"href":"https:\/\/www.raschvin.com\/sv\/wp-json\/wp\/v2\/product"}],"about":[{"href":"https:\/\/www.raschvin.com\/sv\/wp-json\/wp\/v2\/types\/product"}],"wp:featuredmedia":[{"embeddable":true,"href":"https:\/\/www.raschvin.com\/sv\/wp-json\/wp\/v2\/media\/14246"}],"wp:attachment":[{"href":"https:\/\/www.raschvin.com\/sv\/wp-json\/wp\/v2\/media?parent=17413"}],"wp:term":[{"taxonomy":"product_brand","embeddable":true,"href":"https:\/\/www.raschvin.com\/sv\/wp-json\/wp\/v2\/product_brand?post=17413"},{"taxonomy":"product_cat","embeddable":true,"href":"https:\/\/www.raschvin.com\/sv\/wp-json\/wp\/v2\/product_cat?post=17413"},{"taxonomy":"product_tag","embeddable":true,"href":"https:\/\/www.raschvin.com\/sv\/wp-json\/wp\/v2\/product_tag?post=17413"}],"curies":[{"name":"wp","href":"https:\/\/api.w.org\/{rel}","templated":true}]}}