{"id":17410,"date":"2022-05-30T15:08:28","date_gmt":"2022-05-30T13:08:28","guid":{"rendered":"https:\/\/www.raschvin.com\/vare\/the-glenrothes-makers-cut-488\/"},"modified":"2022-12-09T17:26:39","modified_gmt":"2022-12-09T16:26:39","slug":"the-glenrothes-makers-cut-488","status":"publish","type":"product","link":"https:\/\/www.raschvin.com\/sv\/produkt\/the-glenrothes-makers-cut-488\/","title":{"rendered":"The Glenrothes Makers Cut 70 cl. 48,8%"},"content":{"rendered":"<p>The Glenrothes Whisky Makers Edition Soleo Collection fr\u00e5n The Glenrothes \u00e4r en ny serie med en tydlig historia och riktning, som g\u00e5r bort fr\u00e5n \u00e5rg\u00e5ngar fokuserade p\u00e5 \u00e5ldersangivelser. Alla uttryck i serien \u00e4r mogna p\u00e5 100% sherryfat f\u00f6r en rik och fyllig upplevelse. Alla Glenrothes whisky \u00e4r 100% naturliga f\u00e4rger. Whisky Makers Edition \u00e4r inspirerad och formad av The Glenrothes egen Whisky Maker, Gordon Motion, som \u00e5terspeglar hans hantverk n\u00e4r det g\u00e4ller att v\u00e4lja r\u00e4tt 100 % f\u00f6rstfyllda sherryfat som utnyttjas p\u00e5 whiskyproducentens f\u00f6redragna alkoholprocent. . Whisky Makers Edition har f\u00e4rska ektoner i doften, n\u00e4stan hartsartad. Smaken \u00e4r rik och kryddig med kr\u00e4mig vanilj och apelsinskal. Avslutningen \u00e4r fruktig apelsin med en touch av muskotn\u00f6t.<\/p>\n","protected":false},"excerpt":{"rendered":"<p>Speyside Single Malt Scotch Whisky<\/p>\n","protected":false},"featured_media":31034,"template":"","meta":{"_acf_changed":false,"rs_blank_template":"","rs_page_bg_color":"","slide_template_v7":""},"product_brand":[],"product_cat":[2387,2392,4651],"product_tag":[],"class_list":{"0":"post-17410","1":"product","2":"type-product","3":"status-publish","4":"has-post-thumbnail","6":"product_cat-avec-sv","7":"product_cat-whisky-sv","8":"product_cat-single-malt-sv","9":"pa_land-skottland","10":"pa_procent-48-8-sv","11":"pa_producent-glenrothes-sv","12":"pa_region-speyside-sv","13":"pa_traefad-sherry-sv","14":"pa_volume-70-sv-2","16":"first","17":"instock","18":"taxable","19":"shipping-taxable","20":"purchasable","21":"product-type-simple"},"bundled_by":[],"bundle_stock_status":"instock","bundle_stock_quantity":null,"bundle_virtual":false,"bundle_layout":"","bundle_add_to_cart_form_location":"","bundle_editable_in_cart":false,"bundle_sold_individually_context":"","bundle_item_grouping":"","bundle_min_size":"","bundle_max_size":"","bundle_price":[],"bundled_items":[],"bundle_sell_ids":[],"acf":[],"_links":{"self":[{"href":"https:\/\/www.raschvin.com\/sv\/wp-json\/wp\/v2\/product\/17410","targetHints":{"allow":["GET"]}}],"collection":[{"href":"https:\/\/www.raschvin.com\/sv\/wp-json\/wp\/v2\/product"}],"about":[{"href":"https:\/\/www.raschvin.com\/sv\/wp-json\/wp\/v2\/types\/product"}],"wp:featuredmedia":[{"embeddable":true,"href":"https:\/\/www.raschvin.com\/sv\/wp-json\/wp\/v2\/media\/31034"}],"wp:attachment":[{"href":"https:\/\/www.raschvin.com\/sv\/wp-json\/wp\/v2\/media?parent=17410"}],"wp:term":[{"taxonomy":"product_brand","embeddable":true,"href":"https:\/\/www.raschvin.com\/sv\/wp-json\/wp\/v2\/product_brand?post=17410"},{"taxonomy":"product_cat","embeddable":true,"href":"https:\/\/www.raschvin.com\/sv\/wp-json\/wp\/v2\/product_cat?post=17410"},{"taxonomy":"product_tag","embeddable":true,"href":"https:\/\/www.raschvin.com\/sv\/wp-json\/wp\/v2\/product_tag?post=17410"}],"curies":[{"name":"wp","href":"https:\/\/api.w.org\/{rel}","templated":true}]}}