{"id":17409,"date":"2022-05-30T15:08:28","date_gmt":"2022-05-30T13:08:28","guid":{"rendered":"https:\/\/www.raschvin.com\/vare\/the-glenrothes-12-years\/"},"modified":"2022-12-09T17:20:11","modified_gmt":"2022-12-09T16:20:11","slug":"the-glenrothes-12-years","status":"publish","type":"product","link":"https:\/\/www.raschvin.com\/sv\/produkt\/the-glenrothes-12-years\/","title":{"rendered":"The Glenrothes 12 Years Old 70 cl. 40%"},"content":{"rendered":"<p>Anteckningar direkt fr\u00e5n replokalen: \u201d12-\u00e5ringen visar verkligen vad The Glenrothes &#8217;House Whisky&#8217; \u00e4r. Alla de olika smakerna kommer fr\u00e5n en balans av b\u00e5de amerikanska och europeiska sherryfat, som tillsammans ger en mjuk och varaktig s\u00f6tma.\u201d Den 12-\u00e5riga The Glenrothes lagras uteslutande p\u00e5 sherryfat av b\u00e5de amerikansk och europeisk ek. Likas\u00e5 finns det en blandning av f\u00f6rstag\u00e5ngsfyllda fat och p\u00e5fyllningsfat f\u00f6r att f\u00e5 en balanserad whisky. Dofter: L\u00e4tt doft, banan och vanilj Smak: Banan, citron och melon med en klick kanel Eftersmak: L\u00e5ng och s\u00f6t, gala melon med l\u00e4tt krydda ABV: 40%<\/p>\n","protected":false},"excerpt":{"rendered":"<p>Speyside Single Malt Scotch Whisky<\/p>\n","protected":false},"featured_media":31006,"template":"","meta":{"_acf_changed":false,"rs_blank_template":"","rs_page_bg_color":"","slide_template_v7":""},"product_brand":[],"product_cat":[2387,4651,2392],"product_tag":[],"class_list":{"0":"post-17409","1":"product","2":"type-product","3":"status-publish","4":"has-post-thumbnail","6":"product_cat-avec-sv","7":"product_cat-single-malt-sv","8":"product_cat-whisky-sv","9":"pa_land-skottland","10":"pa_procent-40-sv-2","11":"pa_producent-glenrothes-sv","12":"pa_region-speyside-sv","13":"pa_volume-70-sv-2","15":"first","16":"outofstock","17":"taxable","18":"shipping-taxable","19":"purchasable","20":"product-type-simple"},"bundled_by":[],"bundle_stock_status":"outofstock","bundle_stock_quantity":null,"bundle_virtual":false,"bundle_layout":"","bundle_add_to_cart_form_location":"","bundle_editable_in_cart":false,"bundle_sold_individually_context":"","bundle_item_grouping":"","bundle_min_size":"","bundle_max_size":"","bundle_price":[],"bundled_items":[],"bundle_sell_ids":[],"acf":[],"_links":{"self":[{"href":"https:\/\/www.raschvin.com\/sv\/wp-json\/wp\/v2\/product\/17409","targetHints":{"allow":["GET"]}}],"collection":[{"href":"https:\/\/www.raschvin.com\/sv\/wp-json\/wp\/v2\/product"}],"about":[{"href":"https:\/\/www.raschvin.com\/sv\/wp-json\/wp\/v2\/types\/product"}],"wp:featuredmedia":[{"embeddable":true,"href":"https:\/\/www.raschvin.com\/sv\/wp-json\/wp\/v2\/media\/31006"}],"wp:attachment":[{"href":"https:\/\/www.raschvin.com\/sv\/wp-json\/wp\/v2\/media?parent=17409"}],"wp:term":[{"taxonomy":"product_brand","embeddable":true,"href":"https:\/\/www.raschvin.com\/sv\/wp-json\/wp\/v2\/product_brand?post=17409"},{"taxonomy":"product_cat","embeddable":true,"href":"https:\/\/www.raschvin.com\/sv\/wp-json\/wp\/v2\/product_cat?post=17409"},{"taxonomy":"product_tag","embeddable":true,"href":"https:\/\/www.raschvin.com\/sv\/wp-json\/wp\/v2\/product_tag?post=17409"}],"curies":[{"name":"wp","href":"https:\/\/api.w.org\/{rel}","templated":true}]}}