{"id":17405,"date":"2022-05-30T15:07:56","date_gmt":"2022-05-30T13:07:56","guid":{"rendered":"https:\/\/www.raschvin.com\/vare\/pussers-rum-british-navy-15-years-40\/"},"modified":"2022-12-02T16:28:49","modified_gmt":"2022-12-02T15:28:49","slug":"pussers-rum-british-navy-15-years-40","status":"publish","type":"product","link":"https:\/\/www.raschvin.com\/sv\/produkt\/pussers-rum-british-navy-15-years-40\/","title":{"rendered":"Pusser&#8217;s Rum &#8211; British Navy Aged 15 Years 70 cl. 40%"},"content":{"rendered":"<p>Pusser&#8217;s British Navy Rum 15 \u00e5r, \u00e4r en rom inspirerad av den rom som alla sj\u00f6anst\u00e4llda fick i sin dagliga ranson fram till den 31 juli 1970 (k\u00e4nd som Black Tot Day). Denna version av \u00e4r en nyutg\u00e5va av Pussers 15 Red label, nu i ny flaska. Denna rom \u00e4r fr\u00e5n Guyana (Demerara) och har fatlagrats i minst 15 \u00e5r, och \u00e4r urvattnad till 40%. Rummet har en klar men m\u00f6rk kopparf\u00e4rg. &#8221;Dricker Nelsons blod&#8221; En av ber\u00e4ttelserna ber\u00e4ttar att amiral Nelson, som dog i Karibien, stoppas i en tunna rom f\u00f6r att stanna hela v\u00e4gen hem, d\u00e4r han kan ha en storskalig begravning p\u00e5 Trefalger Square. Ombord p\u00e5 fartygen gjorde sj\u00f6m\u00e4n allt f\u00f6r att f\u00e5 tag i den goda rommen. De var ofta p\u00e5 nattkryssningar, d\u00e4r de gjorde h\u00e5l i fat, och hittade en liten propp, s\u00e5 att de kunde plocka upp rom natt efter kv\u00e4ll&#8230; Ingen visste i vilken tunna Nelsons lades, s\u00e5 vid ankomsten till London, bar det ser inte b\u00e4ttre ut \u00e4n att Nelsons fat var tomt p\u00e5 rom, bara kroppen var kvar! P\u00e5 s\u00e5 s\u00e4tt hade sj\u00f6m\u00e4n &#8221;Drack Nelson&#8217;s Blood&#8221; hela v\u00e4gen hem! Arom Demerara socker, choklad, kola, lakrits, rostade valn\u00f6tter. Smaka melass, l\u00e4der, tobak, muskotn\u00f6t, matr\u00e4tt. Eftersmak Varm, kaffe? Komplex. Kommentar Avnjuts p\u00e5 klipporna eller som en exceptionell premiumrom f\u00f6r en cocktail.<\/p>\n","protected":false},"excerpt":{"rendered":"<p>Aged In Charred Oak Barrels &#8211; Product of Guyana<\/p>\n","protected":false},"featured_media":14199,"template":"","meta":{"_acf_changed":false,"rs_blank_template":"","rs_page_bg_color":"","slide_template_v7":""},"product_brand":[],"product_cat":[2387,4634,2391],"product_tag":[],"class_list":{"0":"post-17405","1":"product","2":"type-product","3":"status-publish","4":"has-post-thumbnail","6":"product_cat-avec-sv","7":"product_cat-premium-aged-sv","8":"product_cat-rom-sv","9":"pa_land-guyana-sv","10":"pa_procent-40-sv-2","11":"pa_producent-pussers-rum-ltd-sv","12":"pa_volume-70-sv-2","14":"first","15":"instock","16":"taxable","17":"shipping-taxable","18":"purchasable","19":"product-type-simple"},"bundled_by":[],"bundle_stock_status":"instock","bundle_stock_quantity":null,"bundle_virtual":false,"bundle_layout":"","bundle_add_to_cart_form_location":"","bundle_editable_in_cart":false,"bundle_sold_individually_context":"","bundle_item_grouping":"","bundle_min_size":"","bundle_max_size":"","bundle_price":[],"bundled_items":[],"bundle_sell_ids":[],"acf":[],"_links":{"self":[{"href":"https:\/\/www.raschvin.com\/sv\/wp-json\/wp\/v2\/product\/17405","targetHints":{"allow":["GET"]}}],"collection":[{"href":"https:\/\/www.raschvin.com\/sv\/wp-json\/wp\/v2\/product"}],"about":[{"href":"https:\/\/www.raschvin.com\/sv\/wp-json\/wp\/v2\/types\/product"}],"wp:featuredmedia":[{"embeddable":true,"href":"https:\/\/www.raschvin.com\/sv\/wp-json\/wp\/v2\/media\/14199"}],"wp:attachment":[{"href":"https:\/\/www.raschvin.com\/sv\/wp-json\/wp\/v2\/media?parent=17405"}],"wp:term":[{"taxonomy":"product_brand","embeddable":true,"href":"https:\/\/www.raschvin.com\/sv\/wp-json\/wp\/v2\/product_brand?post=17405"},{"taxonomy":"product_cat","embeddable":true,"href":"https:\/\/www.raschvin.com\/sv\/wp-json\/wp\/v2\/product_cat?post=17405"},{"taxonomy":"product_tag","embeddable":true,"href":"https:\/\/www.raschvin.com\/sv\/wp-json\/wp\/v2\/product_tag?post=17405"}],"curies":[{"name":"wp","href":"https:\/\/api.w.org\/{rel}","templated":true}]}}