{"id":17404,"date":"2022-05-30T15:07:56","date_gmt":"2022-05-30T13:07:56","guid":{"rendered":"https:\/\/www.raschvin.com\/vare\/pussers-british-navy-black-label-gunpowder-545\/"},"modified":"2022-12-02T16:17:48","modified_gmt":"2022-12-02T15:17:48","slug":"pussers-british-navy-black-label-gunpowder-545","status":"publish","type":"product","link":"https:\/\/www.raschvin.com\/sv\/produkt\/pussers-british-navy-black-label-gunpowder-545\/","title":{"rendered":"Pusser&#8217;s Rum &#8211; British Navy Black Gunpowder Proof 70 cl. 54,5%"},"content":{"rendered":"<p>Pusser&#8217;s British Navy Rum Gunpowder Proof, \u00e4r en rom inspirerad av den rom som alla marinens anst\u00e4llda fick i sin dagliga ranson fram till 31 juli 1970 (k\u00e4nd som Black Tot Day). Denna version av romen ligger p\u00e5 54,5 % och n\u00e4rmar sig den ursprungliga styrkan som de skulle ha druckit vid den tiden. Denna styrka kallas h\u00e4r Gunpowder Proof, vilket var ett slags test f\u00f6r att se om rommen var &#8221;stark nog&#8221;. Om de h\u00e4llde rom \u00f6ver krutet, och fortfarande kunde sl\u00e5 p\u00e5 det, s\u00e5 var det godk\u00e4nt, och d\u00e4rmed vad vi nu kallar kruts\u00e4kert. Om inte s\u00e5 kan &#8221;the Pusser&#8221; (den som kom med dagsransonen) riskera att kastas \u00f6verbord, det \u00e4r \u00e5tminstone historien. Rummet har en klar men m\u00f6rk kopparf\u00e4rg. Denna rom \u00e4r n\u00e5got som \u00e4r det n\u00e4rmaste du hittar, kommersiellt, till British Navy Rum Doft Stark melass, sirap, kola, honung, vanilj med ek. Kanel, muskotn\u00f6t och ingef\u00e4ra. Smak Fyller munnen med sin kraftfulla smak. Banan, farinsocker och \u00e4nnu mer v\u00e4rme \u00e4n sin lillebror vid 40 % eftersmak Otroligt l\u00e5ng och m\u00f6rk (men \u00e4nd\u00e5 mild). Varm med varm p\u00e5. karamelll, kanel. Kommentar En upplevelse som alla med intresse f\u00f6r rymdhistoria borde prova<\/p>\n","protected":false},"excerpt":{"rendered":"<p>Original Admiralty Strength Rum &#8211; Product of Guyana<\/p>\n","protected":false},"featured_media":14195,"template":"","meta":{"_acf_changed":false,"rs_blank_template":"","rs_page_bg_color":"","slide_template_v7":""},"product_brand":[],"product_cat":[2387,4624,4634,2391],"product_tag":[],"class_list":{"0":"post-17404","1":"product","2":"type-product","3":"status-publish","4":"has-post-thumbnail","6":"product_cat-avec-sv","7":"product_cat-dark-sv","8":"product_cat-premium-aged-sv","9":"product_cat-rom-sv","10":"pa_land-guyana-sv","11":"pa_procent-54-5-sv","12":"pa_producent-pussers-rum-ltd-sv","13":"pa_volume-70-sv-2","15":"first","16":"instock","17":"sale","18":"taxable","19":"shipping-taxable","20":"purchasable","21":"product-type-simple"},"bundled_by":[],"bundle_stock_status":"instock","bundle_stock_quantity":null,"bundle_virtual":false,"bundle_layout":"","bundle_add_to_cart_form_location":"","bundle_editable_in_cart":false,"bundle_sold_individually_context":"","bundle_item_grouping":"","bundle_min_size":"","bundle_max_size":"","bundle_price":[],"bundled_items":[],"bundle_sell_ids":[],"acf":[],"_links":{"self":[{"href":"https:\/\/www.raschvin.com\/sv\/wp-json\/wp\/v2\/product\/17404","targetHints":{"allow":["GET"]}}],"collection":[{"href":"https:\/\/www.raschvin.com\/sv\/wp-json\/wp\/v2\/product"}],"about":[{"href":"https:\/\/www.raschvin.com\/sv\/wp-json\/wp\/v2\/types\/product"}],"wp:featuredmedia":[{"embeddable":true,"href":"https:\/\/www.raschvin.com\/sv\/wp-json\/wp\/v2\/media\/14195"}],"wp:attachment":[{"href":"https:\/\/www.raschvin.com\/sv\/wp-json\/wp\/v2\/media?parent=17404"}],"wp:term":[{"taxonomy":"product_brand","embeddable":true,"href":"https:\/\/www.raschvin.com\/sv\/wp-json\/wp\/v2\/product_brand?post=17404"},{"taxonomy":"product_cat","embeddable":true,"href":"https:\/\/www.raschvin.com\/sv\/wp-json\/wp\/v2\/product_cat?post=17404"},{"taxonomy":"product_tag","embeddable":true,"href":"https:\/\/www.raschvin.com\/sv\/wp-json\/wp\/v2\/product_tag?post=17404"}],"curies":[{"name":"wp","href":"https:\/\/api.w.org\/{rel}","templated":true}]}}