{"id":17402,"date":"2022-05-30T15:07:07","date_gmt":"2022-05-30T13:07:07","guid":{"rendered":"https:\/\/www.raschvin.com\/vare\/sismofytter-caramel-16-4\/"},"modified":"2022-12-07T08:06:55","modified_gmt":"2022-12-07T07:06:55","slug":"sismofytter-caramel-16-4","status":"publish","type":"product","link":"https:\/\/www.raschvin.com\/sv\/produkt\/sismofytter-caramel-16-4\/","title":{"rendered":"Sismofytter Caramel 70 cl. 16,4%"},"content":{"rendered":"<p>Sismophytes Caramel \u00e4r en helt ny variant av Sismophytes, som i 50 \u00e5r varit k\u00e4nd som de l\u00e4ckra, f\u00e4rgglada lakritsgodisarna. Sismofyter har en karakt\u00e4ristisk smak av lakrits, mild ammoniak, anis och en touch av eukalyptus \u2013 och ett lika karakt\u00e4ristiskt utseende. Sismophyte Caramel beh\u00e5ller toner av mild ammoniaklakrits, men smaken best\u00e5r \u00f6verv\u00e4gande av l\u00e4cker, s\u00f6t karamelll. Sismofytter Caramel \u00e4r gjord av den finaste, rena vodka med utvalda ingredienser, vilket ger den perfekta Sismofytter Caramel-smaken. Avnjuts i rumstemperatur eller kyls. Skaka innan servering. 70 cl. \/ 16,4 %<\/p>\n","protected":false},"excerpt":{"rendered":"<p>Danish Licorice &#038; Caramel Shot<\/p>\n","protected":false},"featured_media":30828,"template":"","meta":{"_acf_changed":false,"rs_blank_template":"","rs_page_bg_color":"","slide_template_v7":""},"product_brand":[],"product_cat":[2387,4666,2407,2390,2402],"product_tag":[],"class_list":{"0":"post-17402","1":"product","2":"type-product","3":"status-publish","4":"has-post-thumbnail","6":"product_cat-avec-sv","7":"product_cat-lakrits-sprit","8":"product_cat-shots-sv","9":"product_cat-sprit","10":"product_cat-sprit-sv","11":"pa_land-danmark-sv","12":"pa_procent-16-4-sv","13":"pa_producent-spritfabrikken-danmark-sv","14":"pa_volume-70-sv-2","16":"first","17":"instock","18":"taxable","19":"shipping-taxable","20":"purchasable","21":"product-type-simple"},"bundled_by":[],"bundle_stock_status":"instock","bundle_stock_quantity":null,"bundle_virtual":false,"bundle_layout":"","bundle_add_to_cart_form_location":"","bundle_editable_in_cart":false,"bundle_sold_individually_context":"","bundle_item_grouping":"","bundle_min_size":"","bundle_max_size":"","bundle_price":[],"bundled_items":[],"bundle_sell_ids":[],"acf":[],"_links":{"self":[{"href":"https:\/\/www.raschvin.com\/sv\/wp-json\/wp\/v2\/product\/17402","targetHints":{"allow":["GET"]}}],"collection":[{"href":"https:\/\/www.raschvin.com\/sv\/wp-json\/wp\/v2\/product"}],"about":[{"href":"https:\/\/www.raschvin.com\/sv\/wp-json\/wp\/v2\/types\/product"}],"wp:featuredmedia":[{"embeddable":true,"href":"https:\/\/www.raschvin.com\/sv\/wp-json\/wp\/v2\/media\/30828"}],"wp:attachment":[{"href":"https:\/\/www.raschvin.com\/sv\/wp-json\/wp\/v2\/media?parent=17402"}],"wp:term":[{"taxonomy":"product_brand","embeddable":true,"href":"https:\/\/www.raschvin.com\/sv\/wp-json\/wp\/v2\/product_brand?post=17402"},{"taxonomy":"product_cat","embeddable":true,"href":"https:\/\/www.raschvin.com\/sv\/wp-json\/wp\/v2\/product_cat?post=17402"},{"taxonomy":"product_tag","embeddable":true,"href":"https:\/\/www.raschvin.com\/sv\/wp-json\/wp\/v2\/product_tag?post=17402"}],"curies":[{"name":"wp","href":"https:\/\/api.w.org\/{rel}","templated":true}]}}