{"id":17401,"date":"2022-05-30T15:07:07","date_gmt":"2022-05-30T13:07:07","guid":{"rendered":"https:\/\/www.raschvin.com\/vare\/sismofytter-org-16-4\/"},"modified":"2022-12-07T08:14:21","modified_gmt":"2022-12-07T07:14:21","slug":"sismofytter-org-16-4","status":"publish","type":"product","link":"https:\/\/www.raschvin.com\/sv\/produkt\/sismofytter-org-16-4\/","title":{"rendered":"Sismofytter Original 70 cl. 16,4%"},"content":{"rendered":"<p>Sismofyter \u00e4r k\u00e4nda som de l\u00e4ckra, f\u00e4rgglada lakritsgodisarna. Det \u00e4r ett klassiskt godis som har 50-\u00e5rsjubileum 2022 och f\u00f6rs\u00e4ljningen i Danmark vittnar om att sismofyter fortfarande \u00e4r bland de popul\u00e4raste. Sismofyter har en karakt\u00e4ristisk smak av lakrits, mild ammoniak, anis och en touch av eukalyptus \u2013 och ett lika karakt\u00e4ristiskt utseende. Sismophytes Original \u00e4r gjord av den finaste, rena vodka med tillsatta ingredienser, vilket ger den perfekta Sismophyte-smaken. De starka, distinkta f\u00e4rgerna k\u00e4nns igen p\u00e5 flaskan. Avnjuts i rumstemperatur eller kyls. Skaka innan servering. 70 cl. \/ 16,4 %<\/p>\n","protected":false},"excerpt":{"rendered":"<p>Danish Licorice Shot<\/p>\n","protected":false},"featured_media":30826,"template":"","meta":{"_acf_changed":false,"rs_blank_template":"","rs_page_bg_color":"","slide_template_v7":""},"product_brand":[],"product_cat":[2387,2390,2402,2407,4666],"product_tag":[],"class_list":{"0":"post-17401","1":"product","2":"type-product","3":"status-publish","4":"has-post-thumbnail","6":"product_cat-avec-sv","7":"product_cat-sprit","8":"product_cat-sprit-sv","9":"product_cat-shots-sv","10":"product_cat-lakrits-sprit","11":"pa_land-danmark-sv","12":"pa_procent-16-4-sv","13":"pa_producent-spritfabrikken-danmark-sv","14":"pa_volume-70-sv-2","16":"first","17":"instock","18":"taxable","19":"shipping-taxable","20":"purchasable","21":"product-type-simple"},"bundled_by":[],"bundle_stock_status":"instock","bundle_stock_quantity":null,"bundle_virtual":false,"bundle_layout":"","bundle_add_to_cart_form_location":"","bundle_editable_in_cart":false,"bundle_sold_individually_context":"","bundle_item_grouping":"","bundle_min_size":"","bundle_max_size":"","bundle_price":[],"bundled_items":[],"bundle_sell_ids":[],"acf":[],"_links":{"self":[{"href":"https:\/\/www.raschvin.com\/sv\/wp-json\/wp\/v2\/product\/17401","targetHints":{"allow":["GET"]}}],"collection":[{"href":"https:\/\/www.raschvin.com\/sv\/wp-json\/wp\/v2\/product"}],"about":[{"href":"https:\/\/www.raschvin.com\/sv\/wp-json\/wp\/v2\/types\/product"}],"wp:featuredmedia":[{"embeddable":true,"href":"https:\/\/www.raschvin.com\/sv\/wp-json\/wp\/v2\/media\/30826"}],"wp:attachment":[{"href":"https:\/\/www.raschvin.com\/sv\/wp-json\/wp\/v2\/media?parent=17401"}],"wp:term":[{"taxonomy":"product_brand","embeddable":true,"href":"https:\/\/www.raschvin.com\/sv\/wp-json\/wp\/v2\/product_brand?post=17401"},{"taxonomy":"product_cat","embeddable":true,"href":"https:\/\/www.raschvin.com\/sv\/wp-json\/wp\/v2\/product_cat?post=17401"},{"taxonomy":"product_tag","embeddable":true,"href":"https:\/\/www.raschvin.com\/sv\/wp-json\/wp\/v2\/product_tag?post=17401"}],"curies":[{"name":"wp","href":"https:\/\/api.w.org\/{rel}","templated":true}]}}