{"id":17392,"date":"2022-05-30T15:05:44","date_gmt":"2022-05-30T13:05:44","guid":{"rendered":"https:\/\/www.raschvin.com\/vare\/finlandia-lime-vodka-100-cl\/"},"modified":"2022-11-17T12:57:31","modified_gmt":"2022-11-17T11:57:31","slug":"finlandia-lime-vodka-100-cl","status":"publish","type":"product","link":"https:\/\/www.raschvin.com\/sv\/produkt\/finlandia-lime-vodka-100-cl\/","title":{"rendered":"Finlandia LIME 100 cl. 37,5%"},"content":{"rendered":"<p>Finlandia-smaksatta vodkor \u00e4r alla baserade p\u00e5 den renaste vodkan som finns, Finlandia. Finlands renhet g\u00f6r den till den perfekta basen f\u00f6r delikat, autentisk smakande vodka med smak. Finlandia-smaksatt vodka anv\u00e4nder endast naturliga smaker utan konstgjorda komponenter. Med varje Finlandia-smak f\u00e5r du den riktigt fr\u00e4scha smaken av b\u00e4r eller frukt f\u00f6r en riktig vodkaupplevelse. Vodka med en twist av lime Tillverkad av korn med sex rader (till skillnad fr\u00e5n tv\u00e5 rader) och f\u00e4rskt glaci\u00e4rvatten. Lanserades 1970 och \u00e4gs nu helt av Bacardi Brown Forman. Den f\u00e4rgstarka karakt\u00e4ren hos Markku Raitten har varit Master Distiller f\u00f6r Finlandia i cirka 17 \u00e5r, och kontrollerat vodkan l\u00e4ngs en f\u00f6rstklassig v\u00e4g. Varje parti Finlandia m\u00e5ste faktiskt ha sin egen smak innan det kan s\u00e4ljas vidare.<\/p>\n","protected":false},"excerpt":{"rendered":"<p>All Natural Flavored Vodka &#8211; Finland<\/p>\n","protected":false},"featured_media":14120,"template":"","meta":{"_acf_changed":false,"rs_blank_template":"","rs_page_bg_color":"","slide_template_v7":""},"product_brand":[],"product_cat":[4614,2402,2409],"product_tag":[],"class_list":{"0":"post-17392","1":"product","2":"type-product","3":"status-publish","4":"has-post-thumbnail","6":"product_cat-flavoured-sv","7":"product_cat-sprit-sv","8":"product_cat-vodka-sv","9":"pa_land-finland-sv","10":"pa_procent-37-5-sv","11":"pa_producent-finlandia-sv","12":"pa_volume-100-sv","14":"first","15":"instock","16":"taxable","17":"shipping-taxable","18":"purchasable","19":"product-type-simple"},"bundled_by":[],"bundle_stock_status":"instock","bundle_stock_quantity":null,"bundle_virtual":false,"bundle_layout":"","bundle_add_to_cart_form_location":"","bundle_editable_in_cart":false,"bundle_sold_individually_context":"","bundle_item_grouping":"","bundle_min_size":"","bundle_max_size":"","bundle_price":[],"bundled_items":[],"bundle_sell_ids":[],"acf":[],"_links":{"self":[{"href":"https:\/\/www.raschvin.com\/sv\/wp-json\/wp\/v2\/product\/17392","targetHints":{"allow":["GET"]}}],"collection":[{"href":"https:\/\/www.raschvin.com\/sv\/wp-json\/wp\/v2\/product"}],"about":[{"href":"https:\/\/www.raschvin.com\/sv\/wp-json\/wp\/v2\/types\/product"}],"wp:featuredmedia":[{"embeddable":true,"href":"https:\/\/www.raschvin.com\/sv\/wp-json\/wp\/v2\/media\/14120"}],"wp:attachment":[{"href":"https:\/\/www.raschvin.com\/sv\/wp-json\/wp\/v2\/media?parent=17392"}],"wp:term":[{"taxonomy":"product_brand","embeddable":true,"href":"https:\/\/www.raschvin.com\/sv\/wp-json\/wp\/v2\/product_brand?post=17392"},{"taxonomy":"product_cat","embeddable":true,"href":"https:\/\/www.raschvin.com\/sv\/wp-json\/wp\/v2\/product_cat?post=17392"},{"taxonomy":"product_tag","embeddable":true,"href":"https:\/\/www.raschvin.com\/sv\/wp-json\/wp\/v2\/product_tag?post=17392"}],"curies":[{"name":"wp","href":"https:\/\/api.w.org\/{rel}","templated":true}]}}