{"id":17391,"date":"2022-05-30T15:07:56","date_gmt":"2022-05-30T13:07:56","guid":{"rendered":"https:\/\/www.raschvin.com\/vare\/rastoff-pure-liquorice\/"},"modified":"2022-12-02T16:23:52","modified_gmt":"2022-12-02T15:23:52","slug":"pussers-select-aged-151-755","status":"publish","type":"product","link":"https:\/\/www.raschvin.com\/sv\/produkt\/pussers-select-aged-151-755\/","title":{"rendered":"Pusser&#8217;s Rum &#8211; British Navy Select Aged 151 70 cl. 75,5%"},"content":{"rendered":"<p>\u00c4NTLIGEN EN \u00d6VERPROOF ROM \u00d6VER ALLA GR\u00c4NSER Pusser&#8217;s British Navy Rum Selected Aged 151 p\u00e5 75,5%, \u00e4r en rom inspirerad av den rom som alla sj\u00f6m\u00e4n i &#8221;The British Navy&#8221; fick i sin dagsranson fr\u00e5n mitten av 1600, \u00e4nda fram till 31 juli 1970 (k\u00e4nd som Black Tot Day). En utm\u00e4rkt rom fr\u00e5n Demerara Distillery i Brittiska Guyana, som \u00e4r &#8221;liknar&#8221; den rom som levererades p\u00e5 den gamla goda tiden &#8211; p\u00e5 den tiden levererades den i fatstyrka till Royal Navy-varven i Deptford, Gosport och Devonport. D\u00e4r sp\u00e4ddes det p\u00e5, via implementeringen av \u201d%-certifikatet! Rommen f\u00e5r inte ha l\u00e4gre alkoholhalt \u00e4n att krutet fortfarande ant\u00e4nds, \u00e4ven om en flaska rom h\u00e4llts \u00f6ver den. Selected Aged 151 lagras i minst tre \u00e5r p\u00e5 1st fill bourbonfat och tillverkas i enlighet med d\u00e5 g\u00e4llande amiralitetsregler f\u00f6r rom. Inneh\u00e5llet \u00e4r kylt f\u00f6r att ytterligare f\u00f6rst\u00e4rka dess smak och uttryck. Arom Doften \u00e4r klassiska Demerara-toner med sylt, marsipan, kanel och tobak. Smak Full kraft och \u00e4nd\u00e5 mycket rundad med toner av sirapsliknande kryddor och frukt, l\u00e4der, torkade sultaner, mjuk ek och engelsk lakrits Eftersmak Varm, len, l\u00e5ng och minnesv\u00e4rd Reggea Rom Punch 45 ml Pusser&#8217;s Select 151 Rom 40 ml Ananasjuice (f\u00e4rskpressad) 40 ml Apelsinjuice (nypressad) 12,5 ml Limejuice (f\u00e4rskpressad) 20 ml Jordgubbssockersirap Caribbean Breeze 30 ml Pusser&#8217;s Select Romutslag 1 ml fyll med 1\/2 ananasjuice fyll med 1\/2 tranb\u00e4rsjuice<\/p>\n","protected":false},"excerpt":{"rendered":"<p>Aged A Minimum of 3 Years in EX-Bourbon Barrels &#8211; Product of Guyana<\/p>\n","protected":false},"featured_media":14113,"template":"","meta":{"_acf_changed":false,"rs_blank_template":"","rs_page_bg_color":"","slide_template_v7":""},"product_brand":[],"product_cat":[2387,4624,4634,2391],"product_tag":[],"class_list":{"0":"post-17391","1":"product","2":"type-product","3":"status-publish","4":"has-post-thumbnail","6":"product_cat-avec-sv","7":"product_cat-dark-sv","8":"product_cat-premium-aged-sv","9":"product_cat-rom-sv","10":"pa_land-guyana-sv","11":"pa_procent-75-5-sv","12":"pa_producent-pussers-rum-ltd-sv","13":"pa_volume-70-sv-2","15":"first","16":"instock","17":"sale","18":"taxable","19":"shipping-taxable","20":"purchasable","21":"product-type-simple"},"bundled_by":[],"bundle_stock_status":"instock","bundle_stock_quantity":null,"bundle_virtual":false,"bundle_layout":"","bundle_add_to_cart_form_location":"","bundle_editable_in_cart":false,"bundle_sold_individually_context":"","bundle_item_grouping":"","bundle_min_size":"","bundle_max_size":"","bundle_price":[],"bundled_items":[],"bundle_sell_ids":[],"acf":[],"_links":{"self":[{"href":"https:\/\/www.raschvin.com\/sv\/wp-json\/wp\/v2\/product\/17391","targetHints":{"allow":["GET"]}}],"collection":[{"href":"https:\/\/www.raschvin.com\/sv\/wp-json\/wp\/v2\/product"}],"about":[{"href":"https:\/\/www.raschvin.com\/sv\/wp-json\/wp\/v2\/types\/product"}],"wp:featuredmedia":[{"embeddable":true,"href":"https:\/\/www.raschvin.com\/sv\/wp-json\/wp\/v2\/media\/14113"}],"wp:attachment":[{"href":"https:\/\/www.raschvin.com\/sv\/wp-json\/wp\/v2\/media?parent=17391"}],"wp:term":[{"taxonomy":"product_brand","embeddable":true,"href":"https:\/\/www.raschvin.com\/sv\/wp-json\/wp\/v2\/product_brand?post=17391"},{"taxonomy":"product_cat","embeddable":true,"href":"https:\/\/www.raschvin.com\/sv\/wp-json\/wp\/v2\/product_cat?post=17391"},{"taxonomy":"product_tag","embeddable":true,"href":"https:\/\/www.raschvin.com\/sv\/wp-json\/wp\/v2\/product_tag?post=17391"}],"curies":[{"name":"wp","href":"https:\/\/api.w.org\/{rel}","templated":true}]}}