{"id":17377,"date":"2024-02-13T16:42:48","date_gmt":"2024-02-13T15:42:48","guid":{"rendered":"https:\/\/www.raschvin.com\/vare\/kilchoman-machir-bay-46\/"},"modified":"2022-11-22T10:22:59","modified_gmt":"2022-11-22T09:22:59","slug":"kilchoman-machir-bay-46","status":"publish","type":"product","link":"https:\/\/www.raschvin.com\/sv\/produkt\/kilchoman-machir-bay-46\/","title":{"rendered":"Kilchoman Machir Bay 70 cl. 46%"},"content":{"rendered":"<p>Machir Bay \u00e4r i f\u00f6rsta hand lagrad p\u00e5 gamla bourbonfat och imponerar med smaken och aromen av kusttorvr\u00f6k med toner av tropiska frukter, f\u00e4rsk vanilj, sm\u00f6rkola, \u00f6rter, stenfrukter och citruss\u00f6tma. Mjuk och sk\u00f6n men samtidigt med en rik r\u00f6k i mitten som \u00e4r klassisk Islay p\u00e5 b\u00e4sta m\u00f6jliga s\u00e4tt. 95 POINTS Ultimate Spirits Challenge 2021 Extraordin\u00e4r, ultimat rekommendation 93 POINTS IWSC 2021 Kilchoman \u00e4r Skottlands enda g\u00e5rdsdestilleri och ligger p\u00e5 Rockside Farm p\u00e5 nordv\u00e4stra Islay. H\u00e4r odlar destilleriet sitt eget spannm\u00e5l vid Machir Bay, och \u00e4r samtidigt det enda destilleriet p\u00e5 \u00f6n som b\u00e5de odlar och maltar spannm\u00e5l uteslutande fr\u00e5n Islay f\u00f6r destilleriets whisky. Kilchoman grundades 2005 och s\u00e5lde 2009 sin f\u00f6rsta whisky. Till destilleriets tv\u00e5 mest popul\u00e4ra whisky, Machir Bay och Sanaig, anv\u00e4nds en kombination av bourbon- och sherryfat. D\u00e4r de flesta r\u00e4tterna f\u00f6r Machir Bay \u00e4r bourbonr\u00e4tter, \u00e4r de flesta r\u00e4tterna f\u00f6r Sanaig sherryr\u00e4tter. B\u00e5da whiskyerna \u00e4r p\u00e5 46% och \u00e4r varken tillsatta kola eller kallfiltrerade. \u00c4ven om Kilchomans f\u00f6rsta whisky lanserades f\u00f6r mindre \u00e4n 10 \u00e5r sedan, har destilleriet redan vunnit fler priser \u00e4n l\u00e5ngt \u00e4ldre och mycket st\u00f6rre motsvarigheter. Kilchomans nomineringar inkluderar: 2011: Kilchoman vinner Malt Advocates Artisan Whisky of the Year (endast tre \u00e5r efter att den f\u00f6rsta whiskyn har producerats.) 2013: Anthony Willis utses till \u00c5rets Master Distiller vid International Whisky Competition. 2015: Machir Bay vinner guld p\u00e5 IWSC. 2016: IWSC utser Sanaig till b\u00e4sta singelmalt i Skottland utan \u00e5lder. Machir Bay utses ocks\u00e5 till b\u00e4sta Islay whisky samma \u00e5r. 2017: Machir Bay utses till \u00e5rets whiskyb\u00f6rs av Whiskyb\u00f6rsen och ett romfat p\u00e5 en fat vinner Jim Murrays Whiskybibel 2017 f\u00f6r \u00c5rets b\u00e4sta singelfat. Machir Bay, 46%, 70 cls .: Machir Bay lagras i f\u00f6rsta hand p\u00e5 gamla bourbonfat och imponerar med smaken och aromen av kusttorvr\u00f6k med toner av tropiska frukter, f\u00e4rsk vanilj, sm\u00f6rkola, \u00f6rter, stenfrukter och citruss\u00f6tma. Sanaig 46%, 70 cl .: Sanaig lagras i f\u00f6rsta hand p\u00e5 gamla sherryfat fr\u00e5n Miguel Martin fr\u00e5n Xerez, som \u00e4ven levererar till Glenfarclas. Whiskyn \u00e4r rik p\u00e5 lager av kola, honung och torkad frukt, s\u00f6t Islay-torvr\u00f6k och citruss\u00f6tma. Kilchoman \u00e4r Skottlands enda g\u00e5rdsdestilleri och ligger p\u00e5 Rockside Farm p\u00e5 nordv\u00e4stra Islay. H\u00e4r odlar destilleriet sitt eget spannm\u00e5l vid Machir Bay, och \u00e4r samtidigt det enda destilleriet p\u00e5 \u00f6n som b\u00e5de odlar och maltar spannm\u00e5l uteslutande fr\u00e5n Islay f\u00f6r destilleriets whisky. Kilchoman grundades 2005 och s\u00e5lde 2009 sin f\u00f6rsta whisky. Exklusiva och popul\u00e4ra whiskyar Till destilleriets tv\u00e5 mest popul\u00e4ra whiskyar Machir Bay och Sanaig anv\u00e4nds en kombination av bourbon- och sherryfat. D\u00e4r de flesta r\u00e4tterna f\u00f6r Machir Bay \u00e4r bourbonr\u00e4tter, \u00e4r de flesta r\u00e4tterna f\u00f6r Sanaig sherryr\u00e4tter. B\u00e5da whiskyerna \u00e4r p\u00e5 46% och \u00e4r varken tillsatta kola eller kallfiltrerade.<\/p>\n","protected":false},"excerpt":{"rendered":"<p>Islay Single Malt Scotch Whisky<\/p>\n","protected":false},"featured_media":14017,"template":"","meta":{"_acf_changed":false,"rs_blank_template":"","rs_page_bg_color":"","slide_template_v7":""},"product_brand":[],"product_cat":[2387,4651,2392],"product_tag":[],"class_list":{"0":"post-17377","1":"product","2":"type-product","3":"status-publish","4":"has-post-thumbnail","6":"product_cat-avec-sv","7":"product_cat-single-malt-sv","8":"product_cat-whisky-sv","9":"pa_land-skottland","10":"pa_procent-46-sv","11":"pa_producent-kilchoman-distillery-sv","12":"pa_region-islay-sv","13":"pa_volume-70-sv-2","15":"first","16":"instock","17":"sale","18":"taxable","19":"shipping-taxable","20":"purchasable","21":"product-type-simple"},"bundled_by":[],"bundle_stock_status":"instock","bundle_stock_quantity":null,"bundle_virtual":false,"bundle_layout":"","bundle_add_to_cart_form_location":"","bundle_editable_in_cart":false,"bundle_sold_individually_context":"","bundle_item_grouping":"","bundle_min_size":"","bundle_max_size":"","bundle_price":[],"bundled_items":[],"bundle_sell_ids":[],"acf":[],"_links":{"self":[{"href":"https:\/\/www.raschvin.com\/sv\/wp-json\/wp\/v2\/product\/17377","targetHints":{"allow":["GET"]}}],"collection":[{"href":"https:\/\/www.raschvin.com\/sv\/wp-json\/wp\/v2\/product"}],"about":[{"href":"https:\/\/www.raschvin.com\/sv\/wp-json\/wp\/v2\/types\/product"}],"wp:featuredmedia":[{"embeddable":true,"href":"https:\/\/www.raschvin.com\/sv\/wp-json\/wp\/v2\/media\/14017"}],"wp:attachment":[{"href":"https:\/\/www.raschvin.com\/sv\/wp-json\/wp\/v2\/media?parent=17377"}],"wp:term":[{"taxonomy":"product_brand","embeddable":true,"href":"https:\/\/www.raschvin.com\/sv\/wp-json\/wp\/v2\/product_brand?post=17377"},{"taxonomy":"product_cat","embeddable":true,"href":"https:\/\/www.raschvin.com\/sv\/wp-json\/wp\/v2\/product_cat?post=17377"},{"taxonomy":"product_tag","embeddable":true,"href":"https:\/\/www.raschvin.com\/sv\/wp-json\/wp\/v2\/product_tag?post=17377"}],"curies":[{"name":"wp","href":"https:\/\/api.w.org\/{rel}","templated":true}]}}