{"id":17375,"date":"2022-05-30T12:12:48","date_gmt":"2022-05-30T10:12:48","guid":{"rendered":"https:\/\/www.raschvin.com\/vare\/savanna-le-must-45\/"},"modified":"2022-12-06T11:23:21","modified_gmt":"2022-12-06T10:23:21","slug":"savanna-le-must-45","status":"publish","type":"product","link":"https:\/\/www.raschvin.com\/sv\/produkt\/savanna-le-must-45\/","title":{"rendered":"Savanna Le Must 70 cl. 45%"},"content":{"rendered":"<p>Savanna Le Must \u00e4r en rom fr\u00e5n La R\u00e9union som kombinerar tv\u00e5 stilar fr\u00e5n Savanna: traditionnel och den kraftfulla grand ar\u00f4me. Le Must \u00e4r en blandning av de tv\u00e5 typerna av rom, lagrad upp till 9 \u00e5r i ett tropiskt klimat. En komplex och sp\u00e4nnande rom som uttrycker Savannas identitet och kommer att tilltala b\u00e5de n\u00f6rdar och noviser. Rommen \u00e4r buteljerad till 45 % och har inget tillsatt socker.<\/p>\n<p>F\u00e4rg: M\u00f6rk b\u00e4rnsten.<br \/>\nDoft: Vacker, uttrycksfull doft av saftiga, mogna p\u00e4ron, banan och kakaonibs.<br \/>\nSmaknoter: Fin balans mellan det fruktiga och kryddiga. Inslag av tropisk frukt, honung och chokladganache.<\/p>\n<p>Serveringsf\u00f6rslag: Vi rekommenderar att du njuter av den snyggt \u2013 men den passar nu \u00e4ven utm\u00e4rkt i cocktails om du k\u00e4nner f\u00f6r det.<\/p>\n<p>I Indiska oceanen, inte l\u00e5ngt fr\u00e5n Madagaskar, hittar du \u00f6n La R\u00e9union, d\u00e4r Distillerie de Savanna producerar n\u00e5gra av tidens mest sp\u00e4nnande och autentiska rom. Som n\u00e5got ganska unikt j\u00e4ser Savanna b\u00e5de p\u00e5 melass och den helt f\u00e4rska juicen fr\u00e5n sockerr\u00f6ren. B\u00e5da delarna levereras av den lokala Sucrerie de Bois-Rouge, som ligger precis intill destilleriet.<br \/>\nI portf\u00f6ljen har Savanna ett stort antal olika uttryck och det \u00e4r bland annat j\u00e4sningen som hj\u00e4lper till att definiera rommens smak. F\u00f6r traditionell, l\u00e4tt rom \u00e4r j\u00e4sningstiden 24 timmar, f\u00f6r agricolromen p\u00e5 den f\u00e4rska juicen \u00e4r den 36 och f\u00f6r grand ar\u00f4me \u00e4r du uppe i cirka 15 dagar \u2013 under den tiden n\u00e5r den bara en alkoholprocent p\u00e5 3,5 ! Vissa av rummen \u00e4r buteljerade utan \u00e5ldrande, medan andra \u00e4r i antingen cognac, calvados, sherry och portvinfat, etc. Allt, \u00e4ven buteljering, sker p\u00e5 destilleriet, vilket ger Savanna fullst\u00e4ndig kontroll \u00f6ver kvaliteten fr\u00e5n b\u00f6rjan till slut.<\/p>\n","protected":false},"excerpt":{"rendered":"<p>Rhum Traditionnel Vieux de La R\u00e8union<\/p>\n","protected":false},"featured_media":13991,"template":"","meta":{"_acf_changed":false,"rs_blank_template":"","rs_page_bg_color":"","slide_template_v7":""},"product_brand":[],"product_cat":[4645,2387,4634,2391],"product_tag":[],"class_list":{"0":"post-17375","1":"product","2":"type-product","3":"status-publish","4":"has-post-thumbnail","6":"product_cat-agricole-sv","7":"product_cat-avec-sv","8":"product_cat-premium-aged-sv","9":"product_cat-rom-sv","10":"pa_land-reunion-frankrike-sv","11":"pa_procent-45-sv","12":"pa_producent-savanna-sv","13":"pa_volume-70-sv-2","15":"first","16":"instock","17":"taxable","18":"shipping-taxable","19":"purchasable","20":"product-type-simple"},"bundled_by":[],"bundle_stock_status":"instock","bundle_stock_quantity":null,"bundle_virtual":false,"bundle_layout":"","bundle_add_to_cart_form_location":"","bundle_editable_in_cart":false,"bundle_sold_individually_context":"","bundle_item_grouping":"","bundle_min_size":"","bundle_max_size":"","bundle_price":[],"bundled_items":[],"bundle_sell_ids":[],"acf":[],"_links":{"self":[{"href":"https:\/\/www.raschvin.com\/sv\/wp-json\/wp\/v2\/product\/17375","targetHints":{"allow":["GET"]}}],"collection":[{"href":"https:\/\/www.raschvin.com\/sv\/wp-json\/wp\/v2\/product"}],"about":[{"href":"https:\/\/www.raschvin.com\/sv\/wp-json\/wp\/v2\/types\/product"}],"wp:featuredmedia":[{"embeddable":true,"href":"https:\/\/www.raschvin.com\/sv\/wp-json\/wp\/v2\/media\/13991"}],"wp:attachment":[{"href":"https:\/\/www.raschvin.com\/sv\/wp-json\/wp\/v2\/media?parent=17375"}],"wp:term":[{"taxonomy":"product_brand","embeddable":true,"href":"https:\/\/www.raschvin.com\/sv\/wp-json\/wp\/v2\/product_brand?post=17375"},{"taxonomy":"product_cat","embeddable":true,"href":"https:\/\/www.raschvin.com\/sv\/wp-json\/wp\/v2\/product_cat?post=17375"},{"taxonomy":"product_tag","embeddable":true,"href":"https:\/\/www.raschvin.com\/sv\/wp-json\/wp\/v2\/product_tag?post=17375"}],"curies":[{"name":"wp","href":"https:\/\/api.w.org\/{rel}","templated":true}]}}