{"id":17373,"date":"2022-05-30T12:11:11","date_gmt":"2022-05-30T10:11:11","guid":{"rendered":"https:\/\/www.raschvin.com\/vare\/peychauds-35\/"},"modified":"2022-11-30T14:39:41","modified_gmt":"2022-11-30T13:39:41","slug":"peychauds-35","status":"publish","type":"product","link":"https:\/\/www.raschvin.com\/sv\/produkt\/peychauds-35\/","title":{"rendered":"Peychaud&#8217;s 15 cl. 35%"},"content":{"rendered":"<p>Historien bakom Peychaud&#8217;s Aromatic Cocktail Bitter b\u00f6rjar 1793 i New Orleans. Rika plantage\u00e4gare tvingades fly till San Domingo Island med sina \u00e4lskade tillh\u00f6righeter. M\u00e5nga anl\u00e4nde till New Orleans, d\u00e5 en del av Louisiana, Spanien. Mellan dessa \u00e4godelar fanns ett recept p\u00e5 en flytande tonic som heter Bitters. Den kreolske \u00e4garen av receptet var Antoine Amedie Peychaud och han var utbildad apotekare. AA Peychauds ber\u00f6mmelse i staden grundades, inte s\u00e5 mycket f\u00f6r medicinen han delade ut till inv\u00e5narna, utan mycket mer f\u00f6r hans bitterhet. Dessa bittra var bra f\u00f6r vad inv\u00e5narna \u00e4n hade att k\u00e4mpa med. Peychaud&#8217;s Bitters gav nytt liv \u00e5t portionerna konjakbr\u00e4nnvin han serverade till sina v\u00e4nner och andra som bes\u00f6kte hans apotek. Denna konjak\/bitra dryck blev snabbt ber\u00f6mmelse. Konsekvensen blev att fler kaffehus i New Orleans b\u00f6rjade anv\u00e4nda Peychaud&#8217;s Bitters, och med tiden i fler och fler cocktails. Idag \u00e4r Peychaud&#8217;s Bitters ett varum\u00e4rke som \u00e4r spritt \u00f6ver hela v\u00e4rlden. Den extra krydda den ger b\u00e5de dryck och r\u00e4tter har gett denna beska en speciell plats p\u00e5 m\u00e5nga menykort. Peychaud&#8217;s \u00e4r inte t\u00e4nkt att dricka direkt ur flaskan &#8211; men vi f\u00f6rs\u00f6kte \u00e4nd\u00e5. Doften \u00e4r av krydda, \u00f6rtag\u00e5rd, medicin, mentol och anis. Smaken \u00e4r av lakrits, s\u00f6t och s\u00e5 bitter p\u00e5 slutet. Det \u00e4r naturligt att j\u00e4mf\u00f6ra Peychaud&#8217;s med Angustora Bitter &#8211; och skillnaden mellan de 2 \u00e4r att Peychaud&#8217;s \u00e4r s\u00f6tare \u00e4n Angustora. B\u00e5da Bitterna ing\u00e5r i flera cocktails tillsammans, vilket understryker att det finns en skillnad.<\/p>\n","protected":false},"excerpt":{"rendered":"<p>Aromatic Cocktail Bitter<\/p>\n","protected":false},"featured_media":13974,"template":"","meta":{"_acf_changed":false,"rs_blank_template":"","rs_page_bg_color":"","slide_template_v7":""},"product_brand":[],"product_cat":[2394,2405],"product_tag":[],"class_list":{"0":"post-17373","1":"product","2":"type-product","3":"status-publish","4":"has-post-thumbnail","6":"product_cat-bitter-sv","7":"product_cat-mixers-sv","8":"pa_land-usa-sv","9":"pa_procent-35-sv","10":"pa_producent-buffalo-trace-sv","11":"pa_volume-15-sv","13":"first","14":"instock","15":"featured","16":"taxable","17":"shipping-taxable","18":"purchasable","19":"product-type-simple"},"bundled_by":[],"bundle_stock_status":"instock","bundle_stock_quantity":null,"bundle_virtual":false,"bundle_layout":"","bundle_add_to_cart_form_location":"","bundle_editable_in_cart":false,"bundle_sold_individually_context":"","bundle_item_grouping":"","bundle_min_size":"","bundle_max_size":"","bundle_price":[],"bundled_items":[],"bundle_sell_ids":[],"acf":[],"_links":{"self":[{"href":"https:\/\/www.raschvin.com\/sv\/wp-json\/wp\/v2\/product\/17373","targetHints":{"allow":["GET"]}}],"collection":[{"href":"https:\/\/www.raschvin.com\/sv\/wp-json\/wp\/v2\/product"}],"about":[{"href":"https:\/\/www.raschvin.com\/sv\/wp-json\/wp\/v2\/types\/product"}],"wp:featuredmedia":[{"embeddable":true,"href":"https:\/\/www.raschvin.com\/sv\/wp-json\/wp\/v2\/media\/13974"}],"wp:attachment":[{"href":"https:\/\/www.raschvin.com\/sv\/wp-json\/wp\/v2\/media?parent=17373"}],"wp:term":[{"taxonomy":"product_brand","embeddable":true,"href":"https:\/\/www.raschvin.com\/sv\/wp-json\/wp\/v2\/product_brand?post=17373"},{"taxonomy":"product_cat","embeddable":true,"href":"https:\/\/www.raschvin.com\/sv\/wp-json\/wp\/v2\/product_cat?post=17373"},{"taxonomy":"product_tag","embeddable":true,"href":"https:\/\/www.raschvin.com\/sv\/wp-json\/wp\/v2\/product_tag?post=17373"}],"curies":[{"name":"wp","href":"https:\/\/api.w.org\/{rel}","templated":true}]}}