{"id":17365,"date":"2023-04-15T08:18:11","date_gmt":"2023-04-15T06:18:11","guid":{"rendered":"https:\/\/www.raschvin.com\/vare\/hampden-estate-hlcf-classic-60\/"},"modified":"2022-11-18T15:32:26","modified_gmt":"2022-11-18T14:32:26","slug":"hampden-estate-hlcf-classic-60","status":"publish","type":"product","link":"https:\/\/www.raschvin.com\/sv\/produkt\/hampden-estate-hlcf-classic-60\/","title":{"rendered":"Hampden Estate &#8211; HLCF Classic 70 cl. 60%"},"content":{"rendered":"<p>Hampden Estate HLCF Classic \u00e4r en unik och unik rom: gjord exklusivt av HLCF-m\u00e4rket, den \u00e4r den perfekta flaskan f\u00f6r finsmakare och purister av den h\u00f6gsta rom. HLCF betyder Hampden Light Continental Flavored, och \u00e4r ett av de m\u00e4rken som produceras p\u00e5 Hampden Estate f\u00f6r de rom med h\u00f6g koncentration av estrar, dvs. fr\u00e5n 400 till 600 gr \/ hlpa. Trots styrkan, som framg\u00e5r av alkoholhalten p\u00e5 60%, f\u00f6rblir denna rom delikat och raffinerad med sina rostade toner av tr\u00e4 och kryddor. Hampden Estate har varit verksamt sedan 1753 i Trelawny Parish, k\u00e4nt som grand cru f\u00f6r jamaicansk rom, och sedan 2009 har det b\u00f6rjat lagra sin rena singelrom. Som med alla dess buteljeringar producerades \u00e4ven denna 100% Pot Still-utg\u00e5va med hj\u00e4lp av hemliga metoder, som har varit of\u00f6r\u00e4ndrade sedan 1700-talet. Kongenerhalt p\u00e5 3606,9 gr \/ hlpa, varav estrar 476,9 gr \/ hlpa.<\/p>\n","protected":false},"excerpt":{"rendered":"<p>Pure Single Jamaica Rum<\/p>\n","protected":false},"featured_media":13915,"template":"","meta":{"_acf_changed":false,"rs_blank_template":"","rs_page_bg_color":"","slide_template_v7":""},"product_brand":[],"product_cat":[2387,4634,2391],"product_tag":[],"class_list":{"0":"post-17365","1":"product","2":"type-product","3":"status-publish","4":"has-post-thumbnail","6":"product_cat-avec-sv","7":"product_cat-premium-aged-sv","8":"product_cat-rom-sv","9":"pa_land-jamaica-sv","10":"pa_procent-60-sv","11":"pa_producent-hampden-sv","12":"pa_volume-70-sv-2","14":"first","15":"instock","16":"sale","17":"taxable","18":"shipping-taxable","19":"purchasable","20":"product-type-simple"},"bundled_by":[],"bundle_stock_status":"instock","bundle_stock_quantity":0,"bundle_virtual":false,"bundle_layout":"","bundle_add_to_cart_form_location":"","bundle_editable_in_cart":false,"bundle_sold_individually_context":"","bundle_item_grouping":"","bundle_min_size":"","bundle_max_size":"","bundle_price":[],"bundled_items":[],"bundle_sell_ids":[],"acf":[],"_links":{"self":[{"href":"https:\/\/www.raschvin.com\/sv\/wp-json\/wp\/v2\/product\/17365","targetHints":{"allow":["GET"]}}],"collection":[{"href":"https:\/\/www.raschvin.com\/sv\/wp-json\/wp\/v2\/product"}],"about":[{"href":"https:\/\/www.raschvin.com\/sv\/wp-json\/wp\/v2\/types\/product"}],"wp:featuredmedia":[{"embeddable":true,"href":"https:\/\/www.raschvin.com\/sv\/wp-json\/wp\/v2\/media\/13915"}],"wp:attachment":[{"href":"https:\/\/www.raschvin.com\/sv\/wp-json\/wp\/v2\/media?parent=17365"}],"wp:term":[{"taxonomy":"product_brand","embeddable":true,"href":"https:\/\/www.raschvin.com\/sv\/wp-json\/wp\/v2\/product_brand?post=17365"},{"taxonomy":"product_cat","embeddable":true,"href":"https:\/\/www.raschvin.com\/sv\/wp-json\/wp\/v2\/product_cat?post=17365"},{"taxonomy":"product_tag","embeddable":true,"href":"https:\/\/www.raschvin.com\/sv\/wp-json\/wp\/v2\/product_tag?post=17365"}],"curies":[{"name":"wp","href":"https:\/\/api.w.org\/{rel}","templated":true}]}}