{"id":17360,"date":"2022-05-30T12:09:48","date_gmt":"2022-05-30T10:09:48","guid":{"rendered":"https:\/\/www.raschvin.com\/vare\/kamiki-sakura-wood-48\/"},"modified":"2022-11-22T09:31:11","modified_gmt":"2022-11-22T08:31:11","slug":"kamiki-sakura-wood-48","status":"publish","type":"product","link":"https:\/\/www.raschvin.com\/sv\/produkt\/kamiki-sakura-wood-48\/","title":{"rendered":"Kamiki Sakura Wood 50 cl. 48%"},"content":{"rendered":"<p>Producent: Distillery Kamiki Sakura.<br \/>\nKamiki: Kamiki SAKURA \u00e5ldras p\u00e5 Sakurafade (japanskt k\u00f6rsb\u00e4rstr\u00e4) i den f\u00f6rsta<br \/>\nfas. I den andra fasen \u00e5ldras den p\u00e5 Yoshino Sugifade (japansk ceder).<br \/>\nDenna 2-delade fatfinish ger en varm tr\u00e4ig, mild krydda och toner av<br \/>\ns\u00f6ta k\u00f6rsb\u00e4r i whiskyn.<\/p>\n<p>Pris: &#8221;91 po\u00e4ng&#8221; fr\u00e5n Ultimate Spirit Challenge 2020.<br \/>\n&#8221;Double Gold&#8221; fr\u00e5n Cigar &#038; Spirits Magazine Competition 2019.<br \/>\n&#8221;Guld&#8221; fr\u00e5n China Wine and Spirits Awards 2019.<br \/>\n&#8221;Platinum&#8221; fr\u00e5n 2019 \u00e5rs SIP Awards.<br \/>\n&#8221;Double Gold&#8221; fr\u00e5n Women&#8217;s Wine &#038; Spirit Awards 201<\/p>\n","protected":false},"excerpt":{"rendered":"<p>Blended Malt Japanese Whisky<\/p>\n","protected":false},"featured_media":13883,"template":"","meta":{"_acf_changed":false,"rs_blank_template":"","rs_page_bg_color":"","slide_template_v7":""},"product_brand":[],"product_cat":[2387,4648,2392],"product_tag":[],"class_list":{"0":"post-17360","1":"product","2":"type-product","3":"status-publish","4":"has-post-thumbnail","6":"product_cat-avec-sv","7":"product_cat-blended-malt","8":"product_cat-whisky-sv","9":"pa_land-japan-sv","10":"pa_procent-48-sv","11":"pa_producent-kamiki-whisky-sv","12":"pa_traefad-sakura-sv","13":"pa_volume-50-sv","15":"first","16":"instock","17":"taxable","18":"shipping-taxable","19":"purchasable","20":"product-type-simple"},"bundled_by":[],"bundle_stock_status":"instock","bundle_stock_quantity":5,"bundle_virtual":false,"bundle_layout":"","bundle_add_to_cart_form_location":"","bundle_editable_in_cart":false,"bundle_sold_individually_context":"","bundle_item_grouping":"","bundle_min_size":"","bundle_max_size":"","bundle_price":[],"bundled_items":[],"bundle_sell_ids":[],"acf":[],"_links":{"self":[{"href":"https:\/\/www.raschvin.com\/sv\/wp-json\/wp\/v2\/product\/17360","targetHints":{"allow":["GET"]}}],"collection":[{"href":"https:\/\/www.raschvin.com\/sv\/wp-json\/wp\/v2\/product"}],"about":[{"href":"https:\/\/www.raschvin.com\/sv\/wp-json\/wp\/v2\/types\/product"}],"wp:featuredmedia":[{"embeddable":true,"href":"https:\/\/www.raschvin.com\/sv\/wp-json\/wp\/v2\/media\/13883"}],"wp:attachment":[{"href":"https:\/\/www.raschvin.com\/sv\/wp-json\/wp\/v2\/media?parent=17360"}],"wp:term":[{"taxonomy":"product_brand","embeddable":true,"href":"https:\/\/www.raschvin.com\/sv\/wp-json\/wp\/v2\/product_brand?post=17360"},{"taxonomy":"product_cat","embeddable":true,"href":"https:\/\/www.raschvin.com\/sv\/wp-json\/wp\/v2\/product_cat?post=17360"},{"taxonomy":"product_tag","embeddable":true,"href":"https:\/\/www.raschvin.com\/sv\/wp-json\/wp\/v2\/product_tag?post=17360"}],"curies":[{"name":"wp","href":"https:\/\/api.w.org\/{rel}","templated":true}]}}