{"id":17351,"date":"2022-05-30T12:08:08","date_gmt":"2022-05-30T10:08:08","guid":{"rendered":"https:\/\/www.raschvin.com\/vare\/gelas-vieil-armagnac-selection\/"},"modified":"2022-11-17T20:08:29","modified_gmt":"2022-11-17T19:08:29","slug":"gelas-vieil-armagnac-selection","status":"publish","type":"product","link":"https:\/\/www.raschvin.com\/sv\/produkt\/gelas-vieil-armagnac-selection\/","title":{"rendered":"Gelas Armagnac Vieil Selection 70 cl. 40%"},"content":{"rendered":"<p>\u00c5r 1865 testamenterade Guillaume G\u00e9las, en respekterad fattillverkare i regionen Gascogne i Frankrike, sin son Baptiste, som i sin tur skapade Maison G\u00e9las. 1910 tog hans son, Louis, \u00f6ver ledningen av f\u00f6retaget och k\u00f6pte en egendom med Manciet-vinstockar, Ch\u00e2teau de Martet (Martet Castle). Efter andra v\u00e4rldskriget gick Pierre i sin fars fotsp\u00e5r och gav familjef\u00f6retaget en internationell dimension. Idag har Pierres son Philippe, som representerar den fj\u00e4rde generationen av familjen G\u00e9las som tog \u00f6ver tyglarna, drivit verksamheten sedan slutet av 2001.<\/p>\n","protected":false},"excerpt":{"rendered":"<p>Bas Armagnac \u2013 Maison Gelas \u2013 France<\/p>\n","protected":false},"featured_media":13796,"template":"","meta":{"_acf_changed":false,"rs_blank_template":"","rs_page_bg_color":"","slide_template_v7":""},"product_brand":[],"product_cat":[2388,2387],"product_tag":[],"class_list":{"0":"post-17351","1":"product","2":"type-product","3":"status-publish","4":"has-post-thumbnail","6":"product_cat-armagnac-marc-sv","7":"product_cat-avec-sv","8":"pa_land-frankrike","9":"pa_procent-40-sv-2","10":"pa_producent-maison-gelas-sv","11":"pa_region-armagnac-sv","12":"pa_volume-70-sv-2","14":"first","15":"outofstock","16":"sale","17":"taxable","18":"shipping-taxable","19":"purchasable","20":"product-type-simple"},"bundled_by":[],"bundle_stock_status":"outofstock","bundle_stock_quantity":null,"bundle_virtual":false,"bundle_layout":"","bundle_add_to_cart_form_location":"","bundle_editable_in_cart":false,"bundle_sold_individually_context":"","bundle_item_grouping":"","bundle_min_size":"","bundle_max_size":"","bundle_price":[],"bundled_items":[],"bundle_sell_ids":[],"acf":[],"_links":{"self":[{"href":"https:\/\/www.raschvin.com\/sv\/wp-json\/wp\/v2\/product\/17351","targetHints":{"allow":["GET"]}}],"collection":[{"href":"https:\/\/www.raschvin.com\/sv\/wp-json\/wp\/v2\/product"}],"about":[{"href":"https:\/\/www.raschvin.com\/sv\/wp-json\/wp\/v2\/types\/product"}],"wp:featuredmedia":[{"embeddable":true,"href":"https:\/\/www.raschvin.com\/sv\/wp-json\/wp\/v2\/media\/13796"}],"wp:attachment":[{"href":"https:\/\/www.raschvin.com\/sv\/wp-json\/wp\/v2\/media?parent=17351"}],"wp:term":[{"taxonomy":"product_brand","embeddable":true,"href":"https:\/\/www.raschvin.com\/sv\/wp-json\/wp\/v2\/product_brand?post=17351"},{"taxonomy":"product_cat","embeddable":true,"href":"https:\/\/www.raschvin.com\/sv\/wp-json\/wp\/v2\/product_cat?post=17351"},{"taxonomy":"product_tag","embeddable":true,"href":"https:\/\/www.raschvin.com\/sv\/wp-json\/wp\/v2\/product_tag?post=17351"}],"curies":[{"name":"wp","href":"https:\/\/api.w.org\/{rel}","templated":true}]}}