{"id":17348,"date":"2022-05-30T12:08:08","date_gmt":"2022-05-30T10:08:08","guid":{"rendered":"https:\/\/www.raschvin.com\/vare\/cero2-chinola-citrus-gin-40\/"},"modified":"2022-11-10T08:22:12","modified_gmt":"2022-11-10T07:22:12","slug":"cero2-chinola-citrus-gin-40","status":"publish","type":"product","link":"https:\/\/www.raschvin.com\/sv\/produkt\/cero2-chinola-citrus-gin-40\/","title":{"rendered":"Cero2 Chinola &#038; Citrus Gin 70 cl. 40%"},"content":{"rendered":"<p>CERO2 Chinola gin tillverkas i Dominikanska republiken. Sockerr\u00f6ren som omger destilleriet pressas och saften anv\u00e4nds f\u00f6r framst\u00e4llning av alkohol som destilleras enligt kolonnmetoden. Den f\u00e4rdiga produkten \u00e4r en h\u00f6gkvalitativ alkohol p\u00e5 \u00f6ver 96% och den \u00e4r basen i CERO2 Chinola gin. I Dominikanska republiken odlas och avnjuts chinola (passionsfrukten) i stor stil. Den pressas och dricks vanligtvis som ren juice rik p\u00e5 vitamin A och C. Denna gin kallas CERO2, Chinola eftersom A Clean Spirit arbetar f\u00f6r att minska milj\u00f6p\u00e5verkan i samband med produktionen av deras produkter. Destilleriet arbetar med h\u00e5llbara principer med fokus p\u00e5 milj\u00f6v\u00e4nlig produktion och goda villkor f\u00f6r de anst\u00e4llda. I samband med j\u00e4sningen kapslas all CO2 in i trycktankar, och den \u00e5tervinns d\u00e4refter i produktionen av sodavatten. Biomassan f\u00f6rbr\u00e4nns s\u00e5 att fabriken blir sj\u00e4lvf\u00f6rs\u00f6rjande p\u00e5 energi och \u00f6verskottsproduktionen av energi skickas ut till n\u00e4romr\u00e5det. Detta g\u00f6r sockerr\u00f6r till en &#8221;f\u00f6rnybar resurs&#8221; i energiproduktionen. CERO2 Chinola seglas sedan med segelfartyg till Europa, d\u00e4r den buteljeras i \u00e5tervunnet glas.<\/p>\n","protected":false},"excerpt":{"rendered":"<p>Sustainable Dominican Republic Gin<\/p>\n","protected":false},"featured_media":13757,"template":"","meta":{"_acf_changed":false,"rs_blank_template":"","rs_page_bg_color":"","slide_template_v7":""},"product_brand":[],"product_cat":[4711,4700,2404,2402],"product_tag":[],"class_list":{"0":"post-17348","1":"product","2":"type-product","3":"status-publish","4":"has-post-thumbnail","6":"product_cat-andra-gins","7":"product_cat-flavoured-gin-sv","8":"product_cat-gin-sv","9":"product_cat-sprit-sv","10":"pa_land-dominikanska-republiken","11":"pa_procent-40-sv-2","12":"pa_producent-a-clean-spirit-sv","13":"pa_volume-70-sv-2","15":"first","16":"instock","17":"sale","18":"taxable","19":"shipping-taxable","20":"purchasable","21":"product-type-simple"},"bundled_by":[],"bundle_stock_status":"instock","bundle_stock_quantity":null,"bundle_virtual":false,"bundle_layout":"","bundle_add_to_cart_form_location":"","bundle_editable_in_cart":false,"bundle_sold_individually_context":"","bundle_item_grouping":"","bundle_min_size":"","bundle_max_size":"","bundle_price":[],"bundled_items":[],"bundle_sell_ids":[],"acf":[],"_links":{"self":[{"href":"https:\/\/www.raschvin.com\/sv\/wp-json\/wp\/v2\/product\/17348","targetHints":{"allow":["GET"]}}],"collection":[{"href":"https:\/\/www.raschvin.com\/sv\/wp-json\/wp\/v2\/product"}],"about":[{"href":"https:\/\/www.raschvin.com\/sv\/wp-json\/wp\/v2\/types\/product"}],"wp:featuredmedia":[{"embeddable":true,"href":"https:\/\/www.raschvin.com\/sv\/wp-json\/wp\/v2\/media\/13757"}],"wp:attachment":[{"href":"https:\/\/www.raschvin.com\/sv\/wp-json\/wp\/v2\/media?parent=17348"}],"wp:term":[{"taxonomy":"product_brand","embeddable":true,"href":"https:\/\/www.raschvin.com\/sv\/wp-json\/wp\/v2\/product_brand?post=17348"},{"taxonomy":"product_cat","embeddable":true,"href":"https:\/\/www.raschvin.com\/sv\/wp-json\/wp\/v2\/product_cat?post=17348"},{"taxonomy":"product_tag","embeddable":true,"href":"https:\/\/www.raschvin.com\/sv\/wp-json\/wp\/v2\/product_tag?post=17348"}],"curies":[{"name":"wp","href":"https:\/\/api.w.org\/{rel}","templated":true}]}}