{"id":17345,"date":"2022-05-30T12:08:08","date_gmt":"2022-05-30T10:08:08","guid":{"rendered":"https:\/\/www.raschvin.com\/vare\/arctic-blue-oat-gin-liqueur\/"},"modified":"2024-03-26T13:57:58","modified_gmt":"2024-03-26T12:57:58","slug":"arctic-blue-oat-gin-liqueur","status":"publish","type":"product","link":"https:\/\/www.raschvin.com\/sv\/produkt\/arctic-blue-oat-gin-liqueur\/","title":{"rendered":"Arctic Blue Oat Gin Liqueur 50 cl. 17%"},"content":{"rendered":"<p>Denna sammetsmjuka artesiska lik\u00f6r kombineras mjukheten fr\u00e5n nordisk havre med dofterna av en skog med morgondagg och bl\u00e5b\u00e4rsstj\u00e4lkar till en harmonisk helhet. Till r\u00e5varorna h\u00f6r havre odlad i v\u00e4rldens renaste luft, vilda bl\u00e5b\u00e4r fr\u00e5n Norra Karelen och f\u00e4rskt finskt k\u00e4llvatten. Arctic Blue Oat havrelik\u00f6r \u00e4r en helt vegansk, mj\u00f6lkfri och glutenfri produkt. Tillverkad f\u00f6r hand i Finland. Den harmoniska kombinationen av nordisk havre och Arctic Blue Gin f\u00f6r dig p\u00e5 en inspirerande smakresa till den nordliga naturen och de varma ugnarna i det karelska k\u00f6ket. Havrelik\u00f6rens doft- och smakv\u00e4rld f\u00e5r oss att t\u00e4nka p\u00e5 havre-bl\u00e5b\u00e4rspaj med vaniljs\u00e5s, som kr\u00f6ns av en gener\u00f6s tillsats av kardemumma. I doften kan man se f\u00e4rsk vetedeg. Arctic Blue Oat ger v\u00e4rme i vinterkylan och kan serveras med glass i sommarv\u00e4rmen f\u00f6r en uppfriskande och svalkande drink. Vi planerade att denna Arctic Blue Gin-baserade havrelik\u00f6r skulle avnjutas som s\u00e5dan med glass eller som dessertdrink. Eftersom lik\u00f6ren \u00e4r mj\u00f6lkfri passar den \u00e4ven utm\u00e4rkt i cocktails. Denna lik\u00f6r har cocktails som v\u00e4ntar p\u00e5.<\/p>\n","protected":false},"excerpt":{"rendered":"<p>Vegan &#038; Dairy-Free Cream  &#8211; Finland<\/p>\n","protected":false},"featured_media":13718,"template":"","meta":{"_acf_changed":false,"rs_blank_template":"","rs_page_bg_color":"","slide_template_v7":""},"product_brand":[],"product_cat":[2387,4673,2390],"product_tag":[],"class_list":{"0":"post-17345","1":"product","2":"type-product","3":"status-publish","4":"has-post-thumbnail","6":"product_cat-avec-sv","7":"product_cat-creme-sv","8":"product_cat-sprit","9":"pa_land-finland-sv","10":"pa_procent-17-sv","11":"pa_producent-arctic-blue-destillery-sv","12":"pa_volume-50-sv","14":"first","15":"instock","16":"sale","17":"taxable","18":"shipping-taxable","19":"purchasable","20":"product-type-simple"},"bundled_by":[],"bundle_stock_status":"instock","bundle_stock_quantity":null,"bundle_virtual":false,"bundle_layout":"","bundle_add_to_cart_form_location":"","bundle_editable_in_cart":false,"bundle_sold_individually_context":"","bundle_item_grouping":"","bundle_min_size":"","bundle_max_size":"","bundle_price":[],"bundled_items":[],"bundle_sell_ids":[],"acf":[],"_links":{"self":[{"href":"https:\/\/www.raschvin.com\/sv\/wp-json\/wp\/v2\/product\/17345","targetHints":{"allow":["GET"]}}],"collection":[{"href":"https:\/\/www.raschvin.com\/sv\/wp-json\/wp\/v2\/product"}],"about":[{"href":"https:\/\/www.raschvin.com\/sv\/wp-json\/wp\/v2\/types\/product"}],"wp:featuredmedia":[{"embeddable":true,"href":"https:\/\/www.raschvin.com\/sv\/wp-json\/wp\/v2\/media\/13718"}],"wp:attachment":[{"href":"https:\/\/www.raschvin.com\/sv\/wp-json\/wp\/v2\/media?parent=17345"}],"wp:term":[{"taxonomy":"product_brand","embeddable":true,"href":"https:\/\/www.raschvin.com\/sv\/wp-json\/wp\/v2\/product_brand?post=17345"},{"taxonomy":"product_cat","embeddable":true,"href":"https:\/\/www.raschvin.com\/sv\/wp-json\/wp\/v2\/product_cat?post=17345"},{"taxonomy":"product_tag","embeddable":true,"href":"https:\/\/www.raschvin.com\/sv\/wp-json\/wp\/v2\/product_tag?post=17345"}],"curies":[{"name":"wp","href":"https:\/\/api.w.org\/{rel}","templated":true}]}}