{"id":17341,"date":"2022-05-30T12:06:35","date_gmt":"2022-05-30T10:06:35","guid":{"rendered":"https:\/\/www.raschvin.com\/vare\/a-h-riise-signature-439-master-blender-collection\/"},"modified":"2022-10-30T20:29:09","modified_gmt":"2022-10-30T19:29:09","slug":"a-h-riise-signature-439-master-blender-collection","status":"publish","type":"product","link":"https:\/\/www.raschvin.com\/sv\/produkt\/a-h-riise-signature-439-master-blender-collection\/","title":{"rendered":"A.H. Riise Signature &#8211; Master Blender Collection 70 cl. 43,9%"},"content":{"rendered":"<p>AH. Riise introducerar signatur 43,9%<\/p>\n<p>Ingenting \u00e4r mer bindande \u00e4n att underteckna med din signatur p\u00e5 ett papper. Det \u00e4r ocks\u00e5 d\u00e4rf\u00f6r vi har valt att ringa v\u00e5r nya premiumblandning f\u00f6r signatur. AH. Riise signatur \u00e4r helt enkelt en. Det \u00e4r en unik blandning, med alla smakegenskaper som du vet fr\u00e5n A.H. Riise och mer till. S\u00f6tmen, mild, fl\u00e4tig smak och aromer. En unik lyxblandning, gjorde bara den b\u00e4sta blekna och d\u00e4rmed v\u00e4rd att fira de stora stunderna i livet. Moments du vill uppskatta och komma ih\u00e5g.<\/p>\n<p>N\u00e4r vi skapar en A.H. Riise produkt, vi anv\u00e4nder Rom fr\u00e5n ett brett utbud av r\u00e4tter, alla med olika \u00e5lder och ursprung. Det \u00e4r emellertid inte alla fade t\u00f6mda till den sista droppen. Ofta \u00e4r det lite tillbaka p\u00e5 sk\u00e5len. En liten m\u00e4ngd fantastiska Rom. Det \u00e4r dessa f\u00f6rstklassiga r\u00e4tter, vi anv\u00e4nder f\u00f6r att skapa den perfekta signaturblandningen.<\/p>\n<p>Varje upplaga av A.H. Riise signatur skapas av mycket sm\u00e5 partier och resulterar i mindre \u00e4n 2000 flaskor per. Omg\u00e5ng. Varje matr\u00e4tt \u00e4r numrerad och varje flaska lika. Antalet flaskor varierar fr\u00e5n sats till sats, och orsaken till detta \u00e4r att vi aldrig vet hur m\u00e5nga flaskor vi kan fylla i varje sats. Allt beror p\u00e5 hur mycket premium Rom vi har tillg\u00e4ngliga. Vi str\u00e4var alltid efter att ha presenterat varje blandning s\u00e5 n\u00e4ra som m\u00f6jligt till f\u00f6reg\u00e5ende sats. Resultatet \u00e4r ocks\u00e5 n\u00e4stan detsamma, men inte identiskt. Som en konstn\u00e4r som skapar ett unikt m\u00e4sterverk. Varje g\u00e5ng konstn\u00e4ren har slutf\u00f6rt ett konstverk, kommer det att se ut, men det kommer att finnas sm\u00e5 skillnader eftersom varje konstverk \u00e4r unikt. Detta g\u00e4ller detsamma med A.H. Riise signatur.<\/p>\n<p>F\u00f6r samlare \u00e4r detta en unik m\u00f6jlighet att f\u00f6rv\u00e4rva ett antal A.H. Riise signatur m\u00e4sterverk. Om du vill ha en komplett samling, b\u00f6r du str\u00e4va efter att ha varje sats p\u00e5 hyllan s\u00e5 att du kan smaka p\u00e5 dessa sm\u00e5 unika skillnader.<\/p>\n<p>AH. Riise signatur \u00e4r i all sin enkelhet unik konst &#8211; ett sant m\u00e4sterverk.<\/p>\n<p>V\u00e4rldspremier den 4 mars 2022.<\/p>\n<p>Doft En mycket fascinerande doft &#8211; \u00c4ldre tropiska frukter, kokosn\u00f6tter och karamelll \u00e5tf\u00f6ljd av coola mytrentoter<\/p>\n<p>Smaka v\u00e4ldigt komplex och otroligt smidigt. Glas citrus och aprikoser renoverade av rostade kokosn\u00f6t med en touch av eucalyptus.<\/p>\n<p>Efter smak en sann symfoni av mogna tropiska frukter och karamelll. Subtila Myntenotes l\u00e4gger till perfekt harmoni p\u00e5 denna l\u00e5nga och djupa eftersmak.<\/p>\n","protected":false},"excerpt":{"rendered":"<p>Premium Aged Spirit Drink<\/p>\n","protected":false},"featured_media":13666,"template":"","meta":{"_acf_changed":false,"rs_blank_template":"","rs_page_bg_color":"","slide_template_v7":""},"product_brand":[],"product_cat":[2387,4634,2391],"product_tag":[],"class_list":{"0":"post-17341","1":"product","2":"type-product","3":"status-publish","4":"has-post-thumbnail","6":"product_cat-avec-sv","7":"product_cat-premium-aged-sv","8":"product_cat-rom-sv","9":"pa_land-tyskland-sv","10":"pa_procent-43-9-sv","11":"pa_producent-a-h-riise-sv","12":"pa_volume-70-sv-2","14":"first","15":"instock","16":"sale","17":"taxable","18":"shipping-taxable","19":"purchasable","20":"product-type-simple"},"bundled_by":[],"bundle_stock_status":"instock","bundle_stock_quantity":null,"bundle_virtual":false,"bundle_layout":"","bundle_add_to_cart_form_location":"","bundle_editable_in_cart":false,"bundle_sold_individually_context":"","bundle_item_grouping":"","bundle_min_size":"","bundle_max_size":"","bundle_price":[],"bundled_items":[],"bundle_sell_ids":[],"acf":[],"_links":{"self":[{"href":"https:\/\/www.raschvin.com\/sv\/wp-json\/wp\/v2\/product\/17341","targetHints":{"allow":["GET"]}}],"collection":[{"href":"https:\/\/www.raschvin.com\/sv\/wp-json\/wp\/v2\/product"}],"about":[{"href":"https:\/\/www.raschvin.com\/sv\/wp-json\/wp\/v2\/types\/product"}],"wp:featuredmedia":[{"embeddable":true,"href":"https:\/\/www.raschvin.com\/sv\/wp-json\/wp\/v2\/media\/13666"}],"wp:attachment":[{"href":"https:\/\/www.raschvin.com\/sv\/wp-json\/wp\/v2\/media?parent=17341"}],"wp:term":[{"taxonomy":"product_brand","embeddable":true,"href":"https:\/\/www.raschvin.com\/sv\/wp-json\/wp\/v2\/product_brand?post=17341"},{"taxonomy":"product_cat","embeddable":true,"href":"https:\/\/www.raschvin.com\/sv\/wp-json\/wp\/v2\/product_cat?post=17341"},{"taxonomy":"product_tag","embeddable":true,"href":"https:\/\/www.raschvin.com\/sv\/wp-json\/wp\/v2\/product_tag?post=17341"}],"curies":[{"name":"wp","href":"https:\/\/api.w.org\/{rel}","templated":true}]}}