{"id":17339,"date":"2022-05-30T12:06:35","date_gmt":"2022-05-30T10:06:35","guid":{"rendered":"https:\/\/www.raschvin.com\/vare\/worlds-end-dark-spiced-aged-rum\/"},"modified":"2025-12-02T08:10:03","modified_gmt":"2025-12-02T07:10:03","slug":"worlds-end-dark-spiced-aged-rum","status":"publish","type":"product","link":"https:\/\/www.raschvin.com\/sv\/produkt\/worlds-end-dark-spiced-aged-rum\/","title":{"rendered":"Worlds End Rum &#8211; Dark Spiced 70 cl. 40%"},"content":{"rendered":"<p>En rik, varm kryddad Rom fr\u00e5n v\u00e4rldens slutserie. Med en blandning av karibiska Rom i \u00e5ldrarna mellan 3 och 5 \u00e5r har denna Rom kombinerats med en speciellt vald blandning av kryddor f\u00f6r att ge den en rik smakprofil och en viss m\u00f6rk nyans.<\/p>\n<p>Kryddad med ingef\u00e4ra + orange + peppar.<\/p>\n<p>Alla kan njuta av denna smakfulla m\u00f6rka blandning<\/p>\n","protected":false},"excerpt":{"rendered":"<p>Barbados-Trinidad Caribbean Rum<\/p>\n","protected":false},"featured_media":13649,"template":"","meta":{"_acf_changed":false,"rs_blank_template":"","rs_page_bg_color":"","slide_template_v7":""},"product_brand":[],"product_cat":[2387,4624,2391,4631],"product_tag":[],"class_list":{"0":"post-17339","1":"product","2":"type-product","3":"status-publish","4":"has-post-thumbnail","6":"product_cat-avec-sv","7":"product_cat-dark-sv","8":"product_cat-rom-sv","9":"product_cat-spiced-sv","10":"pa_land-barbados-trinidad-sv","11":"pa_procent-40-sv-2","12":"pa_volume-70-sv-2","14":"first","15":"instock","16":"sale","17":"taxable","18":"shipping-taxable","19":"purchasable","20":"product-type-simple"},"bundled_by":[],"bundle_stock_status":"instock","bundle_stock_quantity":null,"bundle_virtual":false,"bundle_layout":"","bundle_add_to_cart_form_location":"","bundle_editable_in_cart":false,"bundle_sold_individually_context":"","bundle_item_grouping":"","bundle_min_size":"","bundle_max_size":"","bundle_price":[],"bundled_items":[],"bundle_sell_ids":[],"acf":[],"_links":{"self":[{"href":"https:\/\/www.raschvin.com\/sv\/wp-json\/wp\/v2\/product\/17339","targetHints":{"allow":["GET"]}}],"collection":[{"href":"https:\/\/www.raschvin.com\/sv\/wp-json\/wp\/v2\/product"}],"about":[{"href":"https:\/\/www.raschvin.com\/sv\/wp-json\/wp\/v2\/types\/product"}],"wp:featuredmedia":[{"embeddable":true,"href":"https:\/\/www.raschvin.com\/sv\/wp-json\/wp\/v2\/media\/13649"}],"wp:attachment":[{"href":"https:\/\/www.raschvin.com\/sv\/wp-json\/wp\/v2\/media?parent=17339"}],"wp:term":[{"taxonomy":"product_brand","embeddable":true,"href":"https:\/\/www.raschvin.com\/sv\/wp-json\/wp\/v2\/product_brand?post=17339"},{"taxonomy":"product_cat","embeddable":true,"href":"https:\/\/www.raschvin.com\/sv\/wp-json\/wp\/v2\/product_cat?post=17339"},{"taxonomy":"product_tag","embeddable":true,"href":"https:\/\/www.raschvin.com\/sv\/wp-json\/wp\/v2\/product_tag?post=17339"}],"curies":[{"name":"wp","href":"https:\/\/api.w.org\/{rel}","templated":true}]}}