{"id":17336,"date":"2022-05-30T12:06:35","date_gmt":"2022-05-30T10:06:35","guid":{"rendered":"https:\/\/www.raschvin.com\/vare\/compan%cc%83ero-ron-elixir-orange-300-cl\/"},"modified":"2022-11-10T13:17:43","modified_gmt":"2022-11-10T12:17:43","slug":"companero-ron-elixir-orange-300-cl","status":"publish","type":"product","link":"https:\/\/www.raschvin.com\/sv\/produkt\/companero-ron-elixir-orange-300-cl\/","title":{"rendered":"Compa\u00f1ero \u2013 Elixir Orange 300 cl. 40%"},"content":{"rendered":"<p>Elixir Orange \u00e4r den perfekta blandningen av klassisk Trinindadrom och tropiska smaker av mogna apelsiner och f\u00e4rska kokosn\u00f6tter. Smaken har en j\u00e4mn och s\u00f6t finish, vilket i fantasin, tar dig till sandstr\u00e4nder vid den Karibiska kusten.<\/p>\n<p>EXQUISITE OCH SWEET<br \/>\nCompa\u00f1ero \u00e4r det spanska ordet f\u00f6r f\u00f6ljeslagare och det definierar denna serie produkter fr\u00e5n 1423 d\u00e4r smak, komplexitet och finish \u00e4r ultimata nyckelord. En mycket trevlig romlik\u00f6r, perfekt f\u00f6r dig som gillar s\u00f6ta desserter.<\/p>\n<p>Smaknoter:<\/p>\n<p>Doft:  En s\u00f6t och rund doft med en touch av apelsin och kokos.<\/p>\n<p>Smak: Den \u00e4r sl\u00e4t och fyllig med uts\u00f6kta s\u00f6ta dofter av apelsin och kokosn\u00f6t.<\/p>\n<p>Tillsammans med Compa\u00f1ero Ron Gran Reserva utgjorde Compa\u00f1ero Ron Elixir Orange b\u00f6rjan p\u00e5 Compa\u00f1ero-serien, som nu ocks\u00e5 inneh\u00e5ller Compa\u00f1ero Panama Extra A\u00f1ejo. Compa\u00f1ero Ron Elixir Orange finns ocks\u00e5 i en 0,05L-flaska.<\/p>\n","protected":false},"excerpt":{"rendered":"<p>Jamaica Flavored Rum Liqueur<\/p>\n","protected":false},"featured_media":13619,"template":"","meta":{"_acf_changed":false,"rs_blank_template":"","rs_page_bg_color":"","slide_template_v7":""},"product_brand":[],"product_cat":[2387,4634,2391,4639],"product_tag":[],"class_list":{"0":"post-17336","1":"product","2":"type-product","3":"status-publish","4":"has-post-thumbnail","6":"product_cat-avec-sv","7":"product_cat-premium-aged-sv","8":"product_cat-rom-sv","9":"product_cat-romliqueur-sv","10":"pa_land-jamaica-sv","11":"pa_procent-40-sv-2","12":"pa_producent-1423-sv","13":"pa_volume-300-sv","15":"first","16":"instock","17":"taxable","18":"shipping-taxable","19":"purchasable","20":"product-type-simple"},"bundled_by":[],"bundle_stock_status":"instock","bundle_stock_quantity":null,"bundle_virtual":false,"bundle_layout":"","bundle_add_to_cart_form_location":"","bundle_editable_in_cart":false,"bundle_sold_individually_context":"","bundle_item_grouping":"","bundle_min_size":"","bundle_max_size":"","bundle_price":[],"bundled_items":[],"bundle_sell_ids":[],"acf":[],"_links":{"self":[{"href":"https:\/\/www.raschvin.com\/sv\/wp-json\/wp\/v2\/product\/17336","targetHints":{"allow":["GET"]}}],"collection":[{"href":"https:\/\/www.raschvin.com\/sv\/wp-json\/wp\/v2\/product"}],"about":[{"href":"https:\/\/www.raschvin.com\/sv\/wp-json\/wp\/v2\/types\/product"}],"wp:featuredmedia":[{"embeddable":true,"href":"https:\/\/www.raschvin.com\/sv\/wp-json\/wp\/v2\/media\/13619"}],"wp:attachment":[{"href":"https:\/\/www.raschvin.com\/sv\/wp-json\/wp\/v2\/media?parent=17336"}],"wp:term":[{"taxonomy":"product_brand","embeddable":true,"href":"https:\/\/www.raschvin.com\/sv\/wp-json\/wp\/v2\/product_brand?post=17336"},{"taxonomy":"product_cat","embeddable":true,"href":"https:\/\/www.raschvin.com\/sv\/wp-json\/wp\/v2\/product_cat?post=17336"},{"taxonomy":"product_tag","embeddable":true,"href":"https:\/\/www.raschvin.com\/sv\/wp-json\/wp\/v2\/product_tag?post=17336"}],"curies":[{"name":"wp","href":"https:\/\/api.w.org\/{rel}","templated":true}]}}