{"id":17333,"date":"2022-05-30T12:05:18","date_gmt":"2022-05-30T10:05:18","guid":{"rendered":"https:\/\/www.raschvin.com\/vare\/vecchia-romagna-riserva-tre-botti\/"},"modified":"2023-04-08T10:18:38","modified_gmt":"2023-04-08T08:18:38","slug":"vecchia-romagna-riserva-tre-botti","status":"publish","type":"product","link":"https:\/\/www.raschvin.com\/sv\/produkt\/vecchia-romagna-riserva-tre-botti\/","title":{"rendered":"Vecchia Romagna Riserva Tre Botti 70 cl. 40,8%"},"content":{"rendered":"<p>En h\u00e4rlig tappning fr\u00e5n det popul\u00e4ra italienska m\u00e4rkesdistillerin, Vecchia Romagna.<\/p>\n<p>Sprit har tillverkats i tv\u00e5 typer av destillationer: en kontinuerlig kolonndestillation och en traditionell alembic i Charentais-stil, vilket kr\u00e4ver satsdestillation. Denna term inneh\u00e5ller en blandning av brandy, lagrad p\u00e5 tre olika fadtyper. Den \u00e4ldsta av dessa brandy har lagrats i upp till 15 \u00e5r. De tre fadvarianterna \u00e4r: franska ekfat, stora slaviska ekr\u00e4tter och tonneaux, blekna, som tidigare hade h\u00e5llit italienskt r\u00f6tt vin.<\/p>\n<p>Slutprodukten \u00e4r en underbar fruktig och s\u00f6t brandy, som erbjuder anteckningar av kanderade aprikoser, nejlikor, pressade violetter, vanilj, honung, kryddig ek, kaffe, apelsinskal, r\u00f6da druvor, vintaner, pastor och m\u00f6rk choklad.<\/p>\n<p>En riktigt imponerande tappning fr\u00e5n v\u00e4rldens b\u00e4sts\u00e4ljande italienska varum\u00e4rke vinhus.<br \/>\nPerfekt som Avec till kaffet som det har lite mer s\u00f6t \u00e4n till exempel. Cognac.<\/p>\n","protected":false},"excerpt":{"rendered":"<p>Premium Italian Brandy<\/p>\n","protected":false},"featured_media":31268,"template":"","meta":{"_acf_changed":false,"rs_blank_template":"","rs_page_bg_color":"","slide_template_v7":""},"product_brand":[],"product_cat":[2395,2743],"product_tag":[],"class_list":{"0":"post-17333","1":"product","2":"type-product","3":"status-publish","4":"has-post-thumbnail","6":"product_cat-brandy-sv","7":"product_cat-brannvin-sv","8":"pa_land-italien-sv","9":"pa_procent-40-8-sv","10":"pa_producent-gruppo-montenegro-sv","11":"pa_volume-70-sv-2","13":"first","14":"instock","15":"sale","16":"taxable","17":"shipping-taxable","18":"purchasable","19":"product-type-simple"},"bundled_by":[],"bundle_stock_status":"instock","bundle_stock_quantity":null,"bundle_virtual":false,"bundle_layout":"","bundle_add_to_cart_form_location":"","bundle_editable_in_cart":false,"bundle_sold_individually_context":"","bundle_item_grouping":"","bundle_min_size":"","bundle_max_size":"","bundle_price":[],"bundled_items":[],"bundle_sell_ids":[],"acf":[],"_links":{"self":[{"href":"https:\/\/www.raschvin.com\/sv\/wp-json\/wp\/v2\/product\/17333","targetHints":{"allow":["GET"]}}],"collection":[{"href":"https:\/\/www.raschvin.com\/sv\/wp-json\/wp\/v2\/product"}],"about":[{"href":"https:\/\/www.raschvin.com\/sv\/wp-json\/wp\/v2\/types\/product"}],"wp:featuredmedia":[{"embeddable":true,"href":"https:\/\/www.raschvin.com\/sv\/wp-json\/wp\/v2\/media\/31268"}],"wp:attachment":[{"href":"https:\/\/www.raschvin.com\/sv\/wp-json\/wp\/v2\/media?parent=17333"}],"wp:term":[{"taxonomy":"product_brand","embeddable":true,"href":"https:\/\/www.raschvin.com\/sv\/wp-json\/wp\/v2\/product_brand?post=17333"},{"taxonomy":"product_cat","embeddable":true,"href":"https:\/\/www.raschvin.com\/sv\/wp-json\/wp\/v2\/product_cat?post=17333"},{"taxonomy":"product_tag","embeddable":true,"href":"https:\/\/www.raschvin.com\/sv\/wp-json\/wp\/v2\/product_tag?post=17333"}],"curies":[{"name":"wp","href":"https:\/\/api.w.org\/{rel}","templated":true}]}}