{"id":17328,"date":"2022-05-30T12:05:18","date_gmt":"2022-05-30T10:05:18","guid":{"rendered":"https:\/\/www.raschvin.com\/vare\/linkwood-1974-gm-private-collection\/"},"modified":"2022-11-23T19:05:20","modified_gmt":"2022-11-23T18:05:20","slug":"linkwood-1974-gm-private-collection","status":"publish","type":"product","link":"https:\/\/www.raschvin.com\/sv\/produkt\/linkwood-1974-gm-private-collection\/","title":{"rendered":"Collection"},"content":{"rendered":"<p>Denna Gordon &#038; Macphail Glenlivet destillerades den 13 maj 1974 och buteljerades i december 2010. Den \u00e4r en av endast 245 flaskor fr\u00e5n en f\u00f6rsta fylld sherry hogshead.<\/p>\n<p>Smakanteckningar<\/p>\n<p>N\u00e4sa<br \/>\nG&#038;M: Mycket mild med kokta frukter, ledd av f\u00e4rsk jordgubbssylt. Inslag av s\u00f6ta f\u00e4rspajer dyker upp. Vatten \u00f6kar den oljiga noten och f\u00f6rsvinner snart till creme caramel.<br \/>\nSmak<br \/>\nG&#038;M: S\u00f6t och v\u00e4llustig, v\u00e4rmande och torkande n\u00e4r du sv\u00e4ljer. En s\u00f6t smak med inslag av bitter m\u00f6rk choklad. Blir s\u00f6tare och torrare med vatten, och inslag av br\u00e4nd kola och choklad.<br \/>\nAvsluta<br \/>\nG&#038;M: En l\u00e5ng finish.<\/p>\n","protected":false},"excerpt":{"rendered":"<p>Limited Single Malt Scotch Whisky<\/p>\n","protected":false},"featured_media":30286,"template":"","meta":{"_acf_changed":false,"rs_blank_template":"","rs_page_bg_color":"","slide_template_v7":""},"product_brand":[],"product_cat":[2387,4651,2392],"product_tag":[],"class_list":{"0":"post-17328","1":"product","2":"type-product","3":"status-publish","4":"has-post-thumbnail","6":"product_cat-avec-sv","7":"product_cat-single-malt-sv","8":"product_cat-whisky-sv","9":"pa_champagne-type-single-cask-sv","10":"pa_land-skottland","11":"pa_procent-50-1-sv","12":"pa_producent-gm-sv","13":"pa_region-speyside-sv","14":"pa_vintage-1974-sv","15":"pa_volume-70-sv-2","17":"first","18":"outofstock","19":"taxable","20":"shipping-taxable","21":"purchasable","22":"product-type-simple"},"bundled_by":[],"bundle_stock_status":"outofstock","bundle_stock_quantity":null,"bundle_virtual":false,"bundle_layout":"","bundle_add_to_cart_form_location":"","bundle_editable_in_cart":false,"bundle_sold_individually_context":"","bundle_item_grouping":"","bundle_min_size":"","bundle_max_size":"","bundle_price":[],"bundled_items":[],"bundle_sell_ids":[],"acf":[],"_links":{"self":[{"href":"https:\/\/www.raschvin.com\/sv\/wp-json\/wp\/v2\/product\/17328","targetHints":{"allow":["GET"]}}],"collection":[{"href":"https:\/\/www.raschvin.com\/sv\/wp-json\/wp\/v2\/product"}],"about":[{"href":"https:\/\/www.raschvin.com\/sv\/wp-json\/wp\/v2\/types\/product"}],"wp:featuredmedia":[{"embeddable":true,"href":"https:\/\/www.raschvin.com\/sv\/wp-json\/wp\/v2\/media\/30286"}],"wp:attachment":[{"href":"https:\/\/www.raschvin.com\/sv\/wp-json\/wp\/v2\/media?parent=17328"}],"wp:term":[{"taxonomy":"product_brand","embeddable":true,"href":"https:\/\/www.raschvin.com\/sv\/wp-json\/wp\/v2\/product_brand?post=17328"},{"taxonomy":"product_cat","embeddable":true,"href":"https:\/\/www.raschvin.com\/sv\/wp-json\/wp\/v2\/product_cat?post=17328"},{"taxonomy":"product_tag","embeddable":true,"href":"https:\/\/www.raschvin.com\/sv\/wp-json\/wp\/v2\/product_tag?post=17328"}],"curies":[{"name":"wp","href":"https:\/\/api.w.org\/{rel}","templated":true}]}}