{"id":17326,"date":"2024-11-05T09:30:18","date_gmt":"2024-11-05T08:30:18","guid":{"rendered":"https:\/\/www.raschvin.com\/vare\/etsu-pacific-ocean-water-gin\/"},"modified":"2022-11-17T11:23:05","modified_gmt":"2022-11-17T10:23:05","slug":"etsu-pacific-ocean-water-gin","status":"publish","type":"product","link":"https:\/\/www.raschvin.com\/sv\/produkt\/etsu-pacific-ocean-water-gin\/","title":{"rendered":"Etsu &#8211; Pacific Ocean Water Gin 70 cl. 45%"},"content":{"rendered":"<p>Hokkaido \u00e4r den n\u00e4st st\u00f6rsta av sk\u00e4rg\u00e5rdens fyra huvud\u00f6ar, men n\u00e4sta sak befolkade. Det \u00e4r norr om Isshu-\u00f6n, fr\u00e5n vilken den \u00e4r \u00e5tskild av Tsugaru-sundet. Det \u00e4r omgivet av Stilla havet i \u00f6ster, det japanska havet i v\u00e4st och Okhotsk\u00e6ret i norr.<\/p>\n<p>F\u00e4rskt vatten fr\u00e5n bergsk\u00e4llan och havsvatten fr\u00e5n det japanska havet l\u00e4ggs noggrant utvalda v\u00e4xtextrakt, s\u00e5som enb\u00e4r, bitter apelsinskal, lakritsrot, angelica och koriander f\u00f6r att producera denna unika gin som f\u00e5ngar den japanska kusten i en flaska.<\/p>\n","protected":false},"excerpt":{"rendered":"<p>Handrcrafted Japanese Gin<\/p>\n","protected":false},"featured_media":52996,"template":"","meta":{"_acf_changed":false,"rs_blank_template":"","rs_page_bg_color":"","slide_template_v7":""},"product_brand":[],"product_cat":[4711,2404,2402],"product_tag":[],"class_list":{"0":"post-17326","1":"product","2":"type-product","3":"status-publish","4":"has-post-thumbnail","6":"product_cat-andra-gins","7":"product_cat-gin-sv","8":"product_cat-sprit-sv","9":"pa_land-japan-sv","10":"pa_procent-45-sv","11":"pa_producent-akita-distillery-sv","12":"pa_region-hokkaido-sv","13":"pa_volume-70-sv-2","15":"first","16":"outofstock","17":"taxable","18":"shipping-taxable","19":"purchasable","20":"product-type-simple"},"bundled_by":[],"bundle_stock_status":"outofstock","bundle_stock_quantity":null,"bundle_virtual":false,"bundle_layout":"","bundle_add_to_cart_form_location":"","bundle_editable_in_cart":false,"bundle_sold_individually_context":"","bundle_item_grouping":"","bundle_min_size":"","bundle_max_size":"","bundle_price":[],"bundled_items":[],"bundle_sell_ids":[],"acf":[],"_links":{"self":[{"href":"https:\/\/www.raschvin.com\/sv\/wp-json\/wp\/v2\/product\/17326","targetHints":{"allow":["GET"]}}],"collection":[{"href":"https:\/\/www.raschvin.com\/sv\/wp-json\/wp\/v2\/product"}],"about":[{"href":"https:\/\/www.raschvin.com\/sv\/wp-json\/wp\/v2\/types\/product"}],"wp:featuredmedia":[{"embeddable":true,"href":"https:\/\/www.raschvin.com\/sv\/wp-json\/wp\/v2\/media\/52996"}],"wp:attachment":[{"href":"https:\/\/www.raschvin.com\/sv\/wp-json\/wp\/v2\/media?parent=17326"}],"wp:term":[{"taxonomy":"product_brand","embeddable":true,"href":"https:\/\/www.raschvin.com\/sv\/wp-json\/wp\/v2\/product_brand?post=17326"},{"taxonomy":"product_cat","embeddable":true,"href":"https:\/\/www.raschvin.com\/sv\/wp-json\/wp\/v2\/product_cat?post=17326"},{"taxonomy":"product_tag","embeddable":true,"href":"https:\/\/www.raschvin.com\/sv\/wp-json\/wp\/v2\/product_tag?post=17326"}],"curies":[{"name":"wp","href":"https:\/\/api.w.org\/{rel}","templated":true}]}}