{"id":17322,"date":"2022-05-30T12:03:54","date_gmt":"2022-05-30T10:03:54","guid":{"rendered":"https:\/\/www.raschvin.com\/vare\/amrut-brandy-finish-60\/"},"modified":"2022-10-24T12:59:26","modified_gmt":"2022-10-24T10:59:26","slug":"amrut-brandy-finish-60","status":"publish","type":"product","link":"https:\/\/www.raschvin.com\/sv\/produkt\/amrut-brandy-finish-60\/","title":{"rendered":"Amrut Special Ltd.Ed &#8211; Brandy Finish 60%"},"content":{"rendered":"<p>Denna Amrut \u00e4r en enda malt whisky fr\u00e5n Indien.<\/p>\n<p>Det g\u00f6r whisky<br \/>\nDen viktigaste ingrediensen i whisky \u00e4r maltad korn. Amrut \u00e4r en whisky som inte \u00e4r r\u00f6kig. 60% vol. ger whisky hans makt. Denna whisky visar f\u00e4rg, f\u00f6r h\u00e4r var ingen hj\u00e4lp &#8211; den stora f\u00e4rgen kom naturligt genom flottan ring. H\u00e4r fanns det ingen kall filtrering, vilket \u00e4r ett annat kvalitetsskylt. Denna whisky \u00e4r en \u00e5r 2015. Den tappades p\u00e5 en flaska \u00e5r 2021. Mognadsperioden var bara 7 \u00e5r. \u00c4nd\u00e5 s\u00e4tter whiskyen oss med ett stort antal aromer. N\u00e4r endast en matr\u00e4tt fylldes h\u00e4r \u00e4r antalet flaskor str\u00e4ngt begr\u00e4nsat. Det finns bara 150 flaskor av denna whisky. Ta det snabbt innan den goda droppen \u00e4r borta. \u00d6vertyga dig om den speciella kvaliteten p\u00e5 fatet med nummer 204.<\/p>\n<p>V\u00e5rt betj\u00e4ningsf\u00f6rslag<br \/>\nDenna enda malt whisky \u00e4r v\u00e4rt att njuta av trevligt.<\/p>\n<p>Vill du ha vacker whisky fr\u00e5n Indien med en touch av brandy? H\u00e4r har du. Det \u00e4r v\u00e4rt snabbt, bara n\u00e5gra flaskor.<\/p>\n","protected":false},"excerpt":{"rendered":"<p>Limited Indian Single Malt Whisky<\/p>\n","protected":false},"featured_media":13533,"template":"","meta":{"_acf_changed":false,"rs_blank_template":"","rs_page_bg_color":"","slide_template_v7":""},"product_brand":[],"product_cat":[2387,2392,4651],"product_tag":[],"class_list":{"0":"post-17322","1":"product","2":"type-product","3":"status-publish","4":"has-post-thumbnail","6":"product_cat-avec-sv","7":"product_cat-whisky-sv","8":"product_cat-single-malt-sv","9":"pa_land-indien-sv","10":"pa_procent-60-sv","11":"pa_producent-amrut-sv","12":"pa_region-bangalore-sv","13":"pa_volume-70-sv-2","15":"first","16":"instock","17":"taxable","18":"shipping-taxable","19":"purchasable","20":"product-type-simple"},"bundled_by":[],"bundle_stock_status":"instock","bundle_stock_quantity":1,"bundle_virtual":false,"bundle_layout":"","bundle_add_to_cart_form_location":"","bundle_editable_in_cart":false,"bundle_sold_individually_context":"","bundle_item_grouping":"","bundle_min_size":"","bundle_max_size":"","bundle_price":[],"bundled_items":[],"bundle_sell_ids":[],"acf":[],"_links":{"self":[{"href":"https:\/\/www.raschvin.com\/sv\/wp-json\/wp\/v2\/product\/17322","targetHints":{"allow":["GET"]}}],"collection":[{"href":"https:\/\/www.raschvin.com\/sv\/wp-json\/wp\/v2\/product"}],"about":[{"href":"https:\/\/www.raschvin.com\/sv\/wp-json\/wp\/v2\/types\/product"}],"wp:featuredmedia":[{"embeddable":true,"href":"https:\/\/www.raschvin.com\/sv\/wp-json\/wp\/v2\/media\/13533"}],"wp:attachment":[{"href":"https:\/\/www.raschvin.com\/sv\/wp-json\/wp\/v2\/media?parent=17322"}],"wp:term":[{"taxonomy":"product_brand","embeddable":true,"href":"https:\/\/www.raschvin.com\/sv\/wp-json\/wp\/v2\/product_brand?post=17322"},{"taxonomy":"product_cat","embeddable":true,"href":"https:\/\/www.raschvin.com\/sv\/wp-json\/wp\/v2\/product_cat?post=17322"},{"taxonomy":"product_tag","embeddable":true,"href":"https:\/\/www.raschvin.com\/sv\/wp-json\/wp\/v2\/product_tag?post=17322"}],"curies":[{"name":"wp","href":"https:\/\/api.w.org\/{rel}","templated":true}]}}