{"id":17321,"date":"2022-05-30T12:03:54","date_gmt":"2022-05-30T10:03:54","guid":{"rendered":"https:\/\/www.raschvin.com\/vare\/amrut-triple-distilled-ex-bourbon-60\/"},"modified":"2022-10-24T19:55:03","modified_gmt":"2022-10-24T17:55:03","slug":"amrut-triple-distilled-ex-bourbon-60","status":"publish","type":"product","link":"https:\/\/www.raschvin.com\/sv\/produkt\/amrut-triple-distilled-ex-bourbon-60\/","title":{"rendered":"Amrut Special Ltd. Ed &#8211; Triple Distilled Ex. Bourbon 60%"},"content":{"rendered":"<p>Denna Amrut \u00e4r en enda malt whisky fr\u00e5n Indien.<\/p>\n<p>Och det h\u00e4r \u00e4r hur whisky f\u00e5r sin goda smak<br \/>\nAmrut \u00e4r inte r\u00f6kig. Whiskyen har stark 60% vol. H\u00e4r hittar du runda vaniljb\u00e4ddar och s\u00f6ta karamellaromer fr\u00e5n Bourbon Disadvade. Ingen karamelll har lagts till. Den vackra f\u00e4rgen kom naturligt. Whiskyen har inte blivit kylfiltrerad s\u00e5 att du fortfarande f\u00e5r hela aromen i Amrut. Det destillerades 2014. Det var flaska \u00e5r 2021. Mognadsperioden var d\u00e4rf\u00f6r bara 6 \u00e5r. \u00c4nd\u00e5 \u00e4r whisky po\u00e4ng med oss \u200b\u200bmed ett stort antal aromer. Eftersom det \u00e4r en enda matr\u00e4tt \u00e4r antalet flaskor begr\u00e4nsat i enlighet d\u00e4rmed. Det finns bara 160 flaskor av denna whisky. Handl nu, annars faller det goda fallet slutligen. \u00d6vertyga dig om den speciella kvaliteten p\u00e5 fatet med nummer 872.<\/p>\n<p>Hur man serverar dig tappade b\u00e4st<br \/>\nDet verkliga v\u00e4rdet av whiskyen avsl\u00f6jas n\u00e4r du smakar det snyggt.<\/p>\n<p>Triple destillerad och med anst\u00e4ndig diskstyrka. Hur f\u00e5r du den h\u00e4r whiskyen i ditt glas. Upplev denna l\u00e4ckra droppe.<\/p>\n","protected":false},"excerpt":{"rendered":"<p>Limited Indian Single Malt Whisky<\/p>\n","protected":false},"featured_media":13529,"template":"","meta":{"_acf_changed":false,"rs_blank_template":"","rs_page_bg_color":"","slide_template_v7":""},"product_brand":[],"product_cat":[2387,4651,2392],"product_tag":[],"class_list":{"0":"post-17321","1":"product","2":"type-product","3":"status-publish","4":"has-post-thumbnail","6":"product_cat-avec-sv","7":"product_cat-single-malt-sv","8":"product_cat-whisky-sv","9":"pa_land-indien-sv","10":"pa_procent-60-sv","11":"pa_producent-amrut-sv","12":"pa_region-bangalore-sv","13":"pa_volume-70-sv-2","15":"first","16":"instock","17":"taxable","18":"shipping-taxable","19":"purchasable","20":"product-type-simple"},"bundled_by":[],"bundle_stock_status":"instock","bundle_stock_quantity":1,"bundle_virtual":false,"bundle_layout":"","bundle_add_to_cart_form_location":"","bundle_editable_in_cart":false,"bundle_sold_individually_context":"","bundle_item_grouping":"","bundle_min_size":"","bundle_max_size":"","bundle_price":[],"bundled_items":[],"bundle_sell_ids":[],"acf":[],"_links":{"self":[{"href":"https:\/\/www.raschvin.com\/sv\/wp-json\/wp\/v2\/product\/17321","targetHints":{"allow":["GET"]}}],"collection":[{"href":"https:\/\/www.raschvin.com\/sv\/wp-json\/wp\/v2\/product"}],"about":[{"href":"https:\/\/www.raschvin.com\/sv\/wp-json\/wp\/v2\/types\/product"}],"wp:featuredmedia":[{"embeddable":true,"href":"https:\/\/www.raschvin.com\/sv\/wp-json\/wp\/v2\/media\/13529"}],"wp:attachment":[{"href":"https:\/\/www.raschvin.com\/sv\/wp-json\/wp\/v2\/media?parent=17321"}],"wp:term":[{"taxonomy":"product_brand","embeddable":true,"href":"https:\/\/www.raschvin.com\/sv\/wp-json\/wp\/v2\/product_brand?post=17321"},{"taxonomy":"product_cat","embeddable":true,"href":"https:\/\/www.raschvin.com\/sv\/wp-json\/wp\/v2\/product_cat?post=17321"},{"taxonomy":"product_tag","embeddable":true,"href":"https:\/\/www.raschvin.com\/sv\/wp-json\/wp\/v2\/product_tag?post=17321"}],"curies":[{"name":"wp","href":"https:\/\/api.w.org\/{rel}","templated":true}]}}