{"id":17320,"date":"2022-05-30T12:03:54","date_gmt":"2022-05-30T10:03:54","guid":{"rendered":"https:\/\/www.raschvin.com\/vare\/amrut-lightly-peated-60\/"},"modified":"2022-10-24T19:33:58","modified_gmt":"2022-10-24T17:33:58","slug":"amrut-lightly-peated-60","status":"publish","type":"product","link":"https:\/\/www.raschvin.com\/sv\/produkt\/amrut-lightly-peated-60\/","title":{"rendered":"Amrut Special Ltd. Ed &#8211; Lightly Peated Ex. Bourbon 60%"},"content":{"rendered":"<p>Denna Amrut \u00e4r en enda malt whisky fr\u00e5n Indien.<\/p>\n<p>Och det h\u00e4r \u00e4r hur den h\u00e4r whiskyen f\u00e5r sin goda smak<br \/>\nDen grundl\u00e4ggande ingrediensen i denna enda malt whisky var uppenbarligen maltad korn. Amrut \u00e4r en whisky som l\u00e4tt r\u00f6ker. Whiskyen har stark 60% vol. H\u00e4r hittar du runda vaniljb\u00e4ddar och s\u00f6ta karamellaromer fr\u00e5n Bourbon Disadvade. Denna whisky l\u00e4mnades or\u00f6rd. Den rika f\u00e4rgen kom bara i skick genom matlagringen. Alla provsmakningsoljor och estrar bevaras fortfarande eftersom tillverkaren inte anv\u00e4nde kallt filtrering h\u00e4r. Som du kan se h\u00e4r var 2014 en bra \u00e5rg\u00e5ng. Den tappades p\u00e5 en flaska \u00e5r 2021. Mognadsperioden var d\u00e4rf\u00f6r bara 6 \u00e5r. Som ett resultat har det fortfarande n\u00e5gra grova kanter, vilket en l\u00e4ngre period i cylindern skulle ha mjukat. N\u00e4r endast en matr\u00e4tt fylldes h\u00e4r \u00e4r antalet flaskor str\u00e4ngt begr\u00e4nsat. Det finns bara 150 flaskor av denna tappning. S\u00e5 se till att f\u00e5 en flaska nu. F\u00f6rtydliga mysteriet med tunnan 1405.<\/p>\n<p>V\u00e5rt betj\u00e4ningsf\u00f6rslag<br \/>\nDenna fina droppe \u00e4r v\u00e4rt att prova ensam. F\u00f6rst d\u00e5 kommer dess fulla v\u00e4rde att bli klart.<\/p>\n<p>Det beh\u00f6ver inte alltid vara islay. Stark, lite r\u00f6kt singel malt fr\u00e5n Indien. Prova n\u00e5got nytt och best\u00e4ll nu.<\/p>\n","protected":false},"excerpt":{"rendered":"<p>Limited Indian Single Malt Whisky<\/p>\n","protected":false},"featured_media":13525,"template":"","meta":{"_acf_changed":false,"rs_blank_template":"","rs_page_bg_color":"","slide_template_v7":""},"product_brand":[],"product_cat":[2387,2392,4651],"product_tag":[],"class_list":{"0":"post-17320","1":"product","2":"type-product","3":"status-publish","4":"has-post-thumbnail","6":"product_cat-avec-sv","7":"product_cat-whisky-sv","8":"product_cat-single-malt-sv","9":"pa_land-indien-sv","10":"pa_procent-60-sv","11":"pa_producent-amrut-sv","12":"pa_region-bangalore-sv","13":"pa_volume-70-sv-2","15":"first","16":"instock","17":"taxable","18":"shipping-taxable","19":"purchasable","20":"product-type-simple"},"bundled_by":[],"bundle_stock_status":"instock","bundle_stock_quantity":1,"bundle_virtual":false,"bundle_layout":"","bundle_add_to_cart_form_location":"","bundle_editable_in_cart":false,"bundle_sold_individually_context":"","bundle_item_grouping":"","bundle_min_size":"","bundle_max_size":"","bundle_price":[],"bundled_items":[],"bundle_sell_ids":[],"acf":[],"_links":{"self":[{"href":"https:\/\/www.raschvin.com\/sv\/wp-json\/wp\/v2\/product\/17320","targetHints":{"allow":["GET"]}}],"collection":[{"href":"https:\/\/www.raschvin.com\/sv\/wp-json\/wp\/v2\/product"}],"about":[{"href":"https:\/\/www.raschvin.com\/sv\/wp-json\/wp\/v2\/types\/product"}],"wp:featuredmedia":[{"embeddable":true,"href":"https:\/\/www.raschvin.com\/sv\/wp-json\/wp\/v2\/media\/13525"}],"wp:attachment":[{"href":"https:\/\/www.raschvin.com\/sv\/wp-json\/wp\/v2\/media?parent=17320"}],"wp:term":[{"taxonomy":"product_brand","embeddable":true,"href":"https:\/\/www.raschvin.com\/sv\/wp-json\/wp\/v2\/product_brand?post=17320"},{"taxonomy":"product_cat","embeddable":true,"href":"https:\/\/www.raschvin.com\/sv\/wp-json\/wp\/v2\/product_cat?post=17320"},{"taxonomy":"product_tag","embeddable":true,"href":"https:\/\/www.raschvin.com\/sv\/wp-json\/wp\/v2\/product_tag?post=17320"}],"curies":[{"name":"wp","href":"https:\/\/api.w.org\/{rel}","templated":true}]}}