{"id":17319,"date":"2022-05-30T12:03:54","date_gmt":"2022-05-30T10:03:54","guid":{"rendered":"https:\/\/www.raschvin.com\/vare\/kavalan-triple-sherry-cask\/"},"modified":"2022-11-22T10:15:31","modified_gmt":"2022-11-22T09:15:31","slug":"kavalan-triple-sherry-cask","status":"publish","type":"product","link":"https:\/\/www.raschvin.com\/sv\/produkt\/kavalan-triple-sherry-cask\/","title":{"rendered":"Kavalan Triple Sherry Cask 70 cl. 40%"},"content":{"rendered":"<p>Kavalan Triple Sherry Cask Single Malt Whisky \u00e4r en s\u00e4llsynt kombination av tre uts\u00f6kta sherrylagrade fat &#8211; Oloroso, Pedro Xim\u00e9nez och Moscatel &#8211; med de torkade frukterna fr\u00e5n Oloroso som huvudpersonen. Rik karamell och s\u00f6tma av maltos l\u00e4ggs i lager med destilleriets unika tropiska frukter f\u00f6r att skapa en delikat men \u00e4nd\u00e5 distinkt sherrywhisky som kan avnjutas vid l\u00e4tta drinktillf\u00e4llen med v\u00e4nner.<\/p>\n<p>Provsmakning:<\/p>\n<p>Mogna, mogna b\u00e4r och torkade frukter fyller n\u00e4san med fr\u00e4scha dofter av vindruvor och citrus blandat med chokladbrownie och kolas\u00f6tma. Inslag av kanel, kryddnejlika och kryddig, blandas till behaglig ek och doftande rosmarin.<\/p>\n<p>Gom:<\/p>\n<p>L\u00e5ngvarig smak av torkad sherry frukt. Varm och len med en mjuk konsistens. En livlig flamencodans av kanderad frukt, kola och honungss\u00f6tma p\u00e5 smakl\u00f6karna. Flerskiktad och perfekt balanserad, det \u00e4r en of\u00f6rgl\u00f6mlig fest f\u00f6r gommen.<\/p>\n<p>Parning:<\/p>\n<p>Passar b\u00e4st till desserter, m\u00f6rk choklad, n\u00f6tter, skaldjurssallader, r\u00f6kt k\u00f6tt och milt kryddig mat.<\/p>\n<p>Kavalan slog in p\u00e5 whiskyscenen med sin f\u00f6rsta whisky 2008. P\u00e5 nolltid har destilleriet i Taiwan blivit v\u00e4rldsber\u00f6mt. Det tropiska klimatet med de h\u00f6ga temperaturerna i lagren (l\u00e4tt 42 grader!) g\u00f6r att whiskyn mognar snabbt och f\u00e5r smaken, djupet och komplexiteten hos den betydligt \u00e4ldre whiskyn. &#8221;Angelns andel&#8221; &#8211; m\u00e4ngden whisky som avdunstar per \u00e5r &#8211; ligger n\u00e4stan aldrig under 10-12% (mot runt 3% i Skottland) och kan vissa \u00e5r n\u00e5 15%!<\/p>\n<p>Eftersom Taiwan \u00e4r ett land helt utan whiskytradition kan Kavalan se sig fri fr\u00e5n att beh\u00f6va v\u00e4va ett nostalgiskt narrativ om gammalt hantverk och tradition. Tv\u00e4rtom, de \u00e4r uppfriskande stolta \u00f6ver att vara ett toppmodernt, industriellt destilleri. Faktum \u00e4r att det efter en expansion 2016 \u00e4r ett av v\u00e4rldens 10 st\u00f6rsta whiskydestillerier! Och whiskyn \u00e4r superb. I synnerhet \u00e4r Kavalan k\u00e4nt f\u00f6r sina sherrybomber, tung och fyllig whisky med oceaner av smak, kraft och djup.<\/p>\n","protected":false},"excerpt":{"rendered":"<p>Single Malt Whisky &#8211; Taiwan<\/p>\n","protected":false},"featured_media":31066,"template":"","meta":{"_acf_changed":false,"rs_blank_template":"","rs_page_bg_color":"","slide_template_v7":""},"product_brand":[],"product_cat":[2387,4651,2392],"product_tag":[],"class_list":{"0":"post-17319","1":"product","2":"type-product","3":"status-publish","4":"has-post-thumbnail","6":"product_cat-avec-sv","7":"product_cat-single-malt-sv","8":"product_cat-whisky-sv","9":"pa_land-taiwan-sv","10":"pa_procent-40-sv-2","11":"pa_producent-king-car-distillery-sv","12":"pa_traefad-sherry-sv","13":"pa_volume-70-sv-2","15":"first","16":"instock","17":"sale","18":"taxable","19":"shipping-taxable","20":"purchasable","21":"product-type-simple"},"bundled_by":[],"bundle_stock_status":"instock","bundle_stock_quantity":null,"bundle_virtual":false,"bundle_layout":"","bundle_add_to_cart_form_location":"","bundle_editable_in_cart":false,"bundle_sold_individually_context":"","bundle_item_grouping":"","bundle_min_size":"","bundle_max_size":"","bundle_price":[],"bundled_items":[],"bundle_sell_ids":[],"acf":[],"_links":{"self":[{"href":"https:\/\/www.raschvin.com\/sv\/wp-json\/wp\/v2\/product\/17319","targetHints":{"allow":["GET"]}}],"collection":[{"href":"https:\/\/www.raschvin.com\/sv\/wp-json\/wp\/v2\/product"}],"about":[{"href":"https:\/\/www.raschvin.com\/sv\/wp-json\/wp\/v2\/types\/product"}],"wp:featuredmedia":[{"embeddable":true,"href":"https:\/\/www.raschvin.com\/sv\/wp-json\/wp\/v2\/media\/31066"}],"wp:attachment":[{"href":"https:\/\/www.raschvin.com\/sv\/wp-json\/wp\/v2\/media?parent=17319"}],"wp:term":[{"taxonomy":"product_brand","embeddable":true,"href":"https:\/\/www.raschvin.com\/sv\/wp-json\/wp\/v2\/product_brand?post=17319"},{"taxonomy":"product_cat","embeddable":true,"href":"https:\/\/www.raschvin.com\/sv\/wp-json\/wp\/v2\/product_cat?post=17319"},{"taxonomy":"product_tag","embeddable":true,"href":"https:\/\/www.raschvin.com\/sv\/wp-json\/wp\/v2\/product_tag?post=17319"}],"curies":[{"name":"wp","href":"https:\/\/api.w.org\/{rel}","templated":true}]}}