{"id":17318,"date":"2022-05-30T12:03:54","date_gmt":"2022-05-30T10:03:54","guid":{"rendered":"https:\/\/www.raschvin.com\/vare\/hinotori-5-years-old\/"},"modified":"2022-11-18T18:57:55","modified_gmt":"2022-11-18T17:57:55","slug":"hinotori-5-years-old","status":"publish","type":"product","link":"https:\/\/www.raschvin.com\/sv\/produkt\/hinotori-5-years-old\/","title":{"rendered":"Hinotori 5 Years Old 70 cl. 43%"},"content":{"rendered":"<p>Den lilla japanska destilleriet Hinotori grundades 1949 och har lanserat denna begr\u00e4nsade upplaga p\u00e5 marknaden f\u00f6r 70-\u00e5rsjubileum.<br \/>\nHinotori &#8217;\u00e4r japanska och betyder &#8221;Phoenix&#8221;, vilket \u00e4r l\u00e4mplig illustration p\u00e5 etiketten och presentf\u00f6rpackningen.<\/p>\n<p>Hinotori 5 \u00e5r gammal blandad japansk whisky \u00e4r en fem\u00e5rig blandning av korn och maltwhiskyer som \u00e4r lagrad p\u00e5 p\u00e5fyllning av mizunara ekr\u00e4tt.<br \/>\nDet \u00e4r flaska utan kylfiltrering och utan f\u00e4rgning.<br \/>\nSmak Anm\u00e4rkningar:<br \/>\nF\u00e4rg: Ljust guld.<br \/>\nN\u00e4sa: Nybildad korn, torkad frukt.<br \/>\nSmak: Rostad n\u00f6tter, vanilj.<br \/>\nAvsluta: L\u00e5ngvarig, fr\u00e4sch.<\/p>\n","protected":false},"excerpt":{"rendered":"<p>Japanese Blended Whisky<\/p>\n","protected":false},"featured_media":13502,"template":"","meta":{"_acf_changed":false,"rs_blank_template":"","rs_page_bg_color":"","slide_template_v7":""},"product_brand":[],"product_cat":[2387,4765,2392],"product_tag":[],"class_list":{"0":"post-17318","1":"product","2":"type-product","3":"status-publish","4":"has-post-thumbnail","6":"product_cat-avec-sv","7":"product_cat-blended-sv","8":"product_cat-whisky-sv","9":"pa_land-japan-sv","10":"pa_procent-43-sv","11":"pa_producent-hinotori-sv","12":"pa_volume-70-sv-2","14":"first","15":"outofstock","16":"taxable","17":"shipping-taxable","18":"purchasable","19":"product-type-simple"},"bundled_by":[],"bundle_stock_status":"outofstock","bundle_stock_quantity":null,"bundle_virtual":false,"bundle_layout":"","bundle_add_to_cart_form_location":"","bundle_editable_in_cart":false,"bundle_sold_individually_context":"","bundle_item_grouping":"","bundle_min_size":"","bundle_max_size":"","bundle_price":[],"bundled_items":[],"bundle_sell_ids":[],"acf":[],"_links":{"self":[{"href":"https:\/\/www.raschvin.com\/sv\/wp-json\/wp\/v2\/product\/17318","targetHints":{"allow":["GET"]}}],"collection":[{"href":"https:\/\/www.raschvin.com\/sv\/wp-json\/wp\/v2\/product"}],"about":[{"href":"https:\/\/www.raschvin.com\/sv\/wp-json\/wp\/v2\/types\/product"}],"wp:featuredmedia":[{"embeddable":true,"href":"https:\/\/www.raschvin.com\/sv\/wp-json\/wp\/v2\/media\/13502"}],"wp:attachment":[{"href":"https:\/\/www.raschvin.com\/sv\/wp-json\/wp\/v2\/media?parent=17318"}],"wp:term":[{"taxonomy":"product_brand","embeddable":true,"href":"https:\/\/www.raschvin.com\/sv\/wp-json\/wp\/v2\/product_brand?post=17318"},{"taxonomy":"product_cat","embeddable":true,"href":"https:\/\/www.raschvin.com\/sv\/wp-json\/wp\/v2\/product_cat?post=17318"},{"taxonomy":"product_tag","embeddable":true,"href":"https:\/\/www.raschvin.com\/sv\/wp-json\/wp\/v2\/product_tag?post=17318"}],"curies":[{"name":"wp","href":"https:\/\/api.w.org\/{rel}","templated":true}]}}