{"id":17317,"date":"2022-05-30T12:03:54","date_gmt":"2022-05-30T10:03:54","guid":{"rendered":"https:\/\/www.raschvin.com\/vare\/macallan-18-years-sherry-oak\/"},"modified":"2022-11-24T08:11:43","modified_gmt":"2022-11-24T07:11:43","slug":"macallan-18-years-sherry-oak__trashed","status":"publish","type":"product","link":"https:\/\/www.raschvin.com\/sv\/produkt\/macallan-18-years-sherry-oak__trashed\/","title":{"rendered":"Macallan &#8211; 18 Years Sherry Oak 2022 70 cl. 43%"},"content":{"rendered":"<p>Max 1 fl\/person<\/p>\n<p>Som en del av Macallans utm\u00e4rkta Sherry Oak-sortiment \u00e4r sl\u00e4ppet 2022 av dess enorma 18 \u00e5r gamla singelmalt! Efter \u00e5rlig tradition har detta uttryck mognat p\u00e5 ett antal handplockade sherry-korsade ekfat fr\u00e5n Jerez, och st\u00e5tar med all den ljuvligt fruktiga, kryddiga karakt\u00e4ren som g\u00f6r The Macallans whisky s\u00e5 speciell.<\/p>\n<p>N\u00e4sa: Torkad frukt och ingef\u00e4ra med inslag av vanilj och kanel.<\/p>\n<p>Smak: Mjuk och rik med inslag av kryddor, kryddnejlika, apelsin och rostad mogen ek.<\/p>\n<p>Avslutning: Dr\u00f6jer sig kvar med torkad frukt, ingef\u00e4ra och apelsinskal.<\/p>\n<p>Det kan vara sv\u00e5rt att f\u00f6rest\u00e4lla sig idag, men under stora delar av 1900-talet var Macallan fr\u00e4mst en komponent i malt i blandningar. Det var inte f\u00f6rr\u00e4n i marknadsnedg\u00e5ngen p\u00e5 1980-talet som destilleriet best\u00e4mde sig f\u00f6r att fokusera p\u00e5 sitt single malt-m\u00e4rke. Av en slump sammanf\u00f6ll detta med toppen av en v\u00e5g av entusiasm f\u00f6r de h\u00f6gkvalitativa utg\u00e5vorna som destilleriet hade licensierat till Campbell, Hope &amp; King och Gordon &amp; MacPhail p\u00e5 1960- och 1970-talen. Dessa \u00e4r fortfarande n\u00e5gra av de mest samlarobjekt p\u00e5 marknaden. Medan den globala singelmaltf\u00f6rs\u00e4ljningen fortfarande leds av Speyside-grannarna Glenfiddich och Glenlivet, \u00e4r Macallan l\u00e4tt den mest eftertraktade. Faktiskt s\u00e5 mycket att de var tvungna att \u00f6ppna ett helt nytt destilleri 2018, ett underjordiskt arkitektoniskt m\u00e4sterverk i Easter Elchie-g\u00e5rden, med 36 kopparpotter.<\/p>\n<p>Macallan vintageutg\u00e5vor producerade av Campbell, Hope &amp; King tenderade att vara i \u00e5ldern runt 15-\u00e5rsgr\u00e4nsen, men n\u00e4r Macallan tog \u00f6ver 1980 lekte de med n\u00e5gra sl\u00e4pp med mer avancerade 17- och 18-\u00e5rsklassificeringar. Den senare ans\u00e5gs vara den optimala mognaden och den officiella 18-\u00e5ringen lanserades 1984. Den \u00e4r nu en absolut klassiker i whiskyv\u00e4rlden.<\/p>\n<p>Den h\u00e4r versionen av 18-\u00e5ringen var den f\u00f6rsta att debutera med en ny f\u00f6rpackningsstil sedan 2006, n\u00e4r den l\u00e5ngvariga gl\u00e4nsande lila l\u00e5dan togs bort f\u00f6reg\u00e5ende \u00e5r. Detta ansl\u00f6t sig nu till det klassiska 12-\u00e5riga uttrycket som en del av Sherry Oak Cask-stammen i Macallans k\u00e4rnsortiment. Fr\u00e5n och med 2016 har Macallan 18-\u00e5ring valt att ange release\u00e5ret snarare \u00e4n \u00e5rg\u00e5ngen f\u00f6r whiskyn p\u00e5 etiketten.<\/p>\n","protected":false},"excerpt":{"rendered":"<p>Highland Single Malt Scotch Whisky<\/p>\n","protected":false},"featured_media":13492,"template":"","meta":{"_acf_changed":false,"rs_blank_template":"","rs_page_bg_color":"","slide_template_v7":""},"product_brand":[],"product_cat":[2387,4651,2392],"product_tag":[],"class_list":{"0":"post-17317","1":"product","2":"type-product","3":"status-publish","4":"has-post-thumbnail","6":"product_cat-avec-sv","7":"product_cat-single-malt-sv","8":"product_cat-whisky-sv","9":"pa_land-skottland","10":"pa_procent-43-sv","11":"pa_producent-macallan-sv","12":"pa_region-speyside-sv","13":"pa_traefad-sherry-sv","14":"pa_vintage-2022-sv","15":"pa_volume-70-sv-2","17":"first","18":"instock","19":"taxable","20":"shipping-taxable","21":"purchasable","22":"product-type-simple"},"bundled_by":[],"bundle_stock_status":"instock","bundle_stock_quantity":0,"bundle_virtual":false,"bundle_layout":"","bundle_add_to_cart_form_location":"","bundle_editable_in_cart":false,"bundle_sold_individually_context":"","bundle_item_grouping":"","bundle_min_size":"","bundle_max_size":"","bundle_price":[],"bundled_items":[],"bundle_sell_ids":[],"acf":[],"_links":{"self":[{"href":"https:\/\/www.raschvin.com\/sv\/wp-json\/wp\/v2\/product\/17317","targetHints":{"allow":["GET"]}}],"collection":[{"href":"https:\/\/www.raschvin.com\/sv\/wp-json\/wp\/v2\/product"}],"about":[{"href":"https:\/\/www.raschvin.com\/sv\/wp-json\/wp\/v2\/types\/product"}],"wp:featuredmedia":[{"embeddable":true,"href":"https:\/\/www.raschvin.com\/sv\/wp-json\/wp\/v2\/media\/13492"}],"wp:attachment":[{"href":"https:\/\/www.raschvin.com\/sv\/wp-json\/wp\/v2\/media?parent=17317"}],"wp:term":[{"taxonomy":"product_brand","embeddable":true,"href":"https:\/\/www.raschvin.com\/sv\/wp-json\/wp\/v2\/product_brand?post=17317"},{"taxonomy":"product_cat","embeddable":true,"href":"https:\/\/www.raschvin.com\/sv\/wp-json\/wp\/v2\/product_cat?post=17317"},{"taxonomy":"product_tag","embeddable":true,"href":"https:\/\/www.raschvin.com\/sv\/wp-json\/wp\/v2\/product_tag?post=17317"}],"curies":[{"name":"wp","href":"https:\/\/api.w.org\/{rel}","templated":true}]}}