{"id":17315,"date":"2022-05-30T12:03:54","date_gmt":"2022-05-30T10:03:54","guid":{"rendered":"https:\/\/www.raschvin.com\/vare\/hendricks-neptunia\/"},"modified":"2022-11-18T17:00:33","modified_gmt":"2022-11-18T16:00:33","slug":"hendricks-neptunia","status":"publish","type":"product","link":"https:\/\/www.raschvin.com\/sv\/produkt\/hendricks-neptunia\/","title":{"rendered":"Hendrick&#8217;s Neptunia 70 cl. 43,4%"},"content":{"rendered":"<p>Designad av den v\u00e4lrenommerade masters destilleri, Ms. Lesley Gracie, som var inspirerad av den h\u00e5rda skotska kusten n\u00e4ra Hendricks Girvan Distillery Kommande Hendricks Neptunia Gin. Upplev magens magi!<\/p>\n<p>Vad \u00e4r s\u00e5 annorlunda p\u00e5 Neptunia? Den kombinerar Hendricks signaturbas med en extra blandning av lokalt framst\u00e4llda kustv\u00e4xter och en skarp citrial finish. Med Rose, Gurka, 11 Botaniska + Sea Kelp, Kusttimme och Lime &#8211; Det blir till konsumentens \u00f6nskan att experimentera med nya produkter fr\u00e5n varum\u00e4rket vi alla vet och \u00e4lskar!<\/p>\n<p>Upplev magens magi med Hendricks Neptunia, inspirerad av den poetiska melodi av v\u00e5gor l\u00e4ngs den skotska kusten. UnmistAgrably Hendricks, men med en uppfriskande blandning av lokalt framst\u00e4llda kustv\u00e4xter, sl\u00e4t citrusf\u00e4rg och en touch av den avl\u00e4gsna havsbrisen.<\/p>\n<p>Smakprofil: Tillr\u00e4ckliga enskilda m\u00e4rken som str\u00e4cker sig med de djupa jordens anteckningar av lokalt framst\u00e4llda skotska botaniska \u00e4mnen vid havet, f\u00e4rska kustv\u00e4xter och en otvetydig skarp Citrus-slutf\u00f6rande. Upplev magens magi med Hendrick&#8217;s Neptunia!<\/p>\n","protected":false},"excerpt":{"rendered":"<p>Premium Botanical Gin<\/p>\n","protected":false},"featured_media":13475,"template":"","meta":{"_acf_changed":false,"rs_blank_template":"","rs_page_bg_color":"","slide_template_v7":""},"product_brand":[],"product_cat":[4711,2404,2402],"product_tag":[],"class_list":{"0":"post-17315","1":"product","2":"type-product","3":"status-publish","4":"has-post-thumbnail","6":"product_cat-andra-gins","7":"product_cat-gin-sv","8":"product_cat-sprit-sv","9":"pa_land-skottland","10":"pa_procent-43-4-sv","11":"pa_producent-girvan-distillery-sv","12":"pa_volume-70-sv-2","14":"first","15":"instock","16":"taxable","17":"shipping-taxable","18":"purchasable","19":"product-type-simple"},"bundled_by":[],"bundle_stock_status":"instock","bundle_stock_quantity":null,"bundle_virtual":false,"bundle_layout":"","bundle_add_to_cart_form_location":"","bundle_editable_in_cart":false,"bundle_sold_individually_context":"","bundle_item_grouping":"","bundle_min_size":"","bundle_max_size":"","bundle_price":[],"bundled_items":[],"bundle_sell_ids":[],"acf":[],"_links":{"self":[{"href":"https:\/\/www.raschvin.com\/sv\/wp-json\/wp\/v2\/product\/17315","targetHints":{"allow":["GET"]}}],"collection":[{"href":"https:\/\/www.raschvin.com\/sv\/wp-json\/wp\/v2\/product"}],"about":[{"href":"https:\/\/www.raschvin.com\/sv\/wp-json\/wp\/v2\/types\/product"}],"wp:featuredmedia":[{"embeddable":true,"href":"https:\/\/www.raschvin.com\/sv\/wp-json\/wp\/v2\/media\/13475"}],"wp:attachment":[{"href":"https:\/\/www.raschvin.com\/sv\/wp-json\/wp\/v2\/media?parent=17315"}],"wp:term":[{"taxonomy":"product_brand","embeddable":true,"href":"https:\/\/www.raschvin.com\/sv\/wp-json\/wp\/v2\/product_brand?post=17315"},{"taxonomy":"product_cat","embeddable":true,"href":"https:\/\/www.raschvin.com\/sv\/wp-json\/wp\/v2\/product_cat?post=17315"},{"taxonomy":"product_tag","embeddable":true,"href":"https:\/\/www.raschvin.com\/sv\/wp-json\/wp\/v2\/product_tag?post=17315"}],"curies":[{"name":"wp","href":"https:\/\/api.w.org\/{rel}","templated":true}]}}